{"id":9988,"date":"2025-11-27T23:04:48","date_gmt":"2025-11-27T23:04:48","guid":{"rendered":"https:\/\/k-beautyci.com\/?post_type=product&#038;p=9988"},"modified":"2026-02-02T19:33:44","modified_gmt":"2026-02-02T19:33:44","slug":"heveblue-salmon-caring-centella-ampoule","status":"publish","type":"product","link":"https:\/\/k-beautyci.com\/fr\/produit\/heveblue-salmon-caring-centella-ampoule\/","title":{"rendered":"HEVEBLUE Salmon Caring Centella Ampoule"},"content":{"rendered":"<p><b>Comment l'utiliser :<\/b><\/p>\n<p>Apr\u00e8s avoir tonifi\u00e9 votre peau, appliquez une quantit\u00e9 appropri\u00e9e sur la peau et tapotez doucement pour faciliter l'absorption.<\/p>\n<p>Avertissement : Pour usage externe uniquement. Toujours effectuer un test \u00e9picutan\u00e9. Cessez d'utiliser le produit si vous ressentez une quelconque g\u00eane. Suivre les instructions suppl\u00e9mentaires figurant sur l'emballage. Les r\u00e9sultats individuels peuvent varier.<\/p>","protected":false},"excerpt":{"rendered":"<p>Cette ampoule nourrissante est formul\u00e9e \u00e0 base de PDRN de saumon, d'eau de feuilles de centella et d'un ingr\u00e9dient brevet\u00e9, l'EFFIPULP\u00ae, afin de booster le niveau d'hydratation de la peau et de favoriser la r\u00e9g\u00e9n\u00e9ration cellulaire. L'extrait de Portulaca oleracea prot\u00e8ge la peau des agressions ext\u00e9rieures, tandis que les acides hyaluroniques apportent une hydratation suppl\u00e9mentaire pour une peau repulp\u00e9e et souple. L'ampoule convient \u00e0 tous les types de peau, y compris les peaux sensibles.<\/p>","protected":false},"featured_media":9989,"comment_status":"open","ping_status":"closed","template":"","meta":{"om_disable_all_campaigns":false},"product_brand":[],"product_cat":[88,31,252,69],"product_tag":[],"class_list":{"0":"post-9988","1":"product","2":"type-product","3":"status-publish","4":"has-post-thumbnail","6":"product_cat-centella","7":"product_cat-face-serums","8":"product_cat-heveblue","9":"product_cat-hyaluronic-acid","11":"first","12":"outofstock","13":"shipping-taxable","14":"purchasable","15":"product-type-simple"},"aioseo_notices":[],"jetpack_sharing_enabled":true,"_links":{"self":[{"href":"https:\/\/k-beautyci.com\/fr\/wp-json\/wp\/v2\/product\/9988","targetHints":{"allow":["GET"]}}],"collection":[{"href":"https:\/\/k-beautyci.com\/fr\/wp-json\/wp\/v2\/product"}],"about":[{"href":"https:\/\/k-beautyci.com\/fr\/wp-json\/wp\/v2\/types\/product"}],"replies":[{"embeddable":true,"href":"https:\/\/k-beautyci.com\/fr\/wp-json\/wp\/v2\/comments?post=9988"}],"wp:featuredmedia":[{"embeddable":true,"href":"https:\/\/k-beautyci.com\/fr\/wp-json\/wp\/v2\/media\/9989"}],"wp:attachment":[{"href":"https:\/\/k-beautyci.com\/fr\/wp-json\/wp\/v2\/media?parent=9988"}],"wp:term":[{"taxonomy":"product_brand","embeddable":true,"href":"https:\/\/k-beautyci.com\/fr\/wp-json\/wp\/v2\/product_brand?post=9988"},{"taxonomy":"product_cat","embeddable":true,"href":"https:\/\/k-beautyci.com\/fr\/wp-json\/wp\/v2\/product_cat?post=9988"},{"taxonomy":"product_tag","embeddable":true,"href":"https:\/\/k-beautyci.com\/fr\/wp-json\/wp\/v2\/product_tag?post=9988"}],"curies":[{"name":"wp","href":"https:\/\/api.w.org\/{rel}","templated":true}]}}