{"id":9972,"date":"2025-11-27T23:02:18","date_gmt":"2025-11-27T23:02:18","guid":{"rendered":"https:\/\/k-beautyci.com\/?post_type=product&#038;p=9972"},"modified":"2026-03-22T22:30:50","modified_gmt":"2026-03-22T22:30:50","slug":"dr-althea-345-relief-cream-mask","status":"publish","type":"product","link":"https:\/\/k-beautyci.com\/fr\/produit\/dr-althea-345-relief-cream-mask\/","title":{"rendered":"Dr. Althea 345 Relief Cream Mask"},"content":{"rendered":"<p><b>Comment l'utiliser :<\/b><\/p>\n<p>Apr\u00e8s avoir nettoy\u00e9 et tonifi\u00e9 votre peau, appliquez d\u00e9licatement le masque en tissu sur l'ensemble du visage, en \u00e9vitant le contour des yeux et de la bouche. Laissez agir pendant 10 \u00e0 20 minutes, retirez le masque, puis tapotez d\u00e9licatement votre peau pour faire p\u00e9n\u00e9trer l'essence restante.<\/p>\n<p>Avertissement : Pour usage externe uniquement. Toujours effectuer un test \u00e9picutan\u00e9. Cessez d'utiliser le produit si vous ressentez une quelconque g\u00eane. Suivre les instructions suppl\u00e9mentaires figurant sur l'emballage. Les r\u00e9sultats individuels peuvent varier.<\/p>","protected":false},"excerpt":{"rendered":"<p>Un masque con\u00e7u pour apaiser instantan\u00e9ment les peaux irrit\u00e9es et les r\u00e9hydrater afin de leur redonner un aspect plus clair et plus sain. Enrichi en c\u00e9ramide NP, en acide hyaluronique hydrolys\u00e9 et en ADN sodique, il hydrate imm\u00e9diatement et nourrit intens\u00e9ment les peaux ternes. Il contient de l'eau de feuille de centella asiatica, de l'eau de feuille d'arbre \u00e0 th\u00e9 et d'autres ingr\u00e9dients apaisants qui aident \u00e0 soulager les rougeurs et les irritations cutan\u00e9es caus\u00e9es par les agressions ext\u00e9rieures.<\/p>","protected":false},"featured_media":9978,"comment_status":"open","ping_status":"closed","template":"","meta":{"om_disable_all_campaigns":false},"product_brand":[],"product_cat":[88,148,207,62,69,223],"product_tag":[],"class_list":{"0":"post-9972","1":"product","2":"type-product","3":"status-publish","4":"has-post-thumbnail","6":"product_cat-centella","7":"product_cat-ceramide","8":"product_cat-dr-althea","9":"product_cat-face-masks","10":"product_cat-hyaluronic-acid","11":"product_cat-panthenol","13":"first","14":"instock","15":"shipping-taxable","16":"purchasable","17":"product-type-simple"},"aioseo_notices":[],"jetpack_sharing_enabled":true,"_links":{"self":[{"href":"https:\/\/k-beautyci.com\/fr\/wp-json\/wp\/v2\/product\/9972","targetHints":{"allow":["GET"]}}],"collection":[{"href":"https:\/\/k-beautyci.com\/fr\/wp-json\/wp\/v2\/product"}],"about":[{"href":"https:\/\/k-beautyci.com\/fr\/wp-json\/wp\/v2\/types\/product"}],"replies":[{"embeddable":true,"href":"https:\/\/k-beautyci.com\/fr\/wp-json\/wp\/v2\/comments?post=9972"}],"wp:featuredmedia":[{"embeddable":true,"href":"https:\/\/k-beautyci.com\/fr\/wp-json\/wp\/v2\/media\/9978"}],"wp:attachment":[{"href":"https:\/\/k-beautyci.com\/fr\/wp-json\/wp\/v2\/media?parent=9972"}],"wp:term":[{"taxonomy":"product_brand","embeddable":true,"href":"https:\/\/k-beautyci.com\/fr\/wp-json\/wp\/v2\/product_brand?post=9972"},{"taxonomy":"product_cat","embeddable":true,"href":"https:\/\/k-beautyci.com\/fr\/wp-json\/wp\/v2\/product_cat?post=9972"},{"taxonomy":"product_tag","embeddable":true,"href":"https:\/\/k-beautyci.com\/fr\/wp-json\/wp\/v2\/product_tag?post=9972"}],"curies":[{"name":"wp","href":"https:\/\/api.w.org\/{rel}","templated":true}]}}