{"id":9964,"date":"2025-11-27T23:03:55","date_gmt":"2025-11-27T23:03:55","guid":{"rendered":"https:\/\/k-beautyci.com\/?post_type=product&#038;p=9964"},"modified":"2026-03-24T13:40:20","modified_gmt":"2026-03-24T13:40:20","slug":"dr-althea-aqua-marine-watery-cream","status":"publish","type":"product","link":"https:\/\/k-beautyci.com\/fr\/produit\/dr-althea-aqua-marine-watery-cream\/","title":{"rendered":"Dr. Althea Aqua Marine Watery Cream"},"content":{"rendered":"<p>Comment l'utiliser :<\/p>\n<p>A utiliser en derni\u00e8re \u00e9tape du soin de la peau. Appliquer uniform\u00e9ment une quantit\u00e9 appropri\u00e9e de cr\u00e8me sur le visage et tapoter doucement pour une meilleure absorption.<\/p>\n<p>Avertissement : Pour usage externe uniquement. Toujours effectuer un test \u00e9picutan\u00e9. Cessez d'utiliser le produit si vous ressentez une quelconque g\u00eane. Suivre les instructions suppl\u00e9mentaires figurant sur l'emballage. Les r\u00e9sultats individuels peuvent varier.<\/p>\n<p>&nbsp;<\/p>","protected":false},"excerpt":{"rendered":"<p>Comme son nom l'indique, la cr\u00e8me Aqua Marine Watery Cream du Dr Althea se caract\u00e9rise par une texture l\u00e9g\u00e8re et hydratante qui r\u00e9tablit instantan\u00e9ment l'hydratation des peaux s\u00e8ches. Ses ingr\u00e9dients phares, le guaiazul\u00e8ne et l'eau de bambou, adoucissent et apaisent la peau. L'acide hyaluronique et le panth\u00e9nol prennent soin de votre peau gr\u00e2ce \u00e0 leurs propri\u00e9t\u00e9s protectrices.<\/p>\n<p>&nbsp;<\/p>\n<p>Le saviez-vous ? Le guaiazul\u00e8ne est \u00e9galement l'ingr\u00e9dient vedette de la cr\u00e8me protectrice 147 Barrier Cream du Dr Althea, un hydratant qui apaise les peaux irrit\u00e9es et r\u00e9pare la barri\u00e8re cutan\u00e9e.<\/p>","protected":false},"featured_media":9970,"comment_status":"open","ping_status":"closed","template":"","meta":{"om_disable_all_campaigns":false},"product_brand":[],"product_cat":[207,42,26,69,223],"product_tag":[],"class_list":{"0":"post-9964","1":"product","2":"type-product","3":"status-publish","4":"has-post-thumbnail","6":"product_cat-dr-althea","7":"product_cat-dry-skin","8":"product_cat-face-moisturizer","9":"product_cat-hyaluronic-acid","10":"product_cat-panthenol","12":"first","13":"outofstock","14":"sale","15":"shipping-taxable","16":"purchasable","17":"product-type-simple"},"aioseo_notices":[],"jetpack_sharing_enabled":true,"_links":{"self":[{"href":"https:\/\/k-beautyci.com\/fr\/wp-json\/wp\/v2\/product\/9964","targetHints":{"allow":["GET"]}}],"collection":[{"href":"https:\/\/k-beautyci.com\/fr\/wp-json\/wp\/v2\/product"}],"about":[{"href":"https:\/\/k-beautyci.com\/fr\/wp-json\/wp\/v2\/types\/product"}],"replies":[{"embeddable":true,"href":"https:\/\/k-beautyci.com\/fr\/wp-json\/wp\/v2\/comments?post=9964"}],"wp:featuredmedia":[{"embeddable":true,"href":"https:\/\/k-beautyci.com\/fr\/wp-json\/wp\/v2\/media\/9970"}],"wp:attachment":[{"href":"https:\/\/k-beautyci.com\/fr\/wp-json\/wp\/v2\/media?parent=9964"}],"wp:term":[{"taxonomy":"product_brand","embeddable":true,"href":"https:\/\/k-beautyci.com\/fr\/wp-json\/wp\/v2\/product_brand?post=9964"},{"taxonomy":"product_cat","embeddable":true,"href":"https:\/\/k-beautyci.com\/fr\/wp-json\/wp\/v2\/product_cat?post=9964"},{"taxonomy":"product_tag","embeddable":true,"href":"https:\/\/k-beautyci.com\/fr\/wp-json\/wp\/v2\/product_tag?post=9964"}],"curies":[{"name":"wp","href":"https:\/\/api.w.org\/{rel}","templated":true}]}}