{"id":9957,"date":"2025-11-27T23:00:29","date_gmt":"2025-11-27T23:00:29","guid":{"rendered":"https:\/\/k-beautyci.com\/?post_type=product&#038;p=9957"},"modified":"2025-11-27T23:00:31","modified_gmt":"2025-11-27T23:00:31","slug":"dr-althea-0-1-gentle-retinol-serum","status":"publish","type":"product","link":"https:\/\/k-beautyci.com\/fr\/produit\/dr-althea-0-1-gentle-retinol-serum\/","title":{"rendered":"Dr. Althea 0.1% Gentle Retinol Serum"},"content":{"rendered":"<p>Comment l'utiliser :<\/p>\n<p>Apr\u00e8s avoir tonifi\u00e9 votre peau, appliquez 1 \u00e0 2 pompes uniform\u00e9ment sur le visage, le cou et les zones pr\u00e9sentant des rides, tous les deux soirs pendant les deux premi\u00e8res semaines. Apr\u00e8s trois semaines, passez \u00e0 3 \u00e0 4 pompes tous les soirs, ou selon votre tol\u00e9rance.<\/p>\n<p>Si vous avez la peau sensible ou si vous n'avez jamais utilis\u00e9 de produits \u00e0 base de vitamine A, nous vous recommandons d'ajuster la quantit\u00e9 ou la fr\u00e9quence. Lorsque vous utilisez ce produit pour la premi\u00e8re fois, appliquez une petite quantit\u00e9 sur votre peau et surveillez les r\u00e9actions \u00e9ventuelles. Augmentez lentement la quantit\u00e9 utilis\u00e9e jusqu'\u00e0 ce que vous trouviez l'\u00e9quilibre appropri\u00e9 pour votre peau.<\/p>\n<p>Pour usage externe uniquement. Toujours effectuer un test cutan\u00e9. Utiliser uniquement selon les instructions. Ne pas utiliser sur une peau ab\u00eem\u00e9e. \u00c9viter l'utilisation pendant la grossesse ou l'allaitement. \u00c9viter l'utilisation imm\u00e9diatement apr\u00e8s une exfoliation. \u00c9vitez de l'utiliser en association avec de la vitamine C ou des produits acides. En cas d'irritation cutan\u00e9e lors de l'utilisation de ce produit, r\u00e9duisez la quantit\u00e9 ou la fr\u00e9quence d'utilisation et cessez l'utilisation si l'irritation persiste. Suivez les instructions suppl\u00e9mentaires figurant sur l'emballage. Il est recommand\u00e9, avant toute exposition au soleil, de couvrir les zones o\u00f9 des r\u00e9tino\u00efdes ont \u00e9t\u00e9 appliqu\u00e9s avec un \u00e9cran solaire. Les r\u00e9sultats peuvent varier d'une personne \u00e0 l'autre.<\/p>","protected":false},"excerpt":{"rendered":"<p>Le s\u00e9rum doux au r\u00e9tinol 0,1 % du Dr Althea a une formule l\u00e9g\u00e8re semblable \u00e0 un gel qui p\u00e9n\u00e8tre rapidement sans laisser de r\u00e9sidus collants. Enrichi en panth\u00e9nol, en huile de soja et en jus de betula alba, il am\u00e9liore l'\u00e9lasticit\u00e9 et la fermet\u00e9 de la peau pour un teint \u00e9clatant et r\u00e9sistant.<\/p>","protected":false},"featured_media":9963,"comment_status":"open","ping_status":"closed","template":"","meta":{"om_disable_all_campaigns":false},"product_brand":[],"product_cat":[57,207,31,223,68],"product_tag":[],"class_list":{"0":"post-9957","1":"product","2":"type-product","3":"status-publish","4":"has-post-thumbnail","6":"product_cat-anti-aging","7":"product_cat-dr-althea","8":"product_cat-face-serums","9":"product_cat-panthenol","10":"product_cat-retinol","12":"first","13":"instock","14":"shipping-taxable","15":"purchasable","16":"product-type-simple"},"aioseo_notices":[],"jetpack_sharing_enabled":true,"_links":{"self":[{"href":"https:\/\/k-beautyci.com\/fr\/wp-json\/wp\/v2\/product\/9957","targetHints":{"allow":["GET"]}}],"collection":[{"href":"https:\/\/k-beautyci.com\/fr\/wp-json\/wp\/v2\/product"}],"about":[{"href":"https:\/\/k-beautyci.com\/fr\/wp-json\/wp\/v2\/types\/product"}],"replies":[{"embeddable":true,"href":"https:\/\/k-beautyci.com\/fr\/wp-json\/wp\/v2\/comments?post=9957"}],"wp:featuredmedia":[{"embeddable":true,"href":"https:\/\/k-beautyci.com\/fr\/wp-json\/wp\/v2\/media\/9963"}],"wp:attachment":[{"href":"https:\/\/k-beautyci.com\/fr\/wp-json\/wp\/v2\/media?parent=9957"}],"wp:term":[{"taxonomy":"product_brand","embeddable":true,"href":"https:\/\/k-beautyci.com\/fr\/wp-json\/wp\/v2\/product_brand?post=9957"},{"taxonomy":"product_cat","embeddable":true,"href":"https:\/\/k-beautyci.com\/fr\/wp-json\/wp\/v2\/product_cat?post=9957"},{"taxonomy":"product_tag","embeddable":true,"href":"https:\/\/k-beautyci.com\/fr\/wp-json\/wp\/v2\/product_tag?post=9957"}],"curies":[{"name":"wp","href":"https:\/\/api.w.org\/{rel}","templated":true}]}}