{"id":9950,"date":"2025-11-27T22:59:32","date_gmt":"2025-11-27T22:59:32","guid":{"rendered":"https:\/\/k-beautyci.com\/?post_type=product&#038;p=9950"},"modified":"2026-01-30T19:55:54","modified_gmt":"2026-01-30T19:55:54","slug":"delphyr-deep-relief-capsule-cream","status":"publish","type":"product","link":"https:\/\/k-beautyci.com\/fr\/produit\/delphyr-deep-relief-capsule-cream\/","title":{"rendered":"delphyr Deep Relief Capsule Cream"},"content":{"rendered":"<p><b>Comment l'utiliser :<\/b><\/p>\n<p>M\u00e9langez la capsule violette avec le gel transparent et appliquez d\u00e9licatement le m\u00e9lange sur la peau \u00e0 la derni\u00e8re \u00e9tape de votre routine de soins.<\/p>\n<div class=\"description-item active\">\n<div class=\"body\">\n<p>Avertissement : Pour usage externe uniquement. Toujours effectuer un test \u00e9picutan\u00e9. Cessez d'utiliser le produit si vous ressentez une quelconque g\u00eane. Suivre les instructions suppl\u00e9mentaires figurant sur l'emballage. Les r\u00e9sultats individuels peuvent varier.<\/p>\n<\/div>\n<\/div>\n<div class=\"description-item\">\n<h2 class=\"title\"><\/h2>\n<\/div>","protected":false},"excerpt":{"rendered":"<p>Cette cr\u00e8me en capsules teint\u00e9e de violet apaise et hydrate la peau tout en r\u00e9gulant la production de s\u00e9bum gr\u00e2ce \u00e0 une formule concentr\u00e9e en bakuchiol et en capsules de c\u00e9ramides. Le panth\u00e9nol et la niacinamide apportent des bienfaits hydratants et \u00e9claircissants suppl\u00e9mentaires. Sans parfums synth\u00e9tiques ni colorants artificiels, cette formule douce convient \u00e0 tous les types de peau, y compris les peaux sensibles. Adaptez le rapport capsules\/gel en fonction de votre type de peau : utilisez un rapport 2:1 pour les peaux grasses, 1:2 pour les peaux s\u00e8ches et 1:1 pour les peaux normales.<\/p>","protected":false},"featured_media":9951,"comment_status":"open","ping_status":"closed","template":"","meta":{"om_disable_all_campaigns":false},"product_brand":[],"product_cat":[57,235,148,52,259,26,74,223],"product_tag":[],"class_list":{"0":"post-9950","1":"product","2":"type-product","3":"status-publish","4":"has-post-thumbnail","6":"product_cat-anti-aging","7":"product_cat-bakuchiol-by-ingredient","8":"product_cat-ceramide","9":"product_cat-dark-spots","10":"product_cat-delphyr","11":"product_cat-face-moisturizer","12":"product_cat-niacinamide","13":"product_cat-panthenol","15":"first","16":"instock","17":"shipping-taxable","18":"purchasable","19":"product-type-simple"},"aioseo_notices":[],"jetpack_sharing_enabled":true,"_links":{"self":[{"href":"https:\/\/k-beautyci.com\/fr\/wp-json\/wp\/v2\/product\/9950","targetHints":{"allow":["GET"]}}],"collection":[{"href":"https:\/\/k-beautyci.com\/fr\/wp-json\/wp\/v2\/product"}],"about":[{"href":"https:\/\/k-beautyci.com\/fr\/wp-json\/wp\/v2\/types\/product"}],"replies":[{"embeddable":true,"href":"https:\/\/k-beautyci.com\/fr\/wp-json\/wp\/v2\/comments?post=9950"}],"wp:featuredmedia":[{"embeddable":true,"href":"https:\/\/k-beautyci.com\/fr\/wp-json\/wp\/v2\/media\/9951"}],"wp:attachment":[{"href":"https:\/\/k-beautyci.com\/fr\/wp-json\/wp\/v2\/media?parent=9950"}],"wp:term":[{"taxonomy":"product_brand","embeddable":true,"href":"https:\/\/k-beautyci.com\/fr\/wp-json\/wp\/v2\/product_brand?post=9950"},{"taxonomy":"product_cat","embeddable":true,"href":"https:\/\/k-beautyci.com\/fr\/wp-json\/wp\/v2\/product_cat?post=9950"},{"taxonomy":"product_tag","embeddable":true,"href":"https:\/\/k-beautyci.com\/fr\/wp-json\/wp\/v2\/product_tag?post=9950"}],"curies":[{"name":"wp","href":"https:\/\/api.w.org\/{rel}","templated":true}]}}