{"id":9942,"date":"2025-11-27T22:41:37","date_gmt":"2025-11-27T22:41:37","guid":{"rendered":"https:\/\/k-beautyci.com\/?post_type=product&#038;p=9942"},"modified":"2026-04-17T23:06:53","modified_gmt":"2026-04-17T23:06:53","slug":"celimax-pore-dark-spot-brightening-pad","status":"publish","type":"product","link":"https:\/\/k-beautyci.com\/fr\/produit\/celimax-pore-dark-spot-brightening-pad\/","title":{"rendered":"celimax Pore + Dark Spot Brightening Pad"},"content":{"rendered":"<p>Comment l'utiliser :<\/p>\n<p>Apr\u00e8s avoir nettoy\u00e9 votre peau, utilisez un coton pour essuyer d\u00e9licatement le long du grain de peau. Pour obtenir un effet masque, laissez agir sur les zones souhait\u00e9es pendant 3 \u00e0 5 minutes. Tapotez d\u00e9licatement le reste de l'essence pour faciliter son absorption.<\/p>\n<p>Avertissement : Pour usage externe uniquement. Toujours effectuer un test \u00e9picutan\u00e9. Cessez d'utiliser le produit si vous ressentez une quelconque g\u00eane. Suivre les instructions suppl\u00e9mentaires figurant sur l'emballage. Les r\u00e9sultats individuels peuvent varier.<\/p>","protected":false},"excerpt":{"rendered":"<p>Redonnez vie \u00e0 votre peau terne et fatigu\u00e9e gr\u00e2ce au tampon \u00e9claircissant pour pores et taches brunes de Celimax. La niacinamide, l'acide tranexamique et le Melazero V2 brevet\u00e9 (contenant de l'extrait de feuille de loquat, de l'extrait de menthe verte et du propanediol) agissent ensemble pour att\u00e9nuer l'hyperpigmentation et \u00e9claircir le teint. Les AHA, BHA et PHA d\u00e9riv\u00e9s d'extraits de fruits exfolient en douceur, tandis que huit types d'acide hyaluronique restaurent l'hydratation de la peau. Pour les soins quotidiens, passez le tampon tonique sur la peau nettoy\u00e9e. Pour un traitement plus profond, laissez le tampon sur les zones \u00e0 probl\u00e8mes pendant trois \u00e0 cinq minutes.<\/p>","protected":false},"featured_media":9943,"comment_status":"open","ping_status":"closed","template":"","meta":{"om_disable_all_campaigns":false},"product_brand":[],"product_cat":[60,78,209,52,39,74,224,243],"product_tag":[],"class_list":{"0":"post-9942","1":"product","2":"type-product","3":"status-publish","4":"has-post-thumbnail","6":"product_cat-acne","7":"product_cat-aha-bha","8":"product_cat-celimax","9":"product_cat-dark-spots","10":"product_cat-face-toners","11":"product_cat-niacinamide","12":"product_cat-toner-pads","13":"product_cat-tranxemic-acid-txa","15":"first","16":"outofstock","17":"sale","18":"shipping-taxable","19":"purchasable","20":"product-type-simple"},"aioseo_notices":[],"jetpack_sharing_enabled":true,"_links":{"self":[{"href":"https:\/\/k-beautyci.com\/fr\/wp-json\/wp\/v2\/product\/9942","targetHints":{"allow":["GET"]}}],"collection":[{"href":"https:\/\/k-beautyci.com\/fr\/wp-json\/wp\/v2\/product"}],"about":[{"href":"https:\/\/k-beautyci.com\/fr\/wp-json\/wp\/v2\/types\/product"}],"replies":[{"embeddable":true,"href":"https:\/\/k-beautyci.com\/fr\/wp-json\/wp\/v2\/comments?post=9942"}],"wp:featuredmedia":[{"embeddable":true,"href":"https:\/\/k-beautyci.com\/fr\/wp-json\/wp\/v2\/media\/9943"}],"wp:attachment":[{"href":"https:\/\/k-beautyci.com\/fr\/wp-json\/wp\/v2\/media?parent=9942"}],"wp:term":[{"taxonomy":"product_brand","embeddable":true,"href":"https:\/\/k-beautyci.com\/fr\/wp-json\/wp\/v2\/product_brand?post=9942"},{"taxonomy":"product_cat","embeddable":true,"href":"https:\/\/k-beautyci.com\/fr\/wp-json\/wp\/v2\/product_cat?post=9942"},{"taxonomy":"product_tag","embeddable":true,"href":"https:\/\/k-beautyci.com\/fr\/wp-json\/wp\/v2\/product_tag?post=9942"}],"curies":[{"name":"wp","href":"https:\/\/api.w.org\/{rel}","templated":true}]}}