{"id":9938,"date":"2025-11-27T22:58:14","date_gmt":"2025-11-27T22:58:14","guid":{"rendered":"https:\/\/k-beautyci.com\/?post_type=product&#038;p=9938"},"modified":"2026-01-30T19:58:54","modified_gmt":"2026-01-30T19:58:54","slug":"celimax-jiwoogae-one-step-body-brightening-pad","status":"publish","type":"product","link":"https:\/\/k-beautyci.com\/fr\/produit\/celimax-jiwoogae-one-step-body-brightening-pad\/","title":{"rendered":"celimax Jiwoogae One Step Body Brightening Pad"},"content":{"rendered":"<p>Comment l'utiliser :<\/p>\n<p>Essuyez d\u00e9licatement les zones souhait\u00e9es pour tonifier et \u00e9liminer les impuret\u00e9s. Tapotez l\u00e9g\u00e8rement pour faciliter l'absorption.<\/p>\n<p>Avertissement : Pour usage externe uniquement. Toujours effectuer un test \u00e9picutan\u00e9. Cessez d'utiliser le produit si vous ressentez une quelconque g\u00eane. Suivre les instructions suppl\u00e9mentaires figurant sur l'emballage. Les r\u00e9sultats individuels peuvent varier.<\/p>","protected":false},"excerpt":{"rendered":"<p>Ces cotons sont impr\u00e9gn\u00e9s de PHA pour exfolier en douceur les cellules mortes et les impuret\u00e9s, ainsi que d'ingr\u00e9dients \u00e9claircissants tels que la truffe blanche et le th\u00e9 vert pour apaiser la peau et lui redonner progressivement un \u00e9clat sain ! Recommand\u00e9 pour une utilisation sur les genoux, les coudes et les aisselles, o\u00f9 la peau est la plus sujette \u00e0 la pigmentation.<\/p>","protected":false},"featured_media":9940,"comment_status":"open","ping_status":"closed","template":"","meta":{"om_disable_all_campaigns":false},"product_brand":[],"product_cat":[78,209,52,61,39,224],"product_tag":[],"class_list":{"0":"post-9938","1":"product","2":"type-product","3":"status-publish","4":"has-post-thumbnail","6":"product_cat-aha-bha","7":"product_cat-celimax","8":"product_cat-dark-spots","9":"product_cat-face-exfoliator-peels-scrubs","10":"product_cat-face-toners","11":"product_cat-toner-pads","13":"first","14":"instock","15":"sale","16":"shipping-taxable","17":"purchasable","18":"product-type-simple"},"aioseo_notices":[],"jetpack_sharing_enabled":true,"_links":{"self":[{"href":"https:\/\/k-beautyci.com\/fr\/wp-json\/wp\/v2\/product\/9938","targetHints":{"allow":["GET"]}}],"collection":[{"href":"https:\/\/k-beautyci.com\/fr\/wp-json\/wp\/v2\/product"}],"about":[{"href":"https:\/\/k-beautyci.com\/fr\/wp-json\/wp\/v2\/types\/product"}],"replies":[{"embeddable":true,"href":"https:\/\/k-beautyci.com\/fr\/wp-json\/wp\/v2\/comments?post=9938"}],"wp:featuredmedia":[{"embeddable":true,"href":"https:\/\/k-beautyci.com\/fr\/wp-json\/wp\/v2\/media\/9940"}],"wp:attachment":[{"href":"https:\/\/k-beautyci.com\/fr\/wp-json\/wp\/v2\/media?parent=9938"}],"wp:term":[{"taxonomy":"product_brand","embeddable":true,"href":"https:\/\/k-beautyci.com\/fr\/wp-json\/wp\/v2\/product_brand?post=9938"},{"taxonomy":"product_cat","embeddable":true,"href":"https:\/\/k-beautyci.com\/fr\/wp-json\/wp\/v2\/product_cat?post=9938"},{"taxonomy":"product_tag","embeddable":true,"href":"https:\/\/k-beautyci.com\/fr\/wp-json\/wp\/v2\/product_tag?post=9938"}],"curies":[{"name":"wp","href":"https:\/\/api.w.org\/{rel}","templated":true}]}}