{"id":9933,"date":"2025-11-27T22:40:26","date_gmt":"2025-11-27T22:40:26","guid":{"rendered":"https:\/\/k-beautyci.com\/?post_type=product&#038;p=9933"},"modified":"2026-03-29T23:30:40","modified_gmt":"2026-03-29T23:30:40","slug":"celimax-derma-nature-glutathione-longlasting-tone-up-cream","status":"publish","type":"product","link":"https:\/\/k-beautyci.com\/fr\/produit\/celimax-derma-nature-glutathione-longlasting-tone-up-cream\/","title":{"rendered":"celimax Derma Nature Glutathione Longlasting Tone-up Cream"},"content":{"rendered":"<p>Comment l'utiliser :<\/p>\n<p>Appliquez une quantit\u00e9 mod\u00e9r\u00e9e sur le visage avec les mains propres. Massez d\u00e9licatement et tapotez pour favoriser l'absorption.<\/p>\n<p>Avertissement : Pour usage externe uniquement. Toujours effectuer un test \u00e9picutan\u00e9. Cessez d'utiliser le produit si vous ressentez une quelconque g\u00eane. Suivre les instructions suppl\u00e9mentaires figurant sur l'emballage. Les r\u00e9sultats individuels peuvent varier.<\/p>","protected":false},"excerpt":{"rendered":"<p>Redonnez de l'\u00e9clat \u00e0 votre teint terne gr\u00e2ce \u00e0 cette cr\u00e8me tonifiante qui offre des effets \u00e9claircissants longue dur\u00e9e. La niacinamide et l'extrait de racine de r\u00e9glisse aident \u00e0 uniformiser le teint, tandis que la racine de ginseng, la centella asiatica, les extraits de riz ferment\u00e9 et l'huile d'argan nourrissent et repulpent la peau. La formule douce et onctueuse adh\u00e8re bien \u00e0 la peau sans laisser de traces blanches.<\/p>","protected":false},"featured_media":9935,"comment_status":"open","ping_status":"closed","template":"","meta":{"om_disable_all_campaigns":false},"product_brand":[],"product_cat":[209,88,52,26,257,74],"product_tag":[],"class_list":{"0":"post-9933","1":"product","2":"type-product","3":"status-publish","4":"has-post-thumbnail","6":"product_cat-celimax","7":"product_cat-centella","8":"product_cat-dark-spots","9":"product_cat-face-moisturizer","10":"product_cat-glutathione","11":"product_cat-niacinamide","13":"first","14":"instock","15":"shipping-taxable","16":"purchasable","17":"product-type-simple"},"aioseo_notices":[],"jetpack_sharing_enabled":true,"_links":{"self":[{"href":"https:\/\/k-beautyci.com\/fr\/wp-json\/wp\/v2\/product\/9933","targetHints":{"allow":["GET"]}}],"collection":[{"href":"https:\/\/k-beautyci.com\/fr\/wp-json\/wp\/v2\/product"}],"about":[{"href":"https:\/\/k-beautyci.com\/fr\/wp-json\/wp\/v2\/types\/product"}],"replies":[{"embeddable":true,"href":"https:\/\/k-beautyci.com\/fr\/wp-json\/wp\/v2\/comments?post=9933"}],"wp:featuredmedia":[{"embeddable":true,"href":"https:\/\/k-beautyci.com\/fr\/wp-json\/wp\/v2\/media\/9935"}],"wp:attachment":[{"href":"https:\/\/k-beautyci.com\/fr\/wp-json\/wp\/v2\/media?parent=9933"}],"wp:term":[{"taxonomy":"product_brand","embeddable":true,"href":"https:\/\/k-beautyci.com\/fr\/wp-json\/wp\/v2\/product_brand?post=9933"},{"taxonomy":"product_cat","embeddable":true,"href":"https:\/\/k-beautyci.com\/fr\/wp-json\/wp\/v2\/product_cat?post=9933"},{"taxonomy":"product_tag","embeddable":true,"href":"https:\/\/k-beautyci.com\/fr\/wp-json\/wp\/v2\/product_tag?post=9933"}],"curies":[{"name":"wp","href":"https:\/\/api.w.org\/{rel}","templated":true}]}}