{"id":9925,"date":"2025-11-27T22:39:40","date_gmt":"2025-11-27T22:39:40","guid":{"rendered":"https:\/\/k-beautyci.com\/?post_type=product&#038;p=9925"},"modified":"2026-03-08T16:38:30","modified_gmt":"2026-03-08T16:38:30","slug":"brmud-relief-mud-pack-to-foam-cleanser","status":"publish","type":"product","link":"https:\/\/k-beautyci.com\/fr\/produit\/brmud-relief-mud-pack-to-foam-cleanser\/","title":{"rendered":"BRMUD Relief Mud Pack To Foam Cleanser"},"content":{"rendered":"<p>Comment l'utiliser :<\/p>\n<p>1. Appliquez une fine couche sur une peau propre et s\u00e8che comme un masque.<br \/>\n2. Laisser agir pendant 5 \u00e0 10 minutes.<br \/>\n3. Massez avec de l'eau pour cr\u00e9er une mousse.<br \/>\n4. Rincer abondamment \u00e0 l'eau ti\u00e8de.<br \/>\n5. Utilisez 1 \u00e0 2 fois par semaine comme masque ou quotidiennement comme nettoyant.<\/p>\n<p>Avertissement : Pour usage externe uniquement. Toujours effectuer un test \u00e9picutan\u00e9. Cessez d'utiliser le produit si vous ressentez une quelconque g\u00eane. Suivre les instructions suppl\u00e9mentaires figurant sur l'emballage. Les r\u00e9sultats individuels peuvent varier.<\/p>","protected":false},"excerpt":{"rendered":"<p>Un nettoyant 2 en 1 apaisant qui s'utilise \u00e0 la fois comme masque \u00e0 rincer et comme mousse. Enrichi en boue de Boryeong, il rafra\u00eechit et purifie la peau \u00e0 chaque utilisation.<\/p>","protected":false},"featured_media":9926,"comment_status":"open","ping_status":"closed","template":"","meta":{"om_disable_all_campaigns":false},"product_brand":[],"product_cat":[258,35,61,62],"product_tag":[],"class_list":{"0":"post-9925","1":"product","2":"type-product","3":"status-publish","4":"has-post-thumbnail","6":"product_cat-brmud","7":"product_cat-face-cleansers","8":"product_cat-face-exfoliator-peels-scrubs","9":"product_cat-face-masks","11":"first","12":"instock","13":"shipping-taxable","14":"purchasable","15":"product-type-simple"},"aioseo_notices":[],"jetpack_sharing_enabled":true,"_links":{"self":[{"href":"https:\/\/k-beautyci.com\/fr\/wp-json\/wp\/v2\/product\/9925","targetHints":{"allow":["GET"]}}],"collection":[{"href":"https:\/\/k-beautyci.com\/fr\/wp-json\/wp\/v2\/product"}],"about":[{"href":"https:\/\/k-beautyci.com\/fr\/wp-json\/wp\/v2\/types\/product"}],"replies":[{"embeddable":true,"href":"https:\/\/k-beautyci.com\/fr\/wp-json\/wp\/v2\/comments?post=9925"}],"wp:featuredmedia":[{"embeddable":true,"href":"https:\/\/k-beautyci.com\/fr\/wp-json\/wp\/v2\/media\/9926"}],"wp:attachment":[{"href":"https:\/\/k-beautyci.com\/fr\/wp-json\/wp\/v2\/media?parent=9925"}],"wp:term":[{"taxonomy":"product_brand","embeddable":true,"href":"https:\/\/k-beautyci.com\/fr\/wp-json\/wp\/v2\/product_brand?post=9925"},{"taxonomy":"product_cat","embeddable":true,"href":"https:\/\/k-beautyci.com\/fr\/wp-json\/wp\/v2\/product_cat?post=9925"},{"taxonomy":"product_tag","embeddable":true,"href":"https:\/\/k-beautyci.com\/fr\/wp-json\/wp\/v2\/product_tag?post=9925"}],"curies":[{"name":"wp","href":"https:\/\/api.w.org\/{rel}","templated":true}]}}