{"id":9916,"date":"2025-11-27T22:38:26","date_gmt":"2025-11-27T22:38:26","guid":{"rendered":"https:\/\/k-beautyci.com\/?post_type=product&#038;p=9916"},"modified":"2025-12-23T16:56:34","modified_gmt":"2025-12-23T16:56:34","slug":"biodance-vita-niacinamide-gel-toner-pads","status":"publish","type":"product","link":"https:\/\/k-beautyci.com\/fr\/produit\/biodance-vita-niacinamide-gel-toner-pads\/","title":{"rendered":"Biodance Vita Niacinamide Gel Toner Pads"},"content":{"rendered":"<p>Comment l'utiliser :<\/p>\n<div class=\"description-item active\">\n<div class=\"body\">\n<p>Apr\u00e8s avoir nettoy\u00e9 votre visage, appliquez les tampons toniques sur votre visage et laissez agir jusqu'\u00e0 20 minutes ou jusqu'\u00e0 ce qu'ils blanchissent. Ces tampons toniques peuvent \u00e9galement \u00eatre utilis\u00e9s comme masque facial rapide et facile \u00e0 r\u00e9aliser soi-m\u00eame en les appliquant sur les zones souhait\u00e9es.<\/p>\n<p>Avertissement : Pour usage externe uniquement. Toujours effectuer un test \u00e9picutan\u00e9. Cessez d'utiliser le produit si vous ressentez une quelconque g\u00eane. Suivre les instructions suppl\u00e9mentaires figurant sur l'emballage. Les r\u00e9sultats individuels peuvent varier.<\/p>\n<\/div>\n<\/div>\n<div class=\"description-item\">\n<h2 class=\"title\"><\/h2>\n<\/div>","protected":false},"excerpt":{"rendered":"<p>Boostez l'\u00e9clat de votre peau et affinez son grain irr\u00e9gulier gr\u00e2ce \u00e0 ce tampon tonique enrichi en exfoliants tels que l'eau d'ananas, ainsi qu'en agents \u00e9claircissants tels que la niacinamide et le glutathion. Un simple passage en milieu de journ\u00e9e procure une hydratation instantan\u00e9e. Peut \u00e9galement \u00eatre utilis\u00e9 comme masque tonique. Convient aux peaux sensibles.<\/p>","protected":false},"featured_media":9917,"comment_status":"open","ping_status":"closed","template":"","meta":{"om_disable_all_campaigns":false},"product_brand":[],"product_cat":[214,52,39,257,74,224],"product_tag":[],"class_list":{"0":"post-9916","1":"product","2":"type-product","3":"status-publish","4":"has-post-thumbnail","6":"product_cat-biodance","7":"product_cat-dark-spots","8":"product_cat-face-toners","9":"product_cat-glutathione","10":"product_cat-niacinamide","11":"product_cat-toner-pads","13":"first","14":"instock","15":"shipping-taxable","16":"purchasable","17":"product-type-simple"},"aioseo_notices":[],"jetpack_sharing_enabled":true,"_links":{"self":[{"href":"https:\/\/k-beautyci.com\/fr\/wp-json\/wp\/v2\/product\/9916","targetHints":{"allow":["GET"]}}],"collection":[{"href":"https:\/\/k-beautyci.com\/fr\/wp-json\/wp\/v2\/product"}],"about":[{"href":"https:\/\/k-beautyci.com\/fr\/wp-json\/wp\/v2\/types\/product"}],"replies":[{"embeddable":true,"href":"https:\/\/k-beautyci.com\/fr\/wp-json\/wp\/v2\/comments?post=9916"}],"wp:featuredmedia":[{"embeddable":true,"href":"https:\/\/k-beautyci.com\/fr\/wp-json\/wp\/v2\/media\/9917"}],"wp:attachment":[{"href":"https:\/\/k-beautyci.com\/fr\/wp-json\/wp\/v2\/media?parent=9916"}],"wp:term":[{"taxonomy":"product_brand","embeddable":true,"href":"https:\/\/k-beautyci.com\/fr\/wp-json\/wp\/v2\/product_brand?post=9916"},{"taxonomy":"product_cat","embeddable":true,"href":"https:\/\/k-beautyci.com\/fr\/wp-json\/wp\/v2\/product_cat?post=9916"},{"taxonomy":"product_tag","embeddable":true,"href":"https:\/\/k-beautyci.com\/fr\/wp-json\/wp\/v2\/product_tag?post=9916"}],"curies":[{"name":"wp","href":"https:\/\/api.w.org\/{rel}","templated":true}]}}