{"id":9906,"date":"2025-11-27T22:33:26","date_gmt":"2025-11-27T22:33:26","guid":{"rendered":"https:\/\/k-beautyci.com\/?post_type=product&#038;p=9906"},"modified":"2026-03-11T18:32:50","modified_gmt":"2026-03-11T18:32:50","slug":"biodance-pore-perfecting-collagen-peptide-cream","status":"publish","type":"product","link":"https:\/\/k-beautyci.com\/fr\/produit\/biodance-pore-perfecting-collagen-peptide-cream\/","title":{"rendered":"Biodance Pore Perfecting Collagen Peptide Cream"},"content":{"rendered":"<p><b>Comment l'utiliser :<\/b><\/p>\n<p>Apr\u00e8s avoir nettoy\u00e9 ou tonifi\u00e9 votre peau, appliquez une quantit\u00e9 appropri\u00e9e sur votre visage.<br \/>\nMassez d\u00e9licatement la peau jusqu'\u00e0 absorption compl\u00e8te.<\/p>\n<p><strong>Conseil pro<\/strong><br \/>\nUtilisez quotidiennement, matin et soir, pour obtenir les meilleurs r\u00e9sultats.<\/p>\n<p>Avertissement : Pour usage externe uniquement. Toujours effectuer un test \u00e9picutan\u00e9. Cessez d'utiliser le produit si vous ressentez une quelconque g\u00eane. Suivre les instructions suppl\u00e9mentaires figurant sur l'emballage. Les r\u00e9sultats individuels peuvent varier.<\/p>","protected":false},"excerpt":{"rendered":"<p>Cette puissante cr\u00e8me anti-\u00e2ge resserre les pores et rend la peau \u00e9clatante, mais elle est \u00e9galement un h\u00e9ros discret qui renforce la peau contre les agressions ext\u00e9rieures afin de lutter contre les signes de vieillissement tels que les rides, les ridules et les taches brunes. Le collag\u00e8ne \u00e0 faible poids mol\u00e9culaire, ingr\u00e9dient phare \u00e0 la base du SYN-COLL brevet\u00e9, renforce les effets raffermissants de cette formule l\u00e9g\u00e8re mais puissante. La niacinamide, qui \u00e9claircit le teint, agit en synergie avec des agents hydratants tels que le panth\u00e9nol et l'acide hyaluronique pour maintenir la peau en parfait \u00e9tat.<\/p>","protected":false},"featured_media":9915,"comment_status":"open","ping_status":"closed","template":"","meta":{"om_disable_all_campaigns":false},"product_brand":[],"product_cat":[57,214,52,31,74],"product_tag":[],"class_list":{"0":"post-9906","1":"product","2":"type-product","3":"status-publish","4":"has-post-thumbnail","6":"product_cat-anti-aging","7":"product_cat-biodance","8":"product_cat-dark-spots","9":"product_cat-face-serums","10":"product_cat-niacinamide","12":"first","13":"outofstock","14":"shipping-taxable","15":"purchasable","16":"product-type-simple"},"aioseo_notices":[],"jetpack_sharing_enabled":true,"_links":{"self":[{"href":"https:\/\/k-beautyci.com\/fr\/wp-json\/wp\/v2\/product\/9906","targetHints":{"allow":["GET"]}}],"collection":[{"href":"https:\/\/k-beautyci.com\/fr\/wp-json\/wp\/v2\/product"}],"about":[{"href":"https:\/\/k-beautyci.com\/fr\/wp-json\/wp\/v2\/types\/product"}],"replies":[{"embeddable":true,"href":"https:\/\/k-beautyci.com\/fr\/wp-json\/wp\/v2\/comments?post=9906"}],"wp:featuredmedia":[{"embeddable":true,"href":"https:\/\/k-beautyci.com\/fr\/wp-json\/wp\/v2\/media\/9915"}],"wp:attachment":[{"href":"https:\/\/k-beautyci.com\/fr\/wp-json\/wp\/v2\/media?parent=9906"}],"wp:term":[{"taxonomy":"product_brand","embeddable":true,"href":"https:\/\/k-beautyci.com\/fr\/wp-json\/wp\/v2\/product_brand?post=9906"},{"taxonomy":"product_cat","embeddable":true,"href":"https:\/\/k-beautyci.com\/fr\/wp-json\/wp\/v2\/product_cat?post=9906"},{"taxonomy":"product_tag","embeddable":true,"href":"https:\/\/k-beautyci.com\/fr\/wp-json\/wp\/v2\/product_tag?post=9906"}],"curies":[{"name":"wp","href":"https:\/\/api.w.org\/{rel}","templated":true}]}}