{"id":9897,"date":"2025-11-27T22:34:44","date_gmt":"2025-11-27T22:34:44","guid":{"rendered":"https:\/\/k-beautyci.com\/?post_type=product&#038;p=9897"},"modified":"2026-04-08T11:15:14","modified_gmt":"2026-04-08T11:15:14","slug":"biodance-pore-perfecting-collagen-peptide-serum","status":"publish","type":"product","link":"https:\/\/k-beautyci.com\/fr\/produit\/biodance-pore-perfecting-collagen-peptide-serum\/","title":{"rendered":"Biodance Pore Perfecting Collagen Peptide Serum"},"content":{"rendered":"<p><b>Comment l'utiliser :<\/b><\/p>\n<p>Appliquez quelques gouttes de l'ampoule uniform\u00e9ment sur la peau apr\u00e8s le tonique.<\/p>\n<p>Avertissement : Pour usage externe uniquement. Toujours effectuer un test \u00e9picutan\u00e9. Cessez d'utiliser le produit si vous ressentez une quelconque g\u00eane. Suivre les instructions suppl\u00e9mentaires figurant sur l'emballage. Les r\u00e9sultats individuels peuvent varier.<\/p>","protected":false},"excerpt":{"rendered":"<p>Vous pouvez avoir une peau parfaitement nette, mais pr\u00e9senter tout de m\u00eame des pores dilat\u00e9s visibles. Nous comprenons votre frustration. Essayez l'ampoule raffermissante au collag\u00e8ne de Biodance, enrichie en collag\u00e8ne \u00e0 faible poids mol\u00e9culaire, dix peptides, acide hyaluronique et \u00e9lastine, pour am\u00e9liorer la texture de votre peau et obtenir un teint lisse et un grain de peau parfait. L'ampoule au collag\u00e8ne raffermit non seulement les pores, mais elle am\u00e9liore \u00e9galement l'\u00e9lasticit\u00e9 et l'\u00e9clat de la peau.<\/p>\n<p>&nbsp;<\/p>","protected":false},"featured_media":9901,"comment_status":"open","ping_status":"closed","template":"","meta":{"om_disable_all_campaigns":false},"product_brand":[],"product_cat":[214,31,69],"product_tag":[],"class_list":{"0":"post-9897","1":"product","2":"type-product","3":"status-publish","4":"has-post-thumbnail","6":"product_cat-biodance","7":"product_cat-face-serums","8":"product_cat-hyaluronic-acid","10":"first","11":"outofstock","12":"shipping-taxable","13":"purchasable","14":"product-type-simple"},"aioseo_notices":[],"jetpack_sharing_enabled":true,"_links":{"self":[{"href":"https:\/\/k-beautyci.com\/fr\/wp-json\/wp\/v2\/product\/9897","targetHints":{"allow":["GET"]}}],"collection":[{"href":"https:\/\/k-beautyci.com\/fr\/wp-json\/wp\/v2\/product"}],"about":[{"href":"https:\/\/k-beautyci.com\/fr\/wp-json\/wp\/v2\/types\/product"}],"replies":[{"embeddable":true,"href":"https:\/\/k-beautyci.com\/fr\/wp-json\/wp\/v2\/comments?post=9897"}],"wp:featuredmedia":[{"embeddable":true,"href":"https:\/\/k-beautyci.com\/fr\/wp-json\/wp\/v2\/media\/9901"}],"wp:attachment":[{"href":"https:\/\/k-beautyci.com\/fr\/wp-json\/wp\/v2\/media?parent=9897"}],"wp:term":[{"taxonomy":"product_brand","embeddable":true,"href":"https:\/\/k-beautyci.com\/fr\/wp-json\/wp\/v2\/product_brand?post=9897"},{"taxonomy":"product_cat","embeddable":true,"href":"https:\/\/k-beautyci.com\/fr\/wp-json\/wp\/v2\/product_cat?post=9897"},{"taxonomy":"product_tag","embeddable":true,"href":"https:\/\/k-beautyci.com\/fr\/wp-json\/wp\/v2\/product_tag?post=9897"}],"curies":[{"name":"wp","href":"https:\/\/api.w.org\/{rel}","templated":true}]}}