{"id":9887,"date":"2025-11-27T22:36:04","date_gmt":"2025-11-27T22:36:04","guid":{"rendered":"https:\/\/k-beautyci.com\/?post_type=product&#038;p=9887"},"modified":"2025-11-27T22:36:08","modified_gmt":"2025-11-27T22:36:08","slug":"biodance-radiant-vita-niacinamide-cream","status":"publish","type":"product","link":"https:\/\/k-beautyci.com\/fr\/produit\/biodance-radiant-vita-niacinamide-cream\/","title":{"rendered":"Biodance Radiant Vita Niacinamide Cream"},"content":{"rendered":"<p>Comment l'utiliser :<\/p>\n<p>Apr\u00e8s avoir nettoy\u00e9 ou tonifi\u00e9 votre peau, appliquez 2 \u00e0 3 pressions sur le visage.<br \/>\nMassez d\u00e9licatement en mouvements circulaires jusqu'\u00e0 absorption compl\u00e8te.<\/p>\n<p><strong>Conseil pro<\/strong><br \/>\nSi vous souhaitez une hydratation plus intense, appliquez 1 \u00e0 2 couches suppl\u00e9mentaires.<\/p>\n<p>Avertissement : Pour usage externe uniquement. Toujours effectuer un test \u00e9picutan\u00e9. Cessez d'utiliser le produit si vous ressentez une quelconque g\u00eane. Suivre les instructions suppl\u00e9mentaires figurant sur l'emballage. Les r\u00e9sultats individuels peuvent varier.<\/p>","protected":false},"excerpt":{"rendered":"<p>Cette cr\u00e8me aide \u00e0 am\u00e9liorer le teint, la texture et l'\u00e9clat de la peau tout en att\u00e9nuant les taches brunes, le teint irr\u00e9gulier, la d\u00e9shydratation et le teint terne. La niacinamide att\u00e9nue les taches brunes et l'hyperpigmentation pour un teint \u00e9clatant, l'eau d'ananas affine la peau en douceur pour un teint lumineux et translucide, et le glutathion cible les pigments profonds pour un teint plus clair.<\/p>","protected":false},"featured_media":9890,"comment_status":"open","ping_status":"closed","template":"","meta":{"om_disable_all_campaigns":false},"product_brand":[],"product_cat":[57,214,52,26,257,74],"product_tag":[],"class_list":{"0":"post-9887","1":"product","2":"type-product","3":"status-publish","4":"has-post-thumbnail","6":"product_cat-anti-aging","7":"product_cat-biodance","8":"product_cat-dark-spots","9":"product_cat-face-moisturizer","10":"product_cat-glutathione","11":"product_cat-niacinamide","13":"first","14":"instock","15":"shipping-taxable","16":"purchasable","17":"product-type-simple"},"aioseo_notices":[],"jetpack_sharing_enabled":true,"_links":{"self":[{"href":"https:\/\/k-beautyci.com\/fr\/wp-json\/wp\/v2\/product\/9887","targetHints":{"allow":["GET"]}}],"collection":[{"href":"https:\/\/k-beautyci.com\/fr\/wp-json\/wp\/v2\/product"}],"about":[{"href":"https:\/\/k-beautyci.com\/fr\/wp-json\/wp\/v2\/types\/product"}],"replies":[{"embeddable":true,"href":"https:\/\/k-beautyci.com\/fr\/wp-json\/wp\/v2\/comments?post=9887"}],"wp:featuredmedia":[{"embeddable":true,"href":"https:\/\/k-beautyci.com\/fr\/wp-json\/wp\/v2\/media\/9890"}],"wp:attachment":[{"href":"https:\/\/k-beautyci.com\/fr\/wp-json\/wp\/v2\/media?parent=9887"}],"wp:term":[{"taxonomy":"product_brand","embeddable":true,"href":"https:\/\/k-beautyci.com\/fr\/wp-json\/wp\/v2\/product_brand?post=9887"},{"taxonomy":"product_cat","embeddable":true,"href":"https:\/\/k-beautyci.com\/fr\/wp-json\/wp\/v2\/product_cat?post=9887"},{"taxonomy":"product_tag","embeddable":true,"href":"https:\/\/k-beautyci.com\/fr\/wp-json\/wp\/v2\/product_tag?post=9887"}],"curies":[{"name":"wp","href":"https:\/\/api.w.org\/{rel}","templated":true}]}}