{"id":9877,"date":"2025-11-27T22:36:43","date_gmt":"2025-11-27T22:36:43","guid":{"rendered":"https:\/\/k-beautyci.com\/?post_type=product&#038;p=9877"},"modified":"2026-01-20T12:09:00","modified_gmt":"2026-01-20T12:09:00","slug":"biodance-radiant-vita-niacinamide-serum","status":"publish","type":"product","link":"https:\/\/k-beautyci.com\/fr\/produit\/biodance-radiant-vita-niacinamide-serum\/","title":{"rendered":"Biodance Radiant Vita Niacinamide Serum"},"content":{"rendered":"<p><b>Comment l'utiliser :<\/b><\/p>\n<p>Appliquez 2 \u00e0 3 pressions sur le visage apr\u00e8s avoir tonifi\u00e9 la peau et renouvelez l'application 1 \u00e0 2 fois si vous avez besoin d'une hydratation suppl\u00e9mentaire.<\/p>\n<p>Avertissement : Pour usage externe uniquement. Toujours effectuer un test \u00e9picutan\u00e9. Cessez d'utiliser le produit si vous ressentez une quelconque g\u00eane. Suivre les instructions suppl\u00e9mentaires figurant sur l'emballage. Les r\u00e9sultats individuels peuvent varier.<\/p>","protected":false},"excerpt":{"rendered":"<p>Vous pouvez atteindre vos objectifs d'une peau \u00e9clatante et sans imperfections en ajoutant le s\u00e9rum Radiant Vita Niacinamide de Biodance \u00e0 votre routine de soins. Enrichi en niacinamide, en eau d'ananas et en glutathion, ce s\u00e9rum de couleur jaune att\u00e9nue les taches brunes, corrige le teint irr\u00e9gulier et affine le grain de peau pour un \u00e9clat clair et radieux !<\/p>","protected":false},"featured_media":9878,"comment_status":"open","ping_status":"closed","template":"","meta":{"om_disable_all_campaigns":false},"product_brand":[],"product_cat":[214,52,31,257,74],"product_tag":[],"class_list":{"0":"post-9877","1":"product","2":"type-product","3":"status-publish","4":"has-post-thumbnail","6":"product_cat-biodance","7":"product_cat-dark-spots","8":"product_cat-face-serums","9":"product_cat-glutathione","10":"product_cat-niacinamide","12":"first","13":"instock","14":"shipping-taxable","15":"purchasable","16":"product-type-simple"},"aioseo_notices":[],"jetpack_sharing_enabled":true,"_links":{"self":[{"href":"https:\/\/k-beautyci.com\/fr\/wp-json\/wp\/v2\/product\/9877","targetHints":{"allow":["GET"]}}],"collection":[{"href":"https:\/\/k-beautyci.com\/fr\/wp-json\/wp\/v2\/product"}],"about":[{"href":"https:\/\/k-beautyci.com\/fr\/wp-json\/wp\/v2\/types\/product"}],"replies":[{"embeddable":true,"href":"https:\/\/k-beautyci.com\/fr\/wp-json\/wp\/v2\/comments?post=9877"}],"wp:featuredmedia":[{"embeddable":true,"href":"https:\/\/k-beautyci.com\/fr\/wp-json\/wp\/v2\/media\/9878"}],"wp:attachment":[{"href":"https:\/\/k-beautyci.com\/fr\/wp-json\/wp\/v2\/media?parent=9877"}],"wp:term":[{"taxonomy":"product_brand","embeddable":true,"href":"https:\/\/k-beautyci.com\/fr\/wp-json\/wp\/v2\/product_brand?post=9877"},{"taxonomy":"product_cat","embeddable":true,"href":"https:\/\/k-beautyci.com\/fr\/wp-json\/wp\/v2\/product_cat?post=9877"},{"taxonomy":"product_tag","embeddable":true,"href":"https:\/\/k-beautyci.com\/fr\/wp-json\/wp\/v2\/product_tag?post=9877"}],"curies":[{"name":"wp","href":"https:\/\/api.w.org\/{rel}","templated":true}]}}