{"id":9872,"date":"2025-11-27T22:37:38","date_gmt":"2025-11-27T22:37:38","guid":{"rendered":"https:\/\/k-beautyci.com\/?post_type=product&#038;p=9872"},"modified":"2025-11-27T22:37:41","modified_gmt":"2025-11-27T22:37:41","slug":"biodance-sea-kelp-gel-toner-pads","status":"publish","type":"product","link":"https:\/\/k-beautyci.com\/fr\/produit\/biodance-sea-kelp-gel-toner-pads\/","title":{"rendered":"Biodance Sea Kelp Gel Toner Pads"},"content":{"rendered":"<div class=\"description-item active\">\n<div class=\"body\">\n<p>Comment l'utiliser :<\/p>\n<p>Apr\u00e8s avoir nettoy\u00e9 votre visage, appliquez les tampons toniques et laissez agir jusqu'\u00e0 20 minutes ou jusqu'\u00e0 ce qu'ils blanchissent. Ces tampons toniques peuvent \u00e9galement \u00eatre utilis\u00e9s comme une version rapide et facile du masque aux algues marines en les appliquant sur les zones souhait\u00e9es.<\/p>\n<p>Avertissement : Pour usage externe uniquement. Toujours effectuer un test \u00e9picutan\u00e9. Cessez d'utiliser le produit si vous ressentez une quelconque g\u00eane. Suivre les instructions suppl\u00e9mentaires figurant sur l'emballage. Les r\u00e9sultats individuels peuvent varier.<\/p>\n<\/div>\n<\/div>\n<div class=\"description-item\">\n<h2 class=\"title\"><\/h2>\n<\/div>","protected":false},"excerpt":{"rendered":"<p>Ces tampons toniques en gel combinent du varech et de l'eau de mer profonde pour apaiser, \u00e9quilibrer et hydrater visiblement la peau tout en contr\u00f4lant l'exc\u00e8s de s\u00e9bum, pour un teint net et rafra\u00eechi.<\/p>","protected":false},"featured_media":9874,"comment_status":"open","ping_status":"closed","template":"","meta":{"om_disable_all_campaigns":false},"product_brand":[],"product_cat":[214,39,224],"product_tag":[],"class_list":{"0":"post-9872","1":"product","2":"type-product","3":"status-publish","4":"has-post-thumbnail","6":"product_cat-biodance","7":"product_cat-face-toners","8":"product_cat-toner-pads","10":"first","11":"instock","12":"shipping-taxable","13":"purchasable","14":"product-type-simple"},"aioseo_notices":[],"jetpack_sharing_enabled":true,"_links":{"self":[{"href":"https:\/\/k-beautyci.com\/fr\/wp-json\/wp\/v2\/product\/9872","targetHints":{"allow":["GET"]}}],"collection":[{"href":"https:\/\/k-beautyci.com\/fr\/wp-json\/wp\/v2\/product"}],"about":[{"href":"https:\/\/k-beautyci.com\/fr\/wp-json\/wp\/v2\/types\/product"}],"replies":[{"embeddable":true,"href":"https:\/\/k-beautyci.com\/fr\/wp-json\/wp\/v2\/comments?post=9872"}],"wp:featuredmedia":[{"embeddable":true,"href":"https:\/\/k-beautyci.com\/fr\/wp-json\/wp\/v2\/media\/9874"}],"wp:attachment":[{"href":"https:\/\/k-beautyci.com\/fr\/wp-json\/wp\/v2\/media?parent=9872"}],"wp:term":[{"taxonomy":"product_brand","embeddable":true,"href":"https:\/\/k-beautyci.com\/fr\/wp-json\/wp\/v2\/product_brand?post=9872"},{"taxonomy":"product_cat","embeddable":true,"href":"https:\/\/k-beautyci.com\/fr\/wp-json\/wp\/v2\/product_cat?post=9872"},{"taxonomy":"product_tag","embeddable":true,"href":"https:\/\/k-beautyci.com\/fr\/wp-json\/wp\/v2\/product_tag?post=9872"}],"curies":[{"name":"wp","href":"https:\/\/api.w.org\/{rel}","templated":true}]}}