{"id":9869,"date":"2025-11-27T22:19:05","date_gmt":"2025-11-27T22:19:05","guid":{"rendered":"https:\/\/k-beautyci.com\/?post_type=product&#038;p=9869"},"modified":"2026-03-31T23:11:01","modified_gmt":"2026-03-31T23:11:01","slug":"aplb-glutathione-niacinamide-cleansing-oil","status":"publish","type":"product","link":"https:\/\/k-beautyci.com\/fr\/produit\/aplb-glutathione-niacinamide-cleansing-oil\/","title":{"rendered":"APLB Glutathione Niacinamide Cleansing Oil"},"content":{"rendered":"<p><b>Comment l'utiliser :<\/b><\/p>\n<p>1. Appliquez quelques gouttes sur l'ensemble du visage et \u00e9talez d\u00e9licatement en suivant le grain de peau.<\/p>\n<p>2. Terminez en rin\u00e7ant l\u00e9g\u00e8rement le visage \u00e0 l'eau ti\u00e8de.<\/p>\n<p>Avertissement : Pour usage externe uniquement. Toujours effectuer un test \u00e9picutan\u00e9. Cessez d'utiliser le produit si vous ressentez une quelconque g\u00eane. Suivre les instructions suppl\u00e9mentaires figurant sur l'emballage. Les r\u00e9sultats individuels peuvent varier.<\/p>","protected":false},"excerpt":{"rendered":"<p>Cette huile d\u00e9maquillante dissout en douceur et efficacement le maquillage et l'exc\u00e8s de s\u00e9bum sans dess\u00e9cher la peau. Elle est formul\u00e9e \u00e0 base de glutathion, de niacinamide et d'huile de soja pour resserrer les pores et booster l'\u00e9clat de la peau. Sa formule hypoallerg\u00e9nique et sans parfum convient aux peaux sensibles.<\/p>","protected":false},"featured_media":9870,"comment_status":"open","ping_status":"closed","template":"","meta":{"om_disable_all_campaigns":false},"product_brand":[],"product_cat":[217,63],"product_tag":[],"class_list":{"0":"post-9869","1":"product","2":"type-product","3":"status-publish","4":"has-post-thumbnail","6":"product_cat-aplb","7":"product_cat-makeup-removers","9":"first","10":"instock","11":"shipping-taxable","12":"purchasable","13":"product-type-simple"},"aioseo_notices":[],"jetpack_sharing_enabled":true,"_links":{"self":[{"href":"https:\/\/k-beautyci.com\/fr\/wp-json\/wp\/v2\/product\/9869","targetHints":{"allow":["GET"]}}],"collection":[{"href":"https:\/\/k-beautyci.com\/fr\/wp-json\/wp\/v2\/product"}],"about":[{"href":"https:\/\/k-beautyci.com\/fr\/wp-json\/wp\/v2\/types\/product"}],"replies":[{"embeddable":true,"href":"https:\/\/k-beautyci.com\/fr\/wp-json\/wp\/v2\/comments?post=9869"}],"wp:featuredmedia":[{"embeddable":true,"href":"https:\/\/k-beautyci.com\/fr\/wp-json\/wp\/v2\/media\/9870"}],"wp:attachment":[{"href":"https:\/\/k-beautyci.com\/fr\/wp-json\/wp\/v2\/media?parent=9869"}],"wp:term":[{"taxonomy":"product_brand","embeddable":true,"href":"https:\/\/k-beautyci.com\/fr\/wp-json\/wp\/v2\/product_brand?post=9869"},{"taxonomy":"product_cat","embeddable":true,"href":"https:\/\/k-beautyci.com\/fr\/wp-json\/wp\/v2\/product_cat?post=9869"},{"taxonomy":"product_tag","embeddable":true,"href":"https:\/\/k-beautyci.com\/fr\/wp-json\/wp\/v2\/product_tag?post=9869"}],"curies":[{"name":"wp","href":"https:\/\/api.w.org\/{rel}","templated":true}]}}