{"id":9862,"date":"2025-11-27T22:14:34","date_gmt":"2025-11-27T22:14:34","guid":{"rendered":"https:\/\/k-beautyci.com\/?post_type=product&#038;p=9862"},"modified":"2026-03-29T11:36:09","modified_gmt":"2026-03-29T11:36:09","slug":"apieu-glycolic-acid-cream","status":"publish","type":"product","link":"https:\/\/k-beautyci.com\/fr\/produit\/apieu-glycolic-acid-cream\/","title":{"rendered":"A&#8217;PIEU Glycolic Acid Cream"},"content":{"rendered":"<p>Avertissement : Pour usage externe uniquement. Toujours effectuer un test \u00e9picutan\u00e9. Cessez d'utiliser le produit si vous ressentez une quelconque g\u00eane. Suivre les instructions suppl\u00e9mentaires figurant sur l'emballage. Les r\u00e9sultats individuels peuvent varier.<\/p>","protected":false},"excerpt":{"rendered":"<p>Contenant 3 % d'AHA (acide glycolique), 0,45 % de BHA (acide salicylique) et 30 % d'extrait de bouleau, cet exfoliant doux aide \u00e0 \u00e9liminer les cellules mortes, \u00e0 att\u00e9nuer les rides et \u00e0 hydrater la peau en profondeur. Pas besoin de rincer. Utiliser 3 \u00e0 5 fois par semaine.<\/p>","protected":false},"featured_media":9868,"comment_status":"open","ping_status":"closed","template":"","meta":{"om_disable_all_campaigns":false},"product_brand":[],"product_cat":[78,256,26],"product_tag":[],"class_list":{"0":"post-9862","1":"product","2":"type-product","3":"status-publish","4":"has-post-thumbnail","6":"product_cat-aha-bha","7":"product_cat-apieu","8":"product_cat-face-moisturizer","10":"first","11":"instock","12":"shipping-taxable","13":"purchasable","14":"product-type-simple"},"aioseo_notices":[],"jetpack_sharing_enabled":true,"_links":{"self":[{"href":"https:\/\/k-beautyci.com\/fr\/wp-json\/wp\/v2\/product\/9862","targetHints":{"allow":["GET"]}}],"collection":[{"href":"https:\/\/k-beautyci.com\/fr\/wp-json\/wp\/v2\/product"}],"about":[{"href":"https:\/\/k-beautyci.com\/fr\/wp-json\/wp\/v2\/types\/product"}],"replies":[{"embeddable":true,"href":"https:\/\/k-beautyci.com\/fr\/wp-json\/wp\/v2\/comments?post=9862"}],"wp:featuredmedia":[{"embeddable":true,"href":"https:\/\/k-beautyci.com\/fr\/wp-json\/wp\/v2\/media\/9868"}],"wp:attachment":[{"href":"https:\/\/k-beautyci.com\/fr\/wp-json\/wp\/v2\/media?parent=9862"}],"wp:term":[{"taxonomy":"product_brand","embeddable":true,"href":"https:\/\/k-beautyci.com\/fr\/wp-json\/wp\/v2\/product_brand?post=9862"},{"taxonomy":"product_cat","embeddable":true,"href":"https:\/\/k-beautyci.com\/fr\/wp-json\/wp\/v2\/product_cat?post=9862"},{"taxonomy":"product_tag","embeddable":true,"href":"https:\/\/k-beautyci.com\/fr\/wp-json\/wp\/v2\/product_tag?post=9862"}],"curies":[{"name":"wp","href":"https:\/\/api.w.org\/{rel}","templated":true}]}}