{"id":9856,"date":"2025-11-27T22:15:21","date_gmt":"2025-11-27T22:15:21","guid":{"rendered":"https:\/\/k-beautyci.com\/?post_type=product&#038;p=9856"},"modified":"2026-03-26T22:00:27","modified_gmt":"2026-03-26T22:00:27","slug":"apieu-madecassoside-moisture-gel-cream","status":"publish","type":"product","link":"https:\/\/k-beautyci.com\/fr\/produit\/apieu-madecassoside-moisture-gel-cream\/","title":{"rendered":"A&#8217;pieu Madecassoside Moisture Gel Cream"},"content":{"rendered":"<p>Comment l'utiliser :<\/p>\n<p>Apr\u00e8s avoir nettoy\u00e9 et tonifi\u00e9 votre peau, appliquez d\u00e9licatement la cr\u00e8me-gel sur votre visage en \u00e9vitant le contour des yeux, puis tapotez jusqu'\u00e0 absorption compl\u00e8te. Utilisez quotidiennement comme cr\u00e8me, traitement localis\u00e9 contre les imperfections ou hydratant pour les zones s\u00e8ches cibl\u00e9es.<\/p>\n<p>Avertissement : Pour usage externe uniquement. Toujours effectuer un test \u00e9picutan\u00e9. Cessez d'utiliser le produit si vous ressentez une quelconque g\u00eane. Suivre les instructions suppl\u00e9mentaires figurant sur l'emballage. Les r\u00e9sultats individuels peuvent varier.<\/p>","protected":false},"excerpt":{"rendered":"<p>Vous m\u00e9ritez une cr\u00e8me hydratante l\u00e9g\u00e8re qui ne laisse jamais de sensation de lourdeur ou de gras sur le visage. Gr\u00e2ce au mad\u00e9cassoside et \u00e0 la centella asiatica, la cr\u00e8me gel hydratante Madecassoside Moisture Gel Cream d'A'pieu offre une hydratation intense, tout en \u00e9tant suffisamment douce pour \u00eatre utilis\u00e9e quotidiennement, m\u00eame sur les peaux les plus sensibles.<\/p>","protected":false},"featured_media":9857,"comment_status":"open","ping_status":"closed","template":"","meta":{"om_disable_all_campaigns":false},"product_brand":[],"product_cat":[256,88,42,26,41,36],"product_tag":[],"class_list":{"0":"post-9856","1":"product","2":"type-product","3":"status-publish","4":"has-post-thumbnail","6":"product_cat-apieu","7":"product_cat-centella","8":"product_cat-dry-skin","9":"product_cat-face-moisturizer","10":"product_cat-oily-skin","11":"product_cat-sensitive-skin","13":"first","14":"outofstock","15":"sale","16":"shipping-taxable","17":"purchasable","18":"product-type-simple"},"aioseo_notices":[],"jetpack_sharing_enabled":true,"_links":{"self":[{"href":"https:\/\/k-beautyci.com\/fr\/wp-json\/wp\/v2\/product\/9856","targetHints":{"allow":["GET"]}}],"collection":[{"href":"https:\/\/k-beautyci.com\/fr\/wp-json\/wp\/v2\/product"}],"about":[{"href":"https:\/\/k-beautyci.com\/fr\/wp-json\/wp\/v2\/types\/product"}],"replies":[{"embeddable":true,"href":"https:\/\/k-beautyci.com\/fr\/wp-json\/wp\/v2\/comments?post=9856"}],"wp:featuredmedia":[{"embeddable":true,"href":"https:\/\/k-beautyci.com\/fr\/wp-json\/wp\/v2\/media\/9857"}],"wp:attachment":[{"href":"https:\/\/k-beautyci.com\/fr\/wp-json\/wp\/v2\/media?parent=9856"}],"wp:term":[{"taxonomy":"product_brand","embeddable":true,"href":"https:\/\/k-beautyci.com\/fr\/wp-json\/wp\/v2\/product_brand?post=9856"},{"taxonomy":"product_cat","embeddable":true,"href":"https:\/\/k-beautyci.com\/fr\/wp-json\/wp\/v2\/product_cat?post=9856"},{"taxonomy":"product_tag","embeddable":true,"href":"https:\/\/k-beautyci.com\/fr\/wp-json\/wp\/v2\/product_tag?post=9856"}],"curies":[{"name":"wp","href":"https:\/\/api.w.org\/{rel}","templated":true}]}}