{"id":9853,"date":"2025-11-27T22:12:23","date_gmt":"2025-11-27T22:12:23","guid":{"rendered":"https:\/\/k-beautyci.com\/?post_type=product&#038;p=9853"},"modified":"2026-03-08T22:53:14","modified_gmt":"2026-03-08T22:53:14","slug":"anua-peach-niacin-spread-cleansing-foam","status":"publish","type":"product","link":"https:\/\/k-beautyci.com\/fr\/produit\/anua-peach-niacin-spread-cleansing-foam\/","title":{"rendered":"Anua Peach Niacin Spread Cleansing Foam"},"content":{"rendered":"<p><b>Comment l'utiliser :<\/b><\/p>\n<ul>\n<li>Versez une quantit\u00e9 appropri\u00e9e de produit dans vos paumes et m\u00e9langez-le avec vos doigts en effectuant des mouvements circulaires pour cr\u00e9er une mousse dense.<\/li>\n<li>M\u00e9langez un peu d'eau et massez d\u00e9licatement le produit sur l'ensemble du visage.<\/li>\n<li>Rincez abondamment \u00e0 l'eau ti\u00e8de.<\/li>\n<\/ul>\n<p><b>Avertissement : Pour usage externe uniquement. Toujours effectuer un test \u00e9picutan\u00e9. Cessez d'utiliser le produit si vous ressentez une quelconque g\u00eane. Suivre les instructions suppl\u00e9mentaires figurant sur l'emballage. Les r\u00e9sultats individuels peuvent varier.<\/b><\/p>","protected":false},"excerpt":{"rendered":"<p>La mousse nettoyante \u00e9claircissante est enrichie en niacinamide et en ferment lactobacillus pour favoriser une peau lisse et \u00e9clatante tout en \u00e9liminant les impuret\u00e9s et les salet\u00e9s pr\u00e9sentes dans les pores. Elle contient de la poudre de noyaux de p\u00eache pour \u00e9liminer les cellules mortes, r\u00e9v\u00e9lant ainsi un \u00e9clat qui parle de lui-m\u00eame !<\/p>\n<p>&nbsp;<\/p>\n<p>Le saviez-vous ? Un nettoyant l\u00e9g\u00e8rement acide comme cette mousse nettoyante Anua est plus adapt\u00e9 aux peaux grasses et sujettes \u00e0 l'acn\u00e9. Il aide \u00e0 \u00e9quilibrer les niveaux d'hydratation et de s\u00e9bum de la peau.<\/p>","protected":false},"featured_media":9855,"comment_status":"open","ping_status":"closed","template":"","meta":{"om_disable_all_campaigns":false},"product_brand":[],"product_cat":[183,35],"product_tag":[],"class_list":{"0":"post-9853","1":"product","2":"type-product","3":"status-publish","4":"has-post-thumbnail","6":"product_cat-anua","7":"product_cat-face-cleansers","9":"first","10":"instock","11":"shipping-taxable","12":"purchasable","13":"product-type-simple"},"aioseo_notices":[],"jetpack_sharing_enabled":true,"_links":{"self":[{"href":"https:\/\/k-beautyci.com\/fr\/wp-json\/wp\/v2\/product\/9853","targetHints":{"allow":["GET"]}}],"collection":[{"href":"https:\/\/k-beautyci.com\/fr\/wp-json\/wp\/v2\/product"}],"about":[{"href":"https:\/\/k-beautyci.com\/fr\/wp-json\/wp\/v2\/types\/product"}],"replies":[{"embeddable":true,"href":"https:\/\/k-beautyci.com\/fr\/wp-json\/wp\/v2\/comments?post=9853"}],"wp:featuredmedia":[{"embeddable":true,"href":"https:\/\/k-beautyci.com\/fr\/wp-json\/wp\/v2\/media\/9855"}],"wp:attachment":[{"href":"https:\/\/k-beautyci.com\/fr\/wp-json\/wp\/v2\/media?parent=9853"}],"wp:term":[{"taxonomy":"product_brand","embeddable":true,"href":"https:\/\/k-beautyci.com\/fr\/wp-json\/wp\/v2\/product_brand?post=9853"},{"taxonomy":"product_cat","embeddable":true,"href":"https:\/\/k-beautyci.com\/fr\/wp-json\/wp\/v2\/product_cat?post=9853"},{"taxonomy":"product_tag","embeddable":true,"href":"https:\/\/k-beautyci.com\/fr\/wp-json\/wp\/v2\/product_tag?post=9853"}],"curies":[{"name":"wp","href":"https:\/\/api.w.org\/{rel}","templated":true}]}}