{"id":9840,"date":"2025-11-27T22:24:49","date_gmt":"2025-11-27T22:24:49","guid":{"rendered":"https:\/\/k-beautyci.com\/?post_type=product&#038;p=9840"},"modified":"2026-04-15T15:40:20","modified_gmt":"2026-04-15T15:40:20","slug":"arencia-retinal-booster-shot","status":"publish","type":"product","link":"https:\/\/k-beautyci.com\/fr\/produit\/arencia-retinal-booster-shot\/","title":{"rendered":"Arencia Retinal Booster Shot"},"content":{"rendered":"<p>Comment l'utiliser :<\/p>\n<p data-start=\"1353\" data-end=\"1597\">\u2600\ufe0f Jour \u2013 Utilisez tous les deux jours. Appliquez une petite quantit\u00e9 sur une peau propre et s\u00e8che, puis terminez par un \u00e9cran solaire pour vous prot\u00e9ger.<br data-start=\"1490\" data-end=\"1493\" \/>\ud83c\udf19 Nuit \u2013 Appliquez une fine couche sur le visage ou sur les zones textur\u00e9es avant votre cr\u00e8me hydratante.<br data-start=\"1581\" data-end=\"1584\" \/>Conseils<\/p>\n<ul data-start=\"1598\" data-end=\"1798\">\n<li data-start=\"1598\" data-end=\"1672\">\n<p data-start=\"1600\" data-end=\"1672\">Si vous d\u00e9butez avec les r\u00e9tino\u00efdes, commencez doucement (un jour sur deux) et laissez votre peau s'habituer.<\/p>\n<\/li>\n<li data-start=\"1673\" data-end=\"1748\">\n<p data-start=\"1675\" data-end=\"1748\">\u00c9vitez de superposer avec de la vitamine C, des actifs puissants ou des produits exfoliants.<\/p>\n<\/li>\n<li data-start=\"1749\" data-end=\"1798\">\n<p data-start=\"1751\" data-end=\"1798\">Effectuez toujours un test cutan\u00e9 avant la premi\u00e8re utilisation.<\/p>\n<\/li>\n<\/ul>\n<p>Avertissement : Pour usage externe uniquement. Toujours effectuer un test \u00e9picutan\u00e9. Cessez d'utiliser le produit si vous ressentez une quelconque g\u00eane. Suivre les instructions suppl\u00e9mentaires figurant sur l'emballage. Les r\u00e9sultats individuels peuvent varier.<\/p>","protected":false},"excerpt":{"rendered":"<p>Un s\u00e9rum de nuit rajeunissant \u00e0 base de r\u00e9tinal, de caf\u00e9ine et d'ecto\u00efne qui aide \u00e0 lisser visiblement le grain de peau, \u00e0 affiner les pores et \u00e0 raffermir l'apparence de la peau. \u00c9quilibr\u00e9 avec des lipides et des peptides qui renforcent la barri\u00e8re cutan\u00e9e, il hydrate et assouplit la peau pour un teint frais et uniforme.<\/p>","protected":false},"featured_media":9848,"comment_status":"open","ping_status":"closed","template":"","meta":{"om_disable_all_campaigns":false},"product_brand":[],"product_cat":[57,230,31,68],"product_tag":[],"class_list":{"0":"post-9840","1":"product","2":"type-product","3":"status-publish","4":"has-post-thumbnail","6":"product_cat-anti-aging","7":"product_cat-arencia","8":"product_cat-face-serums","9":"product_cat-retinol","11":"first","12":"instock","13":"shipping-taxable","14":"purchasable","15":"product-type-simple"},"aioseo_notices":[],"jetpack_sharing_enabled":true,"_links":{"self":[{"href":"https:\/\/k-beautyci.com\/fr\/wp-json\/wp\/v2\/product\/9840","targetHints":{"allow":["GET"]}}],"collection":[{"href":"https:\/\/k-beautyci.com\/fr\/wp-json\/wp\/v2\/product"}],"about":[{"href":"https:\/\/k-beautyci.com\/fr\/wp-json\/wp\/v2\/types\/product"}],"replies":[{"embeddable":true,"href":"https:\/\/k-beautyci.com\/fr\/wp-json\/wp\/v2\/comments?post=9840"}],"wp:featuredmedia":[{"embeddable":true,"href":"https:\/\/k-beautyci.com\/fr\/wp-json\/wp\/v2\/media\/9848"}],"wp:attachment":[{"href":"https:\/\/k-beautyci.com\/fr\/wp-json\/wp\/v2\/media?parent=9840"}],"wp:term":[{"taxonomy":"product_brand","embeddable":true,"href":"https:\/\/k-beautyci.com\/fr\/wp-json\/wp\/v2\/product_brand?post=9840"},{"taxonomy":"product_cat","embeddable":true,"href":"https:\/\/k-beautyci.com\/fr\/wp-json\/wp\/v2\/product_cat?post=9840"},{"taxonomy":"product_tag","embeddable":true,"href":"https:\/\/k-beautyci.com\/fr\/wp-json\/wp\/v2\/product_tag?post=9840"}],"curies":[{"name":"wp","href":"https:\/\/api.w.org\/{rel}","templated":true}]}}