{"id":9829,"date":"2025-11-27T22:25:47","date_gmt":"2025-11-27T22:25:47","guid":{"rendered":"https:\/\/k-beautyci.com\/?post_type=product&#038;p=9829"},"modified":"2026-04-17T23:07:00","modified_gmt":"2026-04-17T23:07:00","slug":"arencia-vitamin-c-booster-shot","status":"publish","type":"product","link":"https:\/\/k-beautyci.com\/fr\/produit\/arencia-vitamin-c-booster-shot\/","title":{"rendered":"Arencia Vitamin C Booster Shot"},"content":{"rendered":"<p>Comment l'utiliser :<\/p>\n<div class=\"product__description rte quick-add-hidden\">\n<p data-start=\"1213\" data-end=\"1453\">\u2600\ufe0f Jour \u2013 Utilisez tous les deux jours. Appliquez une petite quantit\u00e9 sur une peau propre et s\u00e8che, puis terminez par un \u00e9cran solaire pour vous prot\u00e9ger.<br data-start=\"1350\" data-end=\"1353\" \/>\ud83c\udf19 Nuit \u2013 Appliquez une fine couche sur le visage ou sur les zones ternes avant votre cr\u00e8me hydratante.<br data-start=\"1437\" data-end=\"1440\" \/>Conseils<\/p>\n<ul data-start=\"1454\" data-end=\"1647\">\n<li data-start=\"1454\" data-end=\"1538\">\n<p data-start=\"1456\" data-end=\"1538\">Si vous d\u00e9butez avec la vitamine C, commencez doucement (un jour sur deux) et laissez votre peau s'habituer.<\/p>\n<\/li>\n<li data-start=\"1539\" data-end=\"1614\">\n<p data-start=\"1541\" data-end=\"1614\">\u00c9vitez d'utiliser en m\u00eame temps des r\u00e9tino\u00efdes, des actifs puissants ou des produits exfoliants.<\/p>\n<\/li>\n<li data-start=\"1615\" data-end=\"1647\">\n<p data-start=\"1617\" data-end=\"1647\">Effectuer un test cutan\u00e9 avant la premi\u00e8re utilisation.<\/p>\n<\/li>\n<li data-start=\"1615\" data-end=\"1647\">Avertissement : Pour usage externe uniquement. Toujours effectuer un test \u00e9picutan\u00e9. Cessez d'utiliser le produit si vous ressentez une quelconque g\u00eane. Suivre les instructions suppl\u00e9mentaires figurant sur l'emballage. Les r\u00e9sultats individuels peuvent varier.<\/li>\n<\/ul>\n<\/div>","protected":false},"excerpt":{"rendered":"<p>Un s\u00e9rum concentr\u00e9 formul\u00e9 \u00e0 base de vitamine C pure et de d\u00e9riv\u00e9s de vitamine C, une forme stable et puissante de vitamine C qui aide \u00e0 am\u00e9liorer visiblement le teint terne et \u00e0 uniformiser le teint. Enrichie en niacinamide, glutathion et vitamine E, cette formule l\u00e9g\u00e8re p\u00e9n\u00e8tre rapidement pour laisser la peau fra\u00eeche, lisse et lumineuse.<\/p>","protected":false},"featured_media":9830,"comment_status":"open","ping_status":"closed","template":"","meta":{"om_disable_all_campaigns":false},"product_brand":[],"product_cat":[230,31,74,72],"product_tag":[],"class_list":{"0":"post-9829","1":"product","2":"type-product","3":"status-publish","4":"has-post-thumbnail","6":"product_cat-arencia","7":"product_cat-face-serums","8":"product_cat-niacinamide","9":"product_cat-vitamin-c","11":"first","12":"outofstock","13":"shipping-taxable","14":"purchasable","15":"product-type-simple"},"aioseo_notices":[],"jetpack_sharing_enabled":true,"_links":{"self":[{"href":"https:\/\/k-beautyci.com\/fr\/wp-json\/wp\/v2\/product\/9829","targetHints":{"allow":["GET"]}}],"collection":[{"href":"https:\/\/k-beautyci.com\/fr\/wp-json\/wp\/v2\/product"}],"about":[{"href":"https:\/\/k-beautyci.com\/fr\/wp-json\/wp\/v2\/types\/product"}],"replies":[{"embeddable":true,"href":"https:\/\/k-beautyci.com\/fr\/wp-json\/wp\/v2\/comments?post=9829"}],"wp:featuredmedia":[{"embeddable":true,"href":"https:\/\/k-beautyci.com\/fr\/wp-json\/wp\/v2\/media\/9830"}],"wp:attachment":[{"href":"https:\/\/k-beautyci.com\/fr\/wp-json\/wp\/v2\/media?parent=9829"}],"wp:term":[{"taxonomy":"product_brand","embeddable":true,"href":"https:\/\/k-beautyci.com\/fr\/wp-json\/wp\/v2\/product_brand?post=9829"},{"taxonomy":"product_cat","embeddable":true,"href":"https:\/\/k-beautyci.com\/fr\/wp-json\/wp\/v2\/product_cat?post=9829"},{"taxonomy":"product_tag","embeddable":true,"href":"https:\/\/k-beautyci.com\/fr\/wp-json\/wp\/v2\/product_tag?post=9829"}],"curies":[{"name":"wp","href":"https:\/\/api.w.org\/{rel}","templated":true}]}}