{"id":9819,"date":"2025-11-27T22:24:01","date_gmt":"2025-11-27T22:24:01","guid":{"rendered":"https:\/\/k-beautyci.com\/?post_type=product&#038;p=9819"},"modified":"2026-01-25T15:37:37","modified_gmt":"2026-01-25T15:37:37","slug":"arencia-pore-melt-mochi-cleansing-oil","status":"publish","type":"product","link":"https:\/\/k-beautyci.com\/fr\/produit\/arencia-pore-melt-mochi-cleansing-oil\/","title":{"rendered":"Arencia Pore Melt Mochi Cleansing Oil"},"content":{"rendered":"<p>Comment l'utiliser :<\/p>\n<ol data-end=\"1933\" data-start=\"1612\">\n<li data-end=\"1669\" data-start=\"1612\">\n<p data-end=\"1669\" data-start=\"1615\">Pompez 2 \u00e0 3 fois dans vos mains s\u00e8ches et propres, puis appliquez sur votre visage sec.<\/p>\n<\/li>\n<li data-end=\"1766\" data-start=\"1670\">\n<p data-end=\"1766\" data-start=\"1673\">Gently massage for 30\u201360 seconds, focusing on areas with makeup, blackheads, or excess oil.<\/p>\n<\/li>\n<li data-end=\"1835\" data-start=\"1767\">\n<p data-end=\"1835\" data-start=\"1770\">Ajoutez un peu d'eau pour \u00e9mulsionner, afin que l'huile devienne laiteuse.<\/p>\n<\/li>\n<li data-end=\"1878\" data-start=\"1836\">\n<p data-end=\"1878\" data-start=\"1839\">Rincer abondamment \u00e0 l'eau ti\u00e8de.<\/p>\n<\/li>\n<li data-end=\"1933\" data-start=\"1879\">\n<p data-end=\"1933\" data-start=\"1882\">Poursuivez avec le nettoyant Arencia Rice Mochi Cleanser pour un double nettoyage et une peau visiblement plus claire et purifi\u00e9e.<\/p>\n<\/li>\n<\/ol>\n<p>Avertissement : Pour usage externe uniquement. Toujours effectuer un test \u00e9picutan\u00e9. Cessez d'utiliser le produit si vous ressentez une quelconque g\u00eane. Suivre les instructions suppl\u00e9mentaires figurant sur l'emballage. Les r\u00e9sultats individuels peuvent varier.<\/p>","protected":false},"excerpt":{"rendered":"<p>Une huile d\u00e9maquillante douce et non com\u00e9dog\u00e8ne qui dissout sans effort le maquillage, l'exc\u00e8s de s\u00e9bum et les impuret\u00e9s des pores. Enrichie en huiles v\u00e9g\u00e9tales et en extraits apaisants, cette formule soyeuse s'\u00e9mulsionne au contact de l'eau pour laisser la peau propre, douce et parfaitement \u00e9quilibr\u00e9e, sans r\u00e9sidus ni sensation de tiraillement.<\/p>","protected":false},"featured_media":9828,"comment_status":"open","ping_status":"closed","template":"","meta":{"om_disable_all_campaigns":false},"product_brand":[],"product_cat":[230,35,63],"product_tag":[],"class_list":{"0":"post-9819","1":"product","2":"type-product","3":"status-publish","4":"has-post-thumbnail","6":"product_cat-arencia","7":"product_cat-face-cleansers","8":"product_cat-makeup-removers","10":"first","11":"instock","12":"shipping-taxable","13":"purchasable","14":"product-type-simple"},"aioseo_notices":[],"jetpack_sharing_enabled":true,"_links":{"self":[{"href":"https:\/\/k-beautyci.com\/fr\/wp-json\/wp\/v2\/product\/9819","targetHints":{"allow":["GET"]}}],"collection":[{"href":"https:\/\/k-beautyci.com\/fr\/wp-json\/wp\/v2\/product"}],"about":[{"href":"https:\/\/k-beautyci.com\/fr\/wp-json\/wp\/v2\/types\/product"}],"replies":[{"embeddable":true,"href":"https:\/\/k-beautyci.com\/fr\/wp-json\/wp\/v2\/comments?post=9819"}],"wp:featuredmedia":[{"embeddable":true,"href":"https:\/\/k-beautyci.com\/fr\/wp-json\/wp\/v2\/media\/9828"}],"wp:attachment":[{"href":"https:\/\/k-beautyci.com\/fr\/wp-json\/wp\/v2\/media?parent=9819"}],"wp:term":[{"taxonomy":"product_brand","embeddable":true,"href":"https:\/\/k-beautyci.com\/fr\/wp-json\/wp\/v2\/product_brand?post=9819"},{"taxonomy":"product_cat","embeddable":true,"href":"https:\/\/k-beautyci.com\/fr\/wp-json\/wp\/v2\/product_cat?post=9819"},{"taxonomy":"product_tag","embeddable":true,"href":"https:\/\/k-beautyci.com\/fr\/wp-json\/wp\/v2\/product_tag?post=9819"}],"curies":[{"name":"wp","href":"https:\/\/api.w.org\/{rel}","templated":true}]}}