{"id":972,"date":"2023-03-17T15:31:47","date_gmt":"2023-03-17T15:31:47","guid":{"rendered":"https:\/\/k-beautyci.com\/?post_type=product&#038;p=972"},"modified":"2024-11-02T12:05:27","modified_gmt":"2024-11-02T12:05:27","slug":"st-ives-body-wash-650ml","status":"publish","type":"product","link":"https:\/\/k-beautyci.com\/fr\/produit\/st-ives-body-wash-650ml\/","title":{"rendered":"St. Ives Body Wash 650ml"},"content":{"rendered":"<p>Comment l'utiliser :<\/p>\n<p>1. Versez une quantit\u00e9 g\u00e9n\u00e9reuse de gel douche sur vos mains ou sur votre pouf mou pr\u00e9f\u00e9r\u00e9 !<br \/>\n2. Faire mousser sur la peau mouill\u00e9e et s'impr\u00e9gner de l'incroyable parfum.<br \/>\n3. Lorsque vous avez termin\u00e9, rincez !<br \/>\n4. Une peau douce sur toute la surface !<\/p>","protected":false},"excerpt":{"rendered":"<p>Ives nettoient la peau avec une mousse somptueuse et onctueuse pour une sensation de propret\u00e9 in\u00e9gal\u00e9e.<\/p>","protected":false},"featured_media":980,"comment_status":"open","ping_status":"closed","template":"","meta":{"om_disable_all_campaigns":false},"product_brand":[],"product_cat":[143,144],"product_tag":[],"class_list":{"0":"post-972","1":"product","2":"type-product","3":"status-publish","4":"has-post-thumbnail","6":"product_cat-body-wash","7":"product_cat-st-ives","9":"first","10":"outofstock","11":"shipping-taxable","12":"purchasable","13":"product-type-variable"},"aioseo_notices":[],"jetpack_sharing_enabled":true,"_links":{"self":[{"href":"https:\/\/k-beautyci.com\/fr\/wp-json\/wp\/v2\/product\/972","targetHints":{"allow":["GET"]}}],"collection":[{"href":"https:\/\/k-beautyci.com\/fr\/wp-json\/wp\/v2\/product"}],"about":[{"href":"https:\/\/k-beautyci.com\/fr\/wp-json\/wp\/v2\/types\/product"}],"replies":[{"embeddable":true,"href":"https:\/\/k-beautyci.com\/fr\/wp-json\/wp\/v2\/comments?post=972"}],"wp:featuredmedia":[{"embeddable":true,"href":"https:\/\/k-beautyci.com\/fr\/wp-json\/wp\/v2\/media\/980"}],"wp:attachment":[{"href":"https:\/\/k-beautyci.com\/fr\/wp-json\/wp\/v2\/media?parent=972"}],"wp:term":[{"taxonomy":"product_brand","embeddable":true,"href":"https:\/\/k-beautyci.com\/fr\/wp-json\/wp\/v2\/product_brand?post=972"},{"taxonomy":"product_cat","embeddable":true,"href":"https:\/\/k-beautyci.com\/fr\/wp-json\/wp\/v2\/product_cat?post=972"},{"taxonomy":"product_tag","embeddable":true,"href":"https:\/\/k-beautyci.com\/fr\/wp-json\/wp\/v2\/product_tag?post=972"}],"curies":[{"name":"wp","href":"https:\/\/api.w.org\/{rel}","templated":true}]}}