{"id":963,"date":"2023-03-17T14:53:27","date_gmt":"2023-03-17T14:53:27","guid":{"rendered":"https:\/\/k-beautyci.com\/?post_type=product&#038;p=963"},"modified":"2025-08-04T20:20:40","modified_gmt":"2025-08-04T20:20:40","slug":"kojie-san-skin-lightening-classic-soap-100g","status":"publish","type":"product","link":"https:\/\/k-beautyci.com\/fr\/produit\/kojie-san-skin-lightening-classic-soap-100g\/","title":{"rendered":"Kojie San Skin Lightening Classic Soap \u2013 100g"},"content":{"rendered":"<p>Kojie San contient une formule d'acide kojique enti\u00e8rement naturelle qui aide \u00e0 \u00e9claircir les taches sombres dues \u00e0 l'acn\u00e9, aux taches de vieillesse, aux taches de rousseur, \u00e0 la peau endommag\u00e9e par le soleil et \u00e0 d'autres formes de pigmentation de la peau. L'acide kojique a \u00e9t\u00e9 d\u00e9couvert au Japon. Il s'agit d'un sous-produit du Koji, ou riz malt\u00e9, utilis\u00e9 dans la fabrication du vin de riz. En cosm\u00e9tique, l'acide kojique est connu pour ses excellents effets blanchissants et ses propri\u00e9t\u00e9s antioxydantes.<\/p>\n<p>Avertissement : Pour usage externe uniquement. Toujours effectuer un test \u00e9picutan\u00e9. Cessez d'utiliser le produit si vous ressentez une quelconque g\u00eane. Suivre les instructions suppl\u00e9mentaires figurant sur l'emballage. Les r\u00e9sultats individuels peuvent varier.<\/p>","protected":false},"excerpt":{"rendered":"<p>Kojie San has an all-natural kojic acid formula that helps lighten dark spots due to acne, age spots, freckles, sun-damaged skin, and other skin pigmentation. Kojic Acid was discovered in Japan. It is a by-product of Koji, or Malted Rice, for use in the manufacture of rice wine. In cosmetics, Kojic Acid is popularly known [&hellip;]<\/p>\n","protected":false},"featured_media":969,"comment_status":"open","ping_status":"closed","template":"","meta":{"om_disable_all_campaigns":false},"product_brand":[],"product_cat":[141,52,35,142],"product_tag":[],"class_list":{"0":"post-963","1":"product","2":"type-product","3":"status-publish","4":"has-post-thumbnail","6":"product_cat-body-soap","7":"product_cat-dark-spots","8":"product_cat-face-cleansers","9":"product_cat-kojie-san","11":"first","12":"outofstock","13":"shipping-taxable","14":"purchasable","15":"product-type-variable"},"aioseo_notices":[],"jetpack_sharing_enabled":true,"_links":{"self":[{"href":"https:\/\/k-beautyci.com\/fr\/wp-json\/wp\/v2\/product\/963","targetHints":{"allow":["GET"]}}],"collection":[{"href":"https:\/\/k-beautyci.com\/fr\/wp-json\/wp\/v2\/product"}],"about":[{"href":"https:\/\/k-beautyci.com\/fr\/wp-json\/wp\/v2\/types\/product"}],"replies":[{"embeddable":true,"href":"https:\/\/k-beautyci.com\/fr\/wp-json\/wp\/v2\/comments?post=963"}],"wp:featuredmedia":[{"embeddable":true,"href":"https:\/\/k-beautyci.com\/fr\/wp-json\/wp\/v2\/media\/969"}],"wp:attachment":[{"href":"https:\/\/k-beautyci.com\/fr\/wp-json\/wp\/v2\/media?parent=963"}],"wp:term":[{"taxonomy":"product_brand","embeddable":true,"href":"https:\/\/k-beautyci.com\/fr\/wp-json\/wp\/v2\/product_brand?post=963"},{"taxonomy":"product_cat","embeddable":true,"href":"https:\/\/k-beautyci.com\/fr\/wp-json\/wp\/v2\/product_cat?post=963"},{"taxonomy":"product_tag","embeddable":true,"href":"https:\/\/k-beautyci.com\/fr\/wp-json\/wp\/v2\/product_tag?post=963"}],"curies":[{"name":"wp","href":"https:\/\/api.w.org\/{rel}","templated":true}]}}