{"id":961,"date":"2023-03-16T18:30:55","date_gmt":"2023-03-16T18:30:55","guid":{"rendered":"https:\/\/k-beautyci.com\/?post_type=product&#038;p=961"},"modified":"2025-06-25T12:50:44","modified_gmt":"2025-06-25T12:50:44","slug":"kao-biore-uv-aqua-rich-aqua-protect-lotion-spf50-pa-70ml","status":"publish","type":"product","link":"https:\/\/k-beautyci.com\/fr\/produit\/kao-biore-uv-aqua-rich-aqua-protect-lotion-spf50-pa-70ml\/","title":{"rendered":"Kao Biore UV Aqua Rich Aqua Protect Lotion SPF50 + PA ++++ 70ml"},"content":{"rendered":"<p>Non com\u00e9dog\u00e8ne et test\u00e9e contre les allergies, la formule de la nouvelle lotion UV Aqua Rich Aqua Protect de Bior\u00e9 est soigneusement \u00e9labor\u00e9e pour emp\u00eacher la formation d'acn\u00e9. Elle peut \u00e9galement \u00eatre nettoy\u00e9e facilement et efficacement avec un nettoyant pour le visage ou avec du savon \u00e0 la fin de la journ\u00e9e, sans laisser de r\u00e9sidus.<\/p>\n<p>Il est rapidement absorb\u00e9 par la peau et ne n\u00e9cessite qu'un minimum d'estompement. Il ressemble \u00e0 la texture naturelle de la peau et est lisse et non collant, ce qui fait de la peau une toile parfaite pour faire glisser le maquillage sans effort.<\/p>\n<p>&nbsp;<\/p>\n<div class=\"g-Text l-Text cat-ProductTextPack__pb\">\n<p class=\"cmn-richtext\">Aucune trace de blanc<br \/>\n- Fixe avec une texture l\u00e9g\u00e8re, non collante et lisse pour un confort et une application facile du maquillage.<\/p>\n<p>\u2022 Infused with skin care ingredients: Hyaluronic Acid, Royal Jelly Extract and Moisturizing Glycerin<br \/>\n- SPF50+ PA++++ protection UVA et UVB<br \/>\n- Tr\u00e8s r\u00e9sistant \u00e0 l'eau<br \/>\n- Peut \u00eatre enlev\u00e9 avec du savon<br \/>\n- Test\u00e9 non com\u00e9dog\u00e8ne. La formule emp\u00eache la formation d'acn\u00e9. Test\u00e9 contre les allergies. Non-com\u00e9dog\u00e8ne et test\u00e9 contre les allergies. L'efficacit\u00e9 varie d'une personne \u00e0 l'autre.<br \/>\n- Pour le visage et le corps<\/p>\n<\/div>\n<div class=\"g-Text l-Text\">\n<p class=\"cmn-richtext\">Protection UV<\/p>\n<\/div>\n<div class=\"g-Text l-Text\">\n<p class=\"cmn-richtext\">70ml<\/p>\n<\/div>","protected":false},"excerpt":{"rendered":"<p>Ultra-l\u00e9g\u00e8re et d'une texture proche de celle de l'eau, la lotion Bior\u00e9 UV Aqua Rich Aqua Protect, non collante et lisse, s'\u00e9tale rapidement et facilement, ce qui en fait un v\u00e9ritable jeu d'enfant. Gr\u00e2ce \u00e0 une technologie unique et avanc\u00e9e qui encapsule les ingr\u00e9dients UV Protect dans des capsules de taille nanom\u00e9trique, chaque pression de la nouvelle lotion Bior\u00e9 UV Aqua Rich Aqua Protect garantit une protection uniforme et suffisante. Elle est \u00e9galement enrichie d'ingr\u00e9dients de soin pour la peau et est tr\u00e8s r\u00e9sistante \u00e0 l'eau.<\/p>","protected":false},"featured_media":962,"comment_status":"open","ping_status":"closed","template":"","meta":{"om_disable_all_campaigns":false},"product_brand":[],"product_cat":[77],"product_tag":[],"class_list":{"0":"post-961","1":"product","2":"type-product","3":"status-publish","4":"has-post-thumbnail","6":"product_cat-spf-50","8":"first","9":"outofstock","10":"sale","11":"shipping-taxable","12":"purchasable","13":"product-type-simple"},"aioseo_notices":[],"jetpack_sharing_enabled":true,"_links":{"self":[{"href":"https:\/\/k-beautyci.com\/fr\/wp-json\/wp\/v2\/product\/961","targetHints":{"allow":["GET"]}}],"collection":[{"href":"https:\/\/k-beautyci.com\/fr\/wp-json\/wp\/v2\/product"}],"about":[{"href":"https:\/\/k-beautyci.com\/fr\/wp-json\/wp\/v2\/types\/product"}],"replies":[{"embeddable":true,"href":"https:\/\/k-beautyci.com\/fr\/wp-json\/wp\/v2\/comments?post=961"}],"wp:featuredmedia":[{"embeddable":true,"href":"https:\/\/k-beautyci.com\/fr\/wp-json\/wp\/v2\/media\/962"}],"wp:attachment":[{"href":"https:\/\/k-beautyci.com\/fr\/wp-json\/wp\/v2\/media?parent=961"}],"wp:term":[{"taxonomy":"product_brand","embeddable":true,"href":"https:\/\/k-beautyci.com\/fr\/wp-json\/wp\/v2\/product_brand?post=961"},{"taxonomy":"product_cat","embeddable":true,"href":"https:\/\/k-beautyci.com\/fr\/wp-json\/wp\/v2\/product_cat?post=961"},{"taxonomy":"product_tag","embeddable":true,"href":"https:\/\/k-beautyci.com\/fr\/wp-json\/wp\/v2\/product_tag?post=961"}],"curies":[{"name":"wp","href":"https:\/\/api.w.org\/{rel}","templated":true}]}}