{"id":9601,"date":"2025-10-14T01:04:45","date_gmt":"2025-10-14T01:04:45","guid":{"rendered":"https:\/\/k-beautyci.com\/?post_type=product&#038;p=9601"},"modified":"2026-04-08T06:34:19","modified_gmt":"2026-04-08T06:34:19","slug":"tocobo-bio-watery-sun-cream-deluxe-set","status":"publish","type":"product","link":"https:\/\/k-beautyci.com\/fr\/produit\/tocobo-bio-watery-sun-cream-deluxe-set\/","title":{"rendered":"TOCOBO Bio Watery Sun Cream + Deluxe Set"},"content":{"rendered":"<p><b>Comment l'utiliser :<\/b><br \/>\n1. \u00c0 la derni\u00e8re \u00e9tape de votre routine de soins de la peau, appliquez une quantit\u00e9 mod\u00e9r\u00e9e et tapotez doucement jusqu'\u00e0 absorption compl\u00e8te.<\/p>\n<p>2. Appliquez sur le cou, les bras, les jambes et toute autre zone susceptible d'\u00eatre expos\u00e9e au soleil.<\/p>\n<p>Avertissement : Pour usage externe uniquement. Toujours effectuer un test \u00e9picutan\u00e9. Cessez d'utiliser le produit si vous ressentez une quelconque g\u00eane. Suivre les instructions suppl\u00e9mentaires figurant sur l'emballage. Les r\u00e9sultats individuels peuvent varier.<\/p>","protected":false},"excerpt":{"rendered":"<p>Ce coffret comprend deux cr\u00e8mes solaires vegan SPF 50+ et PA++++ de TOCOBO : la cr\u00e8me solaire chimique Bio Watery Sun Cream et la cr\u00e8me solaire hybride min\u00e9rale-chimique Vita Tone Up Sun Cream. La cr\u00e8me solaire Bio Watery Sun Cream poss\u00e8de une texture semblable \u00e0 celle d'un s\u00e9rum qui laisse un fini naturel sans effet masque. Elle est enrichie en extrait de haricot mungo et en acide bio-hyaluronique pour apaiser les irritations et booster l'hydratation de la peau.<\/p>","protected":false},"featured_media":9604,"comment_status":"open","ping_status":"closed","template":"","meta":{"om_disable_all_campaigns":false},"product_brand":[],"product_cat":[77,95],"product_tag":[],"class_list":{"0":"post-9601","1":"product","2":"type-product","3":"status-publish","4":"has-post-thumbnail","6":"product_cat-spf-50","7":"product_cat-tocobo","9":"first","10":"instock","11":"shipping-taxable","12":"purchasable","13":"product-type-simple"},"aioseo_notices":[],"jetpack_sharing_enabled":true,"_links":{"self":[{"href":"https:\/\/k-beautyci.com\/fr\/wp-json\/wp\/v2\/product\/9601","targetHints":{"allow":["GET"]}}],"collection":[{"href":"https:\/\/k-beautyci.com\/fr\/wp-json\/wp\/v2\/product"}],"about":[{"href":"https:\/\/k-beautyci.com\/fr\/wp-json\/wp\/v2\/types\/product"}],"replies":[{"embeddable":true,"href":"https:\/\/k-beautyci.com\/fr\/wp-json\/wp\/v2\/comments?post=9601"}],"wp:featuredmedia":[{"embeddable":true,"href":"https:\/\/k-beautyci.com\/fr\/wp-json\/wp\/v2\/media\/9604"}],"wp:attachment":[{"href":"https:\/\/k-beautyci.com\/fr\/wp-json\/wp\/v2\/media?parent=9601"}],"wp:term":[{"taxonomy":"product_brand","embeddable":true,"href":"https:\/\/k-beautyci.com\/fr\/wp-json\/wp\/v2\/product_brand?post=9601"},{"taxonomy":"product_cat","embeddable":true,"href":"https:\/\/k-beautyci.com\/fr\/wp-json\/wp\/v2\/product_cat?post=9601"},{"taxonomy":"product_tag","embeddable":true,"href":"https:\/\/k-beautyci.com\/fr\/wp-json\/wp\/v2\/product_tag?post=9601"}],"curies":[{"name":"wp","href":"https:\/\/api.w.org\/{rel}","templated":true}]}}