{"id":9597,"date":"2025-10-14T00:57:11","date_gmt":"2025-10-14T00:57:11","guid":{"rendered":"https:\/\/k-beautyci.com\/?post_type=product&#038;p=9597"},"modified":"2025-10-20T00:44:37","modified_gmt":"2025-10-20T00:44:37","slug":"medix-5-5-glycolic-acid-lactic-acid-skin-perfecting-body-wash","status":"publish","type":"product","link":"https:\/\/k-beautyci.com\/fr\/produit\/medix-5-5-glycolic-acid-lactic-acid-skin-perfecting-body-wash\/","title":{"rendered":"Medix 5.5 Glycolic Acid + Lactic Acid Skin Perfecting Body Wash"},"content":{"rendered":"","protected":false},"excerpt":{"rendered":"<p>Commencez chaque journ\u00e9e avec une peau plus lisse et \u00e9clatante gr\u00e2ce \u00e0 ce gel douche au glycolique et \u00e0 l'acide lactique. Ce nettoyant sans SLS\/SLES exfolie en douceur pour \u00e9liminer les cellules mortes et ternes \u00e0 la surface de la peau, r\u00e9v\u00e9lant une peau plus douce, plus lisse et plus uniforme. Compos\u00e9 d'un m\u00e9lange d'acide glycolique, d'acide lactique et d'acide salicylique, ce nettoyant est id\u00e9al pour lutter contre les textures rugueuses, les teints irr\u00e9guliers et la \u00ab peau de fraise \u00bb.<\/p>","protected":false},"featured_media":9600,"comment_status":"open","ping_status":"closed","template":"","meta":{"om_disable_all_campaigns":false},"product_brand":[],"product_cat":[78,139],"product_tag":[],"class_list":{"0":"post-9597","1":"product","2":"type-product","3":"status-publish","4":"has-post-thumbnail","6":"product_cat-aha-bha","7":"product_cat-medix-5-5","9":"first","10":"instock","11":"shipping-taxable","12":"purchasable","13":"product-type-simple"},"aioseo_notices":[],"jetpack_sharing_enabled":true,"_links":{"self":[{"href":"https:\/\/k-beautyci.com\/fr\/wp-json\/wp\/v2\/product\/9597","targetHints":{"allow":["GET"]}}],"collection":[{"href":"https:\/\/k-beautyci.com\/fr\/wp-json\/wp\/v2\/product"}],"about":[{"href":"https:\/\/k-beautyci.com\/fr\/wp-json\/wp\/v2\/types\/product"}],"replies":[{"embeddable":true,"href":"https:\/\/k-beautyci.com\/fr\/wp-json\/wp\/v2\/comments?post=9597"}],"wp:featuredmedia":[{"embeddable":true,"href":"https:\/\/k-beautyci.com\/fr\/wp-json\/wp\/v2\/media\/9600"}],"wp:attachment":[{"href":"https:\/\/k-beautyci.com\/fr\/wp-json\/wp\/v2\/media?parent=9597"}],"wp:term":[{"taxonomy":"product_brand","embeddable":true,"href":"https:\/\/k-beautyci.com\/fr\/wp-json\/wp\/v2\/product_brand?post=9597"},{"taxonomy":"product_cat","embeddable":true,"href":"https:\/\/k-beautyci.com\/fr\/wp-json\/wp\/v2\/product_cat?post=9597"},{"taxonomy":"product_tag","embeddable":true,"href":"https:\/\/k-beautyci.com\/fr\/wp-json\/wp\/v2\/product_tag?post=9597"}],"curies":[{"name":"wp","href":"https:\/\/api.w.org\/{rel}","templated":true}]}}