{"id":959,"date":"2023-03-16T18:13:12","date_gmt":"2023-03-16T18:13:12","guid":{"rendered":"https:\/\/k-beautyci.com\/?post_type=product&#038;p=959"},"modified":"2023-07-02T12:50:08","modified_gmt":"2023-07-02T12:50:08","slug":"vaseline-overnight-radiance-repair-lotion","status":"publish","type":"product","link":"https:\/\/k-beautyci.com\/fr\/produit\/vaseline-overnight-radiance-repair-lotion\/","title":{"rendered":"Vaseline Overnight Radiance Repair Lotion"},"content":{"rendered":"<div>Renforc\u00e9e par la technologie Gluta Glow, 10 fois plus puissante que la vitamine C, la vaseline aide \u00e9galement \u00e0 r\u00e9duire les causes de la peau terne.<\/div>\n<div>- Le Hyaluron 10x renforce l'hydratation de la peau pour une peau ros\u00e9e<\/div>\n<div>- Le complexe 10x Amino-Peptide nourrit et revitalise les peaux fatigu\u00e9es pour leur donner un aspect radieux et repulp\u00e9 pendant la nuit, comme si votre peau \u00e9tait bien repos\u00e9e, tout en renfor\u00e7ant la barri\u00e8re cutan\u00e9e pour pr\u00e9venir la perte d'hydratation.<\/div>\n<div>- La gel\u00e9e cicatrisante de Vaseline emprisonne l'humidit\u00e9 en profondeur et r\u00e9tablit l'\u00e9quilibre naturel de la peau.<\/div>\n<div>- Aussi concentr\u00e9 que 10 feuilles de masque, mais avec une texture l\u00e9g\u00e8re qui \u00e9clate en gouttelettes d'eau et est instantan\u00e9ment absorb\u00e9e en profondeur par les cellules de la peau. La peau est plus \u00e9clatante et repulp\u00e9e.<\/div>\n<div>- Formule non collante<\/div>\n<div>Size: 300ml<\/div>","protected":false},"excerpt":{"rendered":"<p>Boosted with Gluta Glow technology, 10x more potent than Vitamin C. Vaseline also helps reduce dull skin\u2019s causes. \u2013 10x Hyaluron boosts skin moisture for dewy skin \u2013 10x Amino-Peptide Complex nourishes and revitalizes tired skin to make it look radiant and plumped up overnight as if your skin is well-rested while strengthening the skin [&hellip;]<\/p>\n","protected":false},"featured_media":960,"comment_status":"open","ping_status":"closed","template":"","meta":{"om_disable_all_campaigns":false},"product_brand":[],"product_cat":[138,140],"product_tag":[],"class_list":{"0":"post-959","1":"product","2":"type-product","3":"status-publish","4":"has-post-thumbnail","6":"product_cat-body-moisturizers","7":"product_cat-vaseline","9":"first","10":"outofstock","11":"shipping-taxable","12":"purchasable","13":"product-type-simple"},"aioseo_notices":[],"jetpack_sharing_enabled":true,"_links":{"self":[{"href":"https:\/\/k-beautyci.com\/fr\/wp-json\/wp\/v2\/product\/959","targetHints":{"allow":["GET"]}}],"collection":[{"href":"https:\/\/k-beautyci.com\/fr\/wp-json\/wp\/v2\/product"}],"about":[{"href":"https:\/\/k-beautyci.com\/fr\/wp-json\/wp\/v2\/types\/product"}],"replies":[{"embeddable":true,"href":"https:\/\/k-beautyci.com\/fr\/wp-json\/wp\/v2\/comments?post=959"}],"wp:featuredmedia":[{"embeddable":true,"href":"https:\/\/k-beautyci.com\/fr\/wp-json\/wp\/v2\/media\/960"}],"wp:attachment":[{"href":"https:\/\/k-beautyci.com\/fr\/wp-json\/wp\/v2\/media?parent=959"}],"wp:term":[{"taxonomy":"product_brand","embeddable":true,"href":"https:\/\/k-beautyci.com\/fr\/wp-json\/wp\/v2\/product_brand?post=959"},{"taxonomy":"product_cat","embeddable":true,"href":"https:\/\/k-beautyci.com\/fr\/wp-json\/wp\/v2\/product_cat?post=959"},{"taxonomy":"product_tag","embeddable":true,"href":"https:\/\/k-beautyci.com\/fr\/wp-json\/wp\/v2\/product_tag?post=959"}],"curies":[{"name":"wp","href":"https:\/\/api.w.org\/{rel}","templated":true}]}}