{"id":9588,"date":"2025-10-14T00:49:08","date_gmt":"2025-10-14T00:49:08","guid":{"rendered":"https:\/\/k-beautyci.com\/?post_type=product&#038;p=9588"},"modified":"2025-11-21T17:41:03","modified_gmt":"2025-11-21T17:41:03","slug":"vt-garlic-ac-reedle-shot-spot-patch","status":"publish","type":"product","link":"https:\/\/k-beautyci.com\/fr\/produit\/vt-garlic-ac-reedle-shot-spot-patch\/","title":{"rendered":"VT Garlic AC Reedle Shot Spot Patch"},"content":{"rendered":"<p><b>Comment l'utiliser :<\/b><br \/>\n1. Apr\u00e8s avoir nettoy\u00e9 et s\u00e9ch\u00e9 votre peau, retirez le film des deux c\u00f4t\u00e9s du patch, en \u00e9vitant tout contact avec le centre.<\/p>\n<p>2. Alignez le patch avec le centre de la zone affect\u00e9e et appuyez fermement dessus \u00e0 la verticale.<\/p>\n<p>3. Apr\u00e8s 8 \u00e0 12 heures, retirez d\u00e9licatement le patch en commen\u00e7ant par les bords.<\/p>\n<p>Avertissement : Pour usage externe uniquement. Toujours effectuer un test \u00e9picutan\u00e9. Cessez d'utiliser le produit si vous ressentez une quelconque g\u00eane. Suivre les instructions suppl\u00e9mentaires figurant sur l'emballage. Les r\u00e9sultats individuels peuvent varier.<\/p>","protected":false},"excerpt":{"rendered":"<p>Traitez rapidement et efficacement les peaux \u00e0 probl\u00e8mes gr\u00e2ce \u00e0 ces patchs impr\u00e9gn\u00e9s d'extrait apaisant d'arbre \u00e0 th\u00e9 et d'exosomes d'ail anti-acn\u00e9iques. Chaque patch contient \u00e9galement du Cica Reedle de VT, qui renferme des spicules impr\u00e9gn\u00e9es de centella pour diffuser les ingr\u00e9dients actifs en profondeur dans la peau.<\/p>","protected":false},"featured_media":9595,"comment_status":"open","ping_status":"closed","template":"","meta":{"om_disable_all_campaigns":false},"product_brand":[],"product_cat":[60,211],"product_tag":[],"class_list":{"0":"post-9588","1":"product","2":"type-product","3":"status-publish","4":"has-post-thumbnail","6":"product_cat-acne","7":"product_cat-vt-cosmetics","9":"first","10":"instock","11":"shipping-taxable","12":"purchasable","13":"product-type-simple"},"aioseo_notices":[],"jetpack_sharing_enabled":true,"_links":{"self":[{"href":"https:\/\/k-beautyci.com\/fr\/wp-json\/wp\/v2\/product\/9588","targetHints":{"allow":["GET"]}}],"collection":[{"href":"https:\/\/k-beautyci.com\/fr\/wp-json\/wp\/v2\/product"}],"about":[{"href":"https:\/\/k-beautyci.com\/fr\/wp-json\/wp\/v2\/types\/product"}],"replies":[{"embeddable":true,"href":"https:\/\/k-beautyci.com\/fr\/wp-json\/wp\/v2\/comments?post=9588"}],"wp:featuredmedia":[{"embeddable":true,"href":"https:\/\/k-beautyci.com\/fr\/wp-json\/wp\/v2\/media\/9595"}],"wp:attachment":[{"href":"https:\/\/k-beautyci.com\/fr\/wp-json\/wp\/v2\/media?parent=9588"}],"wp:term":[{"taxonomy":"product_brand","embeddable":true,"href":"https:\/\/k-beautyci.com\/fr\/wp-json\/wp\/v2\/product_brand?post=9588"},{"taxonomy":"product_cat","embeddable":true,"href":"https:\/\/k-beautyci.com\/fr\/wp-json\/wp\/v2\/product_cat?post=9588"},{"taxonomy":"product_tag","embeddable":true,"href":"https:\/\/k-beautyci.com\/fr\/wp-json\/wp\/v2\/product_tag?post=9588"}],"curies":[{"name":"wp","href":"https:\/\/api.w.org\/{rel}","templated":true}]}}