{"id":9584,"date":"2025-10-14T00:32:37","date_gmt":"2025-10-14T00:32:37","guid":{"rendered":"https:\/\/k-beautyci.com\/?post_type=product&#038;p=9584"},"modified":"2025-11-07T15:22:53","modified_gmt":"2025-11-07T15:22:53","slug":"vt-azelaic-a1-calming-ampoule","status":"publish","type":"product","link":"https:\/\/k-beautyci.com\/fr\/produit\/vt-azelaic-a1-calming-ampoule\/","title":{"rendered":"VT Azelaic A1 Calming Ampoule"},"content":{"rendered":"<p><b>Comment l'utiliser :<\/b><\/p>\n<p>Apr\u00e8s avoir nettoy\u00e9 votre peau le matin ou le soir, appliquez une quantit\u00e9 mod\u00e9r\u00e9e d'ampoule. Massez et \u00e9talez uniform\u00e9ment sur l'ensemble du visage pour favoriser l'absorption.<\/p>\n<p>Avertissement : Pour usage externe uniquement. Toujours effectuer un test \u00e9picutan\u00e9. Cessez d'utiliser le produit si vous ressentez une quelconque g\u00eane. Suivre les instructions suppl\u00e9mentaires figurant sur l'emballage. Les r\u00e9sultats individuels peuvent varier.<\/p>","protected":false},"excerpt":{"rendered":"<p>Cette ampoule est formul\u00e9e \u00e0 base d'acide az\u00e9la\u00efque hautement concentr\u00e9 pour apaiser instantan\u00e9ment les rougeurs, contr\u00f4ler la production excessive de s\u00e9bum et affiner le grain de peau. Elle est enrichie en exosomes nanom\u00e9triques contenant de l'extrait de cica pour apaiser davantage les peaux irrit\u00e9es. L\u00e9g\u00e8re et l\u00e9g\u00e8rement acide, cette ampoule est sans parfum artificiel. Elle est parfaite pour les peaux sensibles et sujettes \u00e0 l'acn\u00e9.<\/p>","protected":false},"featured_media":9587,"comment_status":"open","ping_status":"closed","template":"","meta":{"om_disable_all_campaigns":false},"product_brand":[],"product_cat":[60,165,31,211],"product_tag":[],"class_list":{"0":"post-9584","1":"product","2":"type-product","3":"status-publish","4":"has-post-thumbnail","6":"product_cat-acne","7":"product_cat-azelaic-acid","8":"product_cat-face-serums","9":"product_cat-vt-cosmetics","11":"first","12":"instock","13":"sale","14":"shipping-taxable","15":"purchasable","16":"product-type-simple"},"aioseo_notices":[],"jetpack_sharing_enabled":true,"_links":{"self":[{"href":"https:\/\/k-beautyci.com\/fr\/wp-json\/wp\/v2\/product\/9584","targetHints":{"allow":["GET"]}}],"collection":[{"href":"https:\/\/k-beautyci.com\/fr\/wp-json\/wp\/v2\/product"}],"about":[{"href":"https:\/\/k-beautyci.com\/fr\/wp-json\/wp\/v2\/types\/product"}],"replies":[{"embeddable":true,"href":"https:\/\/k-beautyci.com\/fr\/wp-json\/wp\/v2\/comments?post=9584"}],"wp:featuredmedia":[{"embeddable":true,"href":"https:\/\/k-beautyci.com\/fr\/wp-json\/wp\/v2\/media\/9587"}],"wp:attachment":[{"href":"https:\/\/k-beautyci.com\/fr\/wp-json\/wp\/v2\/media?parent=9584"}],"wp:term":[{"taxonomy":"product_brand","embeddable":true,"href":"https:\/\/k-beautyci.com\/fr\/wp-json\/wp\/v2\/product_brand?post=9584"},{"taxonomy":"product_cat","embeddable":true,"href":"https:\/\/k-beautyci.com\/fr\/wp-json\/wp\/v2\/product_cat?post=9584"},{"taxonomy":"product_tag","embeddable":true,"href":"https:\/\/k-beautyci.com\/fr\/wp-json\/wp\/v2\/product_tag?post=9584"}],"curies":[{"name":"wp","href":"https:\/\/api.w.org\/{rel}","templated":true}]}}