{"id":957,"date":"2023-03-16T18:09:36","date_gmt":"2023-03-16T18:09:36","guid":{"rendered":"https:\/\/k-beautyci.com\/?post_type=product&#038;p=957"},"modified":"2023-06-06T13:32:45","modified_gmt":"2023-06-06T13:32:45","slug":"vaseline-body-niacinamide-tone-up-uv-lotion","status":"publish","type":"product","link":"https:\/\/k-beautyci.com\/fr\/produit\/vaseline-body-niacinamide-tone-up-uv-lotion\/","title":{"rendered":"Vaseline Body Niacinamide Tone-up Uv Lotion"},"content":{"rendered":"<p>Vaseline Healthy Bright Gluta Hya Body UV Lotion Niacinamide Tone Up - Renforc\u00e9e par la technologie Gluta Glow, qui est 10 fois plus puissante que la vitamine C. Vaseline aide \u00e9galement \u00e0 r\u00e9duire les causes de la peau terne. - Le Hyaluron 10x renforce l'hydratation de la peau pour une peau ros\u00e9e - Le Niacinamide 10x donne \u00e0 la peau un \u00e9clat naturel et durable - Les Micro Reflectors donnent une peau 4X plus lumineuse instantan\u00e9ment et les filtres UV prot\u00e8gent contre les dommages caus\u00e9s par le soleil - Pour un fini naturel et doux qui unifie les taches sombres et s'estompe sans effort pour que vous ayez toujours l'air de vous. La peau est radieuse et hydrat\u00e9e jusqu'\u00e0 12 heures. - Con\u00e7u pour toutes les carnations - Formule non collante<\/p>\n<p>Size:300ml<\/p>\n<p>Avertissement : Pour usage externe uniquement. Toujours effectuer un test \u00e9picutan\u00e9. Cessez d'utiliser le produit si vous ressentez une quelconque g\u00eane. Suivre les instructions suppl\u00e9mentaires figurant sur l'emballage. Les r\u00e9sultats individuels peuvent varier.<\/p>","protected":false},"excerpt":{"rendered":"<p>Vaseline Healthy Bright Gluta Hya Body UV Lotion Niacinamide Tone Up \u2013 Boosted with Gluta Glow technology, which is 10x more potent than Vitamin C. Vaseline also helps to reduce the causes of dull skin. \u2013 10x Hyaluron boosts skin moisture for dewy skin \u2013 10x Niacinamide gives skin a natural-looking and long-lasting glow \u2013 [&hellip;]<\/p>\n","protected":false},"featured_media":958,"comment_status":"open","ping_status":"closed","template":"","meta":{"om_disable_all_campaigns":false},"product_brand":[],"product_cat":[138,74,140],"product_tag":[],"class_list":{"0":"post-957","1":"product","2":"type-product","3":"status-publish","4":"has-post-thumbnail","6":"product_cat-body-moisturizers","7":"product_cat-niacinamide","8":"product_cat-vaseline","10":"first","11":"outofstock","12":"shipping-taxable","13":"purchasable","14":"product-type-simple"},"aioseo_notices":[],"jetpack_sharing_enabled":true,"_links":{"self":[{"href":"https:\/\/k-beautyci.com\/fr\/wp-json\/wp\/v2\/product\/957","targetHints":{"allow":["GET"]}}],"collection":[{"href":"https:\/\/k-beautyci.com\/fr\/wp-json\/wp\/v2\/product"}],"about":[{"href":"https:\/\/k-beautyci.com\/fr\/wp-json\/wp\/v2\/types\/product"}],"replies":[{"embeddable":true,"href":"https:\/\/k-beautyci.com\/fr\/wp-json\/wp\/v2\/comments?post=957"}],"wp:featuredmedia":[{"embeddable":true,"href":"https:\/\/k-beautyci.com\/fr\/wp-json\/wp\/v2\/media\/958"}],"wp:attachment":[{"href":"https:\/\/k-beautyci.com\/fr\/wp-json\/wp\/v2\/media?parent=957"}],"wp:term":[{"taxonomy":"product_brand","embeddable":true,"href":"https:\/\/k-beautyci.com\/fr\/wp-json\/wp\/v2\/product_brand?post=957"},{"taxonomy":"product_cat","embeddable":true,"href":"https:\/\/k-beautyci.com\/fr\/wp-json\/wp\/v2\/product_cat?post=957"},{"taxonomy":"product_tag","embeddable":true,"href":"https:\/\/k-beautyci.com\/fr\/wp-json\/wp\/v2\/product_tag?post=957"}],"curies":[{"name":"wp","href":"https:\/\/api.w.org\/{rel}","templated":true}]}}