{"id":954,"date":"2023-03-16T17:52:19","date_gmt":"2023-03-16T17:52:19","guid":{"rendered":"https:\/\/k-beautyci.com\/?post_type=product&#038;p=954"},"modified":"2026-03-24T13:55:18","modified_gmt":"2026-03-24T13:55:18","slug":"medix-5-5-vitamin-c-cream","status":"publish","type":"product","link":"https:\/\/k-beautyci.com\/fr\/produit\/medix-5-5-vitamin-c-cream\/","title":{"rendered":"Medix 5.5 Vitamin C Cream + Turmeric"},"content":{"rendered":"<ul>\n<li>La cr\u00e8me Medix 5.5 Vitamine C est la combinaison parfaite d'ingr\u00e9dients anti-\u00e2ge. La lotion \u00e0 la vitamine C aide \u00e0 unifier le teint de la peau. L'acide f\u00e9rulique naturel cible la peau endommag\u00e9e par le soleil.<\/li>\n<li>Le curcuma favorise une peau ferme et d'apparence jeune tout en aidant \u00e0 hydrater la peau s\u00e8che et d\u00e9shydrat\u00e9e. Comprend des hydratants revitalisants et repulpants pour la peau.<\/li>\n<li>Cette cr\u00e8me grand format de 15 oz \u00e0 la vitamine C peut \u00eatre utilis\u00e9e pour am\u00e9liorer l'aspect de la peau du visage, du contour des yeux, du cou, du d\u00e9collet\u00e9, des mains et du corps. Elle convient \u00e0 tous les types de peau, y compris les peaux grasses et sensibles.<\/li>\n<li>Cette cr\u00e8me hydratante contient \u00e9galement d'autres ingr\u00e9dients naturels de qualit\u00e9 tels que le beurre de karit\u00e9, l'aloe vera et des extraits naturels de pomme, de tournesol et de romarin. Ces ingr\u00e9dients hydratent la peau et la rendent plus douce.<\/li>\n<\/ul>","protected":false},"excerpt":{"rendered":"<p>Medix 5.5 Vitamin C cream is the perfect combination of anti-aging ingredients. Vitamin C lotion helps promote even skin tone. Natural Ferulic Acid targets sun damaged skin. Turmeric supports firm, youthful looking skin while helping hydrate and moisturize dehydrated dry skin. Features revitalizing skin plumping moisturizers. This supersize 15oz cream with Vitamin C can be [&hellip;]<\/p>\n","protected":false},"featured_media":11151,"comment_status":"open","ping_status":"closed","template":"","meta":{"om_disable_all_campaigns":false},"product_brand":[],"product_cat":[138,139,72],"product_tag":[],"class_list":{"0":"post-954","1":"product","2":"type-product","3":"status-publish","4":"has-post-thumbnail","6":"product_cat-body-moisturizers","7":"product_cat-medix-5-5","8":"product_cat-vitamin-c","10":"first","11":"outofstock","12":"shipping-taxable","13":"purchasable","14":"product-type-simple"},"aioseo_notices":[],"jetpack_sharing_enabled":true,"_links":{"self":[{"href":"https:\/\/k-beautyci.com\/fr\/wp-json\/wp\/v2\/product\/954","targetHints":{"allow":["GET"]}}],"collection":[{"href":"https:\/\/k-beautyci.com\/fr\/wp-json\/wp\/v2\/product"}],"about":[{"href":"https:\/\/k-beautyci.com\/fr\/wp-json\/wp\/v2\/types\/product"}],"replies":[{"embeddable":true,"href":"https:\/\/k-beautyci.com\/fr\/wp-json\/wp\/v2\/comments?post=954"}],"wp:featuredmedia":[{"embeddable":true,"href":"https:\/\/k-beautyci.com\/fr\/wp-json\/wp\/v2\/media\/11151"}],"wp:attachment":[{"href":"https:\/\/k-beautyci.com\/fr\/wp-json\/wp\/v2\/media?parent=954"}],"wp:term":[{"taxonomy":"product_brand","embeddable":true,"href":"https:\/\/k-beautyci.com\/fr\/wp-json\/wp\/v2\/product_brand?post=954"},{"taxonomy":"product_cat","embeddable":true,"href":"https:\/\/k-beautyci.com\/fr\/wp-json\/wp\/v2\/product_cat?post=954"},{"taxonomy":"product_tag","embeddable":true,"href":"https:\/\/k-beautyci.com\/fr\/wp-json\/wp\/v2\/product_tag?post=954"}],"curies":[{"name":"wp","href":"https:\/\/api.w.org\/{rel}","templated":true}]}}