{"id":952,"date":"2023-03-16T17:46:26","date_gmt":"2023-03-16T17:46:26","guid":{"rendered":"https:\/\/k-beautyci.com\/?post_type=product&#038;p=952"},"modified":"2023-05-24T19:12:22","modified_gmt":"2023-05-24T19:12:22","slug":"medix-5-5-retinol-ferulic-acid","status":"publish","type":"product","link":"https:\/\/k-beautyci.com\/fr\/produit\/medix-5-5-retinol-ferulic-acid\/","title":{"rendered":"Medix 5.5 Retinol + Ferulic Acid"},"content":{"rendered":"<ul>\n<li>Medix 5.5 Retinol Cream est la combinaison parfaite d'ingr\u00e9dients anti-\u00e2ge et d'antioxydants naturels. La vitamine A (r\u00e9tinol) est l'ingr\u00e9dient anti-\u00e2ge num\u00e9ro 1 recommand\u00e9 et aide \u00e0 r\u00e9duire l'apparence des rides et des ridules. L'acide f\u00e9rulique naturel est un puissant antioxydant qui cible la peau endommag\u00e9e par le soleil. Cette cr\u00e8me anti-\u00e2ge transformera rapidement votre peau et vous redonnera l'\u00e9clat de la jeunesse.<\/li>\n<li>La cr\u00e8me hydratante au r\u00e9tinol Medix 5.5 laissera votre peau douce et hydrat\u00e9e. Le r\u00e9tinol, super ingr\u00e9dient anti-\u00e2ge, peut aider \u00e0 att\u00e9nuer l'apparence des rides et ridules, des taches sombres, tout en am\u00e9liorant le tonus et l'\u00e9lasticit\u00e9 de la peau. Cette cr\u00e8me de grande taille peut \u00eatre utilis\u00e9e pour am\u00e9liorer l'apparence de votre peau sur le visage, le contour des yeux, le cou, le d\u00e9collet\u00e9, les mains et le corps.<\/li>\n<li>Nourrissez et hydratez votre peau avec l'aide de la camomille et du Botanimoist AMS, qui est connu pour augmenter l'hydratation de votre peau de pr\u00e8s de 88%. Le th\u00e9 noir, l'aloe vera et la camomille sont connus pour am\u00e9liorer la sant\u00e9 et l'apparence de votre peau.<\/li>\n<li>Cette cr\u00e8me hydratante contient \u00e9galement d'autres ingr\u00e9dients naturels de qualit\u00e9 tels que le beurre de karit\u00e9, l'aloe vera, la camomille et des extraits naturels tels que la pomme, le tournesol et le romarin. Ces ingr\u00e9dients hydratent la peau et la rendent plus douce.<\/li>\n<\/ul>","protected":false},"excerpt":{"rendered":"<p>Medix 5.5 Retinol Cream is the perfect combination of anti-aging ingredients with natural antioxidants. Vitamin A (Retinol) is the number 1 recommend anti-aging ingredient and helps decrease the look of wrinkles and fine lines. Natural Ferulic Acid is a powerful antioxidant that targets sun damaged skin. This anti-aging cream will rapidly transform your skin and [&hellip;]<\/p>\n","protected":false},"featured_media":953,"comment_status":"open","ping_status":"closed","template":"","meta":{"om_disable_all_campaigns":false},"product_brand":[],"product_cat":[138,139,68],"product_tag":[],"class_list":{"0":"post-952","1":"product","2":"type-product","3":"status-publish","4":"has-post-thumbnail","6":"product_cat-body-moisturizers","7":"product_cat-medix-5-5","8":"product_cat-retinol","10":"first","11":"outofstock","12":"shipping-taxable","13":"purchasable","14":"product-type-simple"},"aioseo_notices":[],"jetpack_sharing_enabled":true,"_links":{"self":[{"href":"https:\/\/k-beautyci.com\/fr\/wp-json\/wp\/v2\/product\/952","targetHints":{"allow":["GET"]}}],"collection":[{"href":"https:\/\/k-beautyci.com\/fr\/wp-json\/wp\/v2\/product"}],"about":[{"href":"https:\/\/k-beautyci.com\/fr\/wp-json\/wp\/v2\/types\/product"}],"replies":[{"embeddable":true,"href":"https:\/\/k-beautyci.com\/fr\/wp-json\/wp\/v2\/comments?post=952"}],"wp:featuredmedia":[{"embeddable":true,"href":"https:\/\/k-beautyci.com\/fr\/wp-json\/wp\/v2\/media\/953"}],"wp:attachment":[{"href":"https:\/\/k-beautyci.com\/fr\/wp-json\/wp\/v2\/media?parent=952"}],"wp:term":[{"taxonomy":"product_brand","embeddable":true,"href":"https:\/\/k-beautyci.com\/fr\/wp-json\/wp\/v2\/product_brand?post=952"},{"taxonomy":"product_cat","embeddable":true,"href":"https:\/\/k-beautyci.com\/fr\/wp-json\/wp\/v2\/product_cat?post=952"},{"taxonomy":"product_tag","embeddable":true,"href":"https:\/\/k-beautyci.com\/fr\/wp-json\/wp\/v2\/product_tag?post=952"}],"curies":[{"name":"wp","href":"https:\/\/api.w.org\/{rel}","templated":true}]}}