{"id":9515,"date":"2025-10-09T15:19:12","date_gmt":"2025-10-09T15:19:12","guid":{"rendered":"https:\/\/k-beautyci.com\/?post_type=product&#038;p=9515"},"modified":"2026-02-27T12:21:24","modified_gmt":"2026-02-27T12:21:24","slug":"purito-seoul-mighty-bamboo-panthenol-serum","status":"publish","type":"product","link":"https:\/\/k-beautyci.com\/fr\/produit\/purito-seoul-mighty-bamboo-panthenol-serum\/","title":{"rendered":"Purito Seoul Mighty Bamboo Panthenol Serum"},"content":{"rendered":"<p>Comment l'utiliser :<\/p>\n<p>Appliquez une quantit\u00e9 appropri\u00e9e de s\u00e9rum uniform\u00e9ment sur le visage et le cou. Tapotez doucement pour faciliter l'absorption.<\/p>\n<p>Avertissement : Pour usage externe uniquement. Toujours effectuer un test \u00e9picutan\u00e9. Cessez d'utiliser le produit si vous ressentez une quelconque g\u00eane. Suivre les instructions suppl\u00e9mentaires figurant sur l'emballage. Les r\u00e9sultats individuels peuvent varier.<\/p>","protected":false},"excerpt":{"rendered":"<p>Ce puissant s\u00e9rum au bambou et au panth\u00e9nol hydrate en profondeur et renforce la barri\u00e8re d'hydratation de la peau, lui donnant un fini \u00e9clatant. Formul\u00e9 \u00e0 partir de bambou damyang cor\u00e9en, de panth\u00e9nol et d'ecto\u00efne, ce s\u00e9rum r\u00e9hydrate la peau pour lui donner un aspect hydrat\u00e9 et repulp\u00e9. Sa formule l\u00e9g\u00e8re et non collante s'applique facilement sur la peau sans provoquer d'irritation.<\/p>","protected":false},"featured_media":9518,"comment_status":"open","ping_status":"closed","template":"","meta":{"om_disable_all_campaigns":false},"product_brand":[],"product_cat":[31,200],"product_tag":[],"class_list":{"0":"post-9515","1":"product","2":"type-product","3":"status-publish","4":"has-post-thumbnail","6":"product_cat-face-serums","7":"product_cat-purito","9":"first","10":"instock","11":"shipping-taxable","12":"purchasable","13":"product-type-simple"},"aioseo_notices":[],"jetpack_sharing_enabled":true,"_links":{"self":[{"href":"https:\/\/k-beautyci.com\/fr\/wp-json\/wp\/v2\/product\/9515","targetHints":{"allow":["GET"]}}],"collection":[{"href":"https:\/\/k-beautyci.com\/fr\/wp-json\/wp\/v2\/product"}],"about":[{"href":"https:\/\/k-beautyci.com\/fr\/wp-json\/wp\/v2\/types\/product"}],"replies":[{"embeddable":true,"href":"https:\/\/k-beautyci.com\/fr\/wp-json\/wp\/v2\/comments?post=9515"}],"wp:featuredmedia":[{"embeddable":true,"href":"https:\/\/k-beautyci.com\/fr\/wp-json\/wp\/v2\/media\/9518"}],"wp:attachment":[{"href":"https:\/\/k-beautyci.com\/fr\/wp-json\/wp\/v2\/media?parent=9515"}],"wp:term":[{"taxonomy":"product_brand","embeddable":true,"href":"https:\/\/k-beautyci.com\/fr\/wp-json\/wp\/v2\/product_brand?post=9515"},{"taxonomy":"product_cat","embeddable":true,"href":"https:\/\/k-beautyci.com\/fr\/wp-json\/wp\/v2\/product_cat?post=9515"},{"taxonomy":"product_tag","embeddable":true,"href":"https:\/\/k-beautyci.com\/fr\/wp-json\/wp\/v2\/product_tag?post=9515"}],"curies":[{"name":"wp","href":"https:\/\/api.w.org\/{rel}","templated":true}]}}