{"id":9510,"date":"2025-10-09T15:16:09","date_gmt":"2025-10-09T15:16:09","guid":{"rendered":"https:\/\/k-beautyci.com\/?post_type=product&#038;p=9510"},"modified":"2025-10-19T00:44:35","modified_gmt":"2025-10-19T00:44:35","slug":"blab-essence-toner-pad","status":"publish","type":"product","link":"https:\/\/k-beautyci.com\/fr\/produit\/blab-essence-toner-pad\/","title":{"rendered":"B:Lab Essence Toner Pad"},"content":{"rendered":"<p><b>Comment l'utiliser :<\/b><\/p>\n<p>Apr\u00e8s avoir nettoy\u00e9 votre peau, essuyez d\u00e9licatement en suivant le grain de peau, en \u00e9vitant le contour des yeux.<\/p>\n<p>Avertissement : Pour usage externe uniquement. Toujours effectuer un test \u00e9picutan\u00e9. Cessez d'utiliser le produit si vous ressentez une quelconque g\u00eane. Suivre les instructions suppl\u00e9mentaires figurant sur l'emballage. Les r\u00e9sultats individuels peuvent varier.<\/p>","protected":false},"excerpt":{"rendered":"<p>Ces tampons toniques offrent une hydratation rafra\u00eechissante et un soin cibl\u00e9 dans des sachets pratiques. Chaque tampon tonique pr\u00e9sente une texture douce en relief pour exfolier en douceur les impuret\u00e9s et les cellules mortes de la peau. Le tampon tonique Essence est disponible en cinq versions, chacune contenant un m\u00e9lange synergique d'ingr\u00e9dients de soin de la peau : Matcha Allanto\u00efne Hydratant, CICA PHA Apaisant, Squalane V\u00e9g\u00e9tal B\u00e9ta\u00efne R\u00e9parateur, Yuja Niacinamide \u00c9claircissant et Hydro Collag\u00e8ne Ad\u00e9nosine Resurfa\u00e7ant. Chaque sachet contient dix tampons toniques \u00e0 usage unique.<\/p>","protected":false},"featured_media":9514,"comment_status":"open","ping_status":"closed","template":"","meta":{"om_disable_all_campaigns":false},"product_brand":[],"product_cat":[187,39,224],"product_tag":[],"class_list":{"0":"post-9510","1":"product","2":"type-product","3":"status-publish","4":"has-post-thumbnail","6":"product_cat-b-lab","7":"product_cat-face-toners","8":"product_cat-toner-pads","10":"first","11":"instock","12":"shipping-taxable","13":"purchasable","14":"product-type-variable"},"aioseo_notices":[],"jetpack_sharing_enabled":true,"_links":{"self":[{"href":"https:\/\/k-beautyci.com\/fr\/wp-json\/wp\/v2\/product\/9510","targetHints":{"allow":["GET"]}}],"collection":[{"href":"https:\/\/k-beautyci.com\/fr\/wp-json\/wp\/v2\/product"}],"about":[{"href":"https:\/\/k-beautyci.com\/fr\/wp-json\/wp\/v2\/types\/product"}],"replies":[{"embeddable":true,"href":"https:\/\/k-beautyci.com\/fr\/wp-json\/wp\/v2\/comments?post=9510"}],"wp:featuredmedia":[{"embeddable":true,"href":"https:\/\/k-beautyci.com\/fr\/wp-json\/wp\/v2\/media\/9514"}],"wp:attachment":[{"href":"https:\/\/k-beautyci.com\/fr\/wp-json\/wp\/v2\/media?parent=9510"}],"wp:term":[{"taxonomy":"product_brand","embeddable":true,"href":"https:\/\/k-beautyci.com\/fr\/wp-json\/wp\/v2\/product_brand?post=9510"},{"taxonomy":"product_cat","embeddable":true,"href":"https:\/\/k-beautyci.com\/fr\/wp-json\/wp\/v2\/product_cat?post=9510"},{"taxonomy":"product_tag","embeddable":true,"href":"https:\/\/k-beautyci.com\/fr\/wp-json\/wp\/v2\/product_tag?post=9510"}],"curies":[{"name":"wp","href":"https:\/\/api.w.org\/{rel}","templated":true}]}}