{"id":950,"date":"2023-03-16T17:41:10","date_gmt":"2023-03-16T17:41:10","guid":{"rendered":"https:\/\/k-beautyci.com\/?post_type=product&#038;p=950"},"modified":"2023-07-04T23:08:04","modified_gmt":"2023-07-04T23:08:04","slug":"dr-teals-body-lotion-with-vitamin-c-citrus-essential-oil","status":"publish","type":"product","link":"https:\/\/k-beautyci.com\/fr\/produit\/dr-teals-body-lotion-with-vitamin-c-citrus-essential-oil\/","title":{"rendered":"Dr. Teals Body Lotion with Vitamin C &#038; Citrus Essential oil"},"content":{"rendered":"<div class=\"mb3\">\n<div class=\"dangerous-html mb3\">Revitalisez et hydratez votre peau avec la lotion pour le corps Dr Teal's \u00e0 la vitamine C et aux huiles essentielles d'agrumes. Formul\u00e9 avec du beurre de karit\u00e9, du beurre de cacao et de la vitamine E, ce m\u00e9lange r\u00e9parateur nourrit et renouvelle la peau pour lui donner une apparence saine. La lotion pour le corps \u00e0 la vitamine C et aux agrumes de Dr Teal's r\u00e9hydrate la peau, la laissant douce et lisse, tandis que les huiles essentielles d'agrumes apaisent les sens. Les produits Dr Teal's sont infus\u00e9s d'huiles essentielles pour d\u00e9tendre, r\u00e9g\u00e9n\u00e9rer et rajeunir votre corps et votre esprit. Prenez un moment pour vous ce soir afin de vous sentir au mieux de votre forme demain.<\/div>\n<\/div>\n<div class=\"mb3\">\n<div class=\"dangerous-html mb3\">\n<ul>\n<li>Hydrate pendant 24 heures et est compos\u00e9 d'un m\u00e9lange de beurre de karit\u00e9 adoucissant, de beurre de cacao hydratant et de vitamine E protectrice.<\/li>\n<li>Les huiles essentielles d'agrumes apaisent les sens.<\/li>\n<li>Utiliser quotidiennement pour hydrater la peau et lui donner une apparence plus saine.<\/li>\n<li>Id\u00e9al pour une utilisation apr\u00e8s votre gel douche ou votre bain moussant Dr Teal's pr\u00e9f\u00e9r\u00e9.<\/li>\n<li>Test\u00e9 par des dermatologues, sans parab\u00e8ne, sans phtalate, sans cruaut\u00e9 et v\u00e9g\u00e9talien.<\/li>\n<\/ul>\n<\/div>\n<\/div>","protected":false},"excerpt":{"rendered":"<p>Revitalize and moisturize your skin with Dr Teal&#8217;s Body Lotion with Vitamin C &amp; Citrus Essential Oils. Formulated with shea butter, cocoa butter and vitamin E, this restorative blend nourishes and renews for healthy-looking skin. Dr Teal&#8217;s Vitamin C &amp; Citrus Body Lotion brings moisture back to the skin, leaving it soft and smooth, while [&hellip;]<\/p>\n","protected":false},"featured_media":951,"comment_status":"open","ping_status":"closed","template":"","meta":{"om_disable_all_campaigns":false},"product_brand":[],"product_cat":[138,137],"product_tag":[],"class_list":{"0":"post-950","1":"product","2":"type-product","3":"status-publish","4":"has-post-thumbnail","6":"product_cat-body-moisturizers","7":"product_cat-dr-teals","9":"first","10":"outofstock","11":"shipping-taxable","12":"purchasable","13":"product-type-simple"},"aioseo_notices":[],"jetpack_sharing_enabled":true,"_links":{"self":[{"href":"https:\/\/k-beautyci.com\/fr\/wp-json\/wp\/v2\/product\/950","targetHints":{"allow":["GET"]}}],"collection":[{"href":"https:\/\/k-beautyci.com\/fr\/wp-json\/wp\/v2\/product"}],"about":[{"href":"https:\/\/k-beautyci.com\/fr\/wp-json\/wp\/v2\/types\/product"}],"replies":[{"embeddable":true,"href":"https:\/\/k-beautyci.com\/fr\/wp-json\/wp\/v2\/comments?post=950"}],"wp:featuredmedia":[{"embeddable":true,"href":"https:\/\/k-beautyci.com\/fr\/wp-json\/wp\/v2\/media\/951"}],"wp:attachment":[{"href":"https:\/\/k-beautyci.com\/fr\/wp-json\/wp\/v2\/media?parent=950"}],"wp:term":[{"taxonomy":"product_brand","embeddable":true,"href":"https:\/\/k-beautyci.com\/fr\/wp-json\/wp\/v2\/product_brand?post=950"},{"taxonomy":"product_cat","embeddable":true,"href":"https:\/\/k-beautyci.com\/fr\/wp-json\/wp\/v2\/product_cat?post=950"},{"taxonomy":"product_tag","embeddable":true,"href":"https:\/\/k-beautyci.com\/fr\/wp-json\/wp\/v2\/product_tag?post=950"}],"curies":[{"name":"wp","href":"https:\/\/api.w.org\/{rel}","templated":true}]}}