{"id":9489,"date":"2025-10-09T15:19:49","date_gmt":"2025-10-09T15:19:49","guid":{"rendered":"https:\/\/k-beautyci.com\/?post_type=product&#038;p=9489"},"modified":"2026-02-22T14:32:29","modified_gmt":"2026-02-22T14:32:29","slug":"seapuri-scalpy-hair-serum","status":"publish","type":"product","link":"https:\/\/k-beautyci.com\/fr\/produit\/seapuri-scalpy-hair-serum\/","title":{"rendered":"Seapuri Scalpy Hair Serum"},"content":{"rendered":"<p><b>Comment l'utiliser :<\/b><br \/>\n1. Bien agiter le produit avant utilisation et presser le tube directement sur la zone souhait\u00e9e du cuir chevelu.<\/p>\n<p>2. Massez jusqu'\u00e0 absorption compl\u00e8te \u00e0 l'aide de l'embout muni de billes m\u00e9talliques en effectuant des mouvements circulaires.<\/p>\n<p>Avertissement : Pour usage externe uniquement. Toujours effectuer un test \u00e9picutan\u00e9. Cessez d'utiliser le produit si vous ressentez une quelconque g\u00eane. Suivre les instructions suppl\u00e9mentaires figurant sur l'emballage. Les r\u00e9sultats individuels peuvent varier.<\/p>","protected":false},"excerpt":{"rendered":"<p>Apaisez le cuir chevelu irrit\u00e9 gr\u00e2ce \u00e0 ce s\u00e9rum capillaire formul\u00e9 \u00e0 base de dexpanth\u00e9nol pour ses effets calmants et de L-menthol pour une sensation rafra\u00eechissante et apaisante. L'acide salicylique contenu dans la formule exfolie en douceur les cellules mortes accumul\u00e9es et d\u00e9sobstrue les follicules, r\u00e9duisant ainsi les pellicules. La k\u00e9ratine hydrolys\u00e9e renforce les racines et pr\u00e9vient la chute des cheveux. La formule unisexe convient \u00e0 tous les types de cheveux.<\/p>","protected":false},"featured_media":9509,"comment_status":"open","ping_status":"closed","template":"","meta":{"om_disable_all_campaigns":false},"product_brand":[],"product_cat":[255],"product_tag":[],"class_list":{"0":"post-9489","1":"product","2":"type-product","3":"status-publish","4":"has-post-thumbnail","6":"product_cat-seapuri","8":"first","9":"outofstock","10":"shipping-taxable","11":"purchasable","12":"product-type-simple"},"aioseo_notices":[],"jetpack_sharing_enabled":true,"_links":{"self":[{"href":"https:\/\/k-beautyci.com\/fr\/wp-json\/wp\/v2\/product\/9489","targetHints":{"allow":["GET"]}}],"collection":[{"href":"https:\/\/k-beautyci.com\/fr\/wp-json\/wp\/v2\/product"}],"about":[{"href":"https:\/\/k-beautyci.com\/fr\/wp-json\/wp\/v2\/types\/product"}],"replies":[{"embeddable":true,"href":"https:\/\/k-beautyci.com\/fr\/wp-json\/wp\/v2\/comments?post=9489"}],"wp:featuredmedia":[{"embeddable":true,"href":"https:\/\/k-beautyci.com\/fr\/wp-json\/wp\/v2\/media\/9509"}],"wp:attachment":[{"href":"https:\/\/k-beautyci.com\/fr\/wp-json\/wp\/v2\/media?parent=9489"}],"wp:term":[{"taxonomy":"product_brand","embeddable":true,"href":"https:\/\/k-beautyci.com\/fr\/wp-json\/wp\/v2\/product_brand?post=9489"},{"taxonomy":"product_cat","embeddable":true,"href":"https:\/\/k-beautyci.com\/fr\/wp-json\/wp\/v2\/product_cat?post=9489"},{"taxonomy":"product_tag","embeddable":true,"href":"https:\/\/k-beautyci.com\/fr\/wp-json\/wp\/v2\/product_tag?post=9489"}],"curies":[{"name":"wp","href":"https:\/\/api.w.org\/{rel}","templated":true}]}}