{"id":9481,"date":"2025-10-09T15:20:37","date_gmt":"2025-10-09T15:20:37","guid":{"rendered":"https:\/\/k-beautyci.com\/?post_type=product&#038;p=9481"},"modified":"2026-03-28T01:19:18","modified_gmt":"2026-03-28T01:19:18","slug":"sungboon-editor-silk-peptide-intensive-lifting-ampoule","status":"publish","type":"product","link":"https:\/\/k-beautyci.com\/fr\/produit\/sungboon-editor-silk-peptide-intensive-lifting-ampoule\/","title":{"rendered":"SUNGBOON EDITOR Silk Peptide Intensive Lifting Ampoule"},"content":{"rendered":"<p><b>Comment l'utiliser :<\/b><br \/>\n1. Retirez le capuchon transparent situ\u00e9 sur le dessus de l'ampoule.<\/p>\n<p>2. Ins\u00e9rez la seringue \u00e0 l'int\u00e9rieur, inclinez l'ampoule pour obtenir la quantit\u00e9 appropri\u00e9e et faites glisser sur la peau.<\/p>\n<p>3. Fixez la seringue sur l'ampoule et conservez-la.<\/p>\n<p>Avertissement : Pour usage externe uniquement. Toujours effectuer un test \u00e9picutan\u00e9. Cessez d'utiliser le produit si vous ressentez une quelconque g\u00eane. Suivre les instructions suppl\u00e9mentaires figurant sur l'emballage. Les r\u00e9sultats individuels peuvent varier.<\/p>","protected":false},"excerpt":{"rendered":"<p>Enrichie en peptides de soie, cette ampoule raffermissante offre un soin intensif contre les rides et nourrit la peau. Elle apporte une perfection soyeuse pour un teint lift\u00e9.<\/p>","protected":false},"featured_media":9488,"comment_status":"open","ping_status":"closed","template":"","meta":{"om_disable_all_campaigns":false},"product_brand":[],"product_cat":[57,31,33,254],"product_tag":[],"class_list":{"0":"post-9481","1":"product","2":"type-product","3":"status-publish","4":"has-post-thumbnail","6":"product_cat-anti-aging","7":"product_cat-face-serums","8":"product_cat-face-treatments","9":"product_cat-sungboon","11":"first","12":"outofstock","13":"sale","14":"shipping-taxable","15":"purchasable","16":"product-type-simple"},"aioseo_notices":[],"jetpack_sharing_enabled":true,"_links":{"self":[{"href":"https:\/\/k-beautyci.com\/fr\/wp-json\/wp\/v2\/product\/9481","targetHints":{"allow":["GET"]}}],"collection":[{"href":"https:\/\/k-beautyci.com\/fr\/wp-json\/wp\/v2\/product"}],"about":[{"href":"https:\/\/k-beautyci.com\/fr\/wp-json\/wp\/v2\/types\/product"}],"replies":[{"embeddable":true,"href":"https:\/\/k-beautyci.com\/fr\/wp-json\/wp\/v2\/comments?post=9481"}],"wp:featuredmedia":[{"embeddable":true,"href":"https:\/\/k-beautyci.com\/fr\/wp-json\/wp\/v2\/media\/9488"}],"wp:attachment":[{"href":"https:\/\/k-beautyci.com\/fr\/wp-json\/wp\/v2\/media?parent=9481"}],"wp:term":[{"taxonomy":"product_brand","embeddable":true,"href":"https:\/\/k-beautyci.com\/fr\/wp-json\/wp\/v2\/product_brand?post=9481"},{"taxonomy":"product_cat","embeddable":true,"href":"https:\/\/k-beautyci.com\/fr\/wp-json\/wp\/v2\/product_cat?post=9481"},{"taxonomy":"product_tag","embeddable":true,"href":"https:\/\/k-beautyci.com\/fr\/wp-json\/wp\/v2\/product_tag?post=9481"}],"curies":[{"name":"wp","href":"https:\/\/api.w.org\/{rel}","templated":true}]}}