{"id":9473,"date":"2025-10-09T15:20:26","date_gmt":"2025-10-09T15:20:26","guid":{"rendered":"https:\/\/k-beautyci.com\/?post_type=product&#038;p=9473"},"modified":"2026-02-01T21:22:32","modified_gmt":"2026-02-01T21:22:32","slug":"sungboon-editor-deep-collagen-retinol-boost-up-mask","status":"publish","type":"product","link":"https:\/\/k-beautyci.com\/fr\/produit\/sungboon-editor-deep-collagen-retinol-boost-up-mask\/","title":{"rendered":"SUNGBOON EDITOR &#8211; Deep Collagen Retinol Boost Up Mask"},"content":{"rendered":"<p><b>Comment l'utiliser :<\/b><br \/>\n1. Apr\u00e8s avoir pr\u00e9par\u00e9 la peau avec un tonique, placez le masque sur le visage en \u00e9vitant les zones des l\u00e8vres et des yeux.<\/p>\n<p>2. Retirez le masque apr\u00e8s 30 \u00e0 40 minutes, puis appliquez une cr\u00e8me hydratante.<\/p>\n<p>Avertissement : Pour usage externe uniquement. Toujours effectuer un test \u00e9picutan\u00e9. Cessez d'utiliser le produit si vous ressentez une quelconque g\u00eane. Suivre les instructions suppl\u00e9mentaires figurant sur l'emballage. Les r\u00e9sultats individuels peuvent varier.<\/p>","protected":false},"excerpt":{"rendered":"<p>Ces masques en deux parties sont formul\u00e9s \u00e0 partir d'ingr\u00e9dients anti-\u00e2ge puissants pour raffermir et lifter la peau. Le r\u00e9tinol, le collag\u00e8ne hydrolys\u00e9 et la Volufiline aident \u00e0 uniformiser le grain de peau, \u00e0 restaurer son \u00e9lasticit\u00e9 et \u00e0 la repulper. La conception en maille hexagonale des masques offre un ajustement parfait et un effet lifting.<\/p>","protected":false},"featured_media":9479,"comment_status":"open","ping_status":"closed","template":"","meta":{"om_disable_all_campaigns":false},"product_brand":[],"product_cat":[62,68,254],"product_tag":[],"class_list":{"0":"post-9473","1":"product","2":"type-product","3":"status-publish","4":"has-post-thumbnail","6":"product_cat-face-masks","7":"product_cat-retinol","8":"product_cat-sungboon","10":"first","11":"instock","12":"shipping-taxable","13":"purchasable","14":"product-type-simple"},"aioseo_notices":[],"jetpack_sharing_enabled":true,"_links":{"self":[{"href":"https:\/\/k-beautyci.com\/fr\/wp-json\/wp\/v2\/product\/9473","targetHints":{"allow":["GET"]}}],"collection":[{"href":"https:\/\/k-beautyci.com\/fr\/wp-json\/wp\/v2\/product"}],"about":[{"href":"https:\/\/k-beautyci.com\/fr\/wp-json\/wp\/v2\/types\/product"}],"replies":[{"embeddable":true,"href":"https:\/\/k-beautyci.com\/fr\/wp-json\/wp\/v2\/comments?post=9473"}],"wp:featuredmedia":[{"embeddable":true,"href":"https:\/\/k-beautyci.com\/fr\/wp-json\/wp\/v2\/media\/9479"}],"wp:attachment":[{"href":"https:\/\/k-beautyci.com\/fr\/wp-json\/wp\/v2\/media?parent=9473"}],"wp:term":[{"taxonomy":"product_brand","embeddable":true,"href":"https:\/\/k-beautyci.com\/fr\/wp-json\/wp\/v2\/product_brand?post=9473"},{"taxonomy":"product_cat","embeddable":true,"href":"https:\/\/k-beautyci.com\/fr\/wp-json\/wp\/v2\/product_cat?post=9473"},{"taxonomy":"product_tag","embeddable":true,"href":"https:\/\/k-beautyci.com\/fr\/wp-json\/wp\/v2\/product_tag?post=9473"}],"curies":[{"name":"wp","href":"https:\/\/api.w.org\/{rel}","templated":true}]}}