{"id":9467,"date":"2025-10-09T15:19:39","date_gmt":"2025-10-09T15:19:39","guid":{"rendered":"https:\/\/k-beautyci.com\/?post_type=product&#038;p=9467"},"modified":"2025-12-22T19:42:37","modified_gmt":"2025-12-22T19:42:37","slug":"skin-1004-lab-in-nature-madagascar-centella-niacinamide-10-boosting-shot-ampoule","status":"publish","type":"product","link":"https:\/\/k-beautyci.com\/fr\/produit\/skin-1004-lab-in-nature-madagascar-centella-niacinamide-10-boosting-shot-ampoule\/","title":{"rendered":"SKIN 1004 Lab in Nature Madagascar Centella Niacinamide 10 Boosting Shot Ampoule"},"content":{"rendered":"<p><b>Comment l'utiliser :<\/b><br \/>\n1. Ce produit contient des micro-spicules qui peuvent provoquer une sensation de picotement sur la peau. Ne pas utiliser en cas d'irritation ou d'autres infections cutan\u00e9es.<\/p>\n<p>2. Appliquez 2 \u00e0 3 fois par semaine en petite quantit\u00e9 pour permettre \u00e0 la peau de s'adapter.<\/p>\n<p>3. Apr\u00e8s adaptation, il peut \u00eatre utilis\u00e9 quotidiennement. Appliquez apr\u00e8s le tonique et compl\u00e9tez avec un produit hydratant pour assurer une hydratation suffisante.<\/p>\n<p>Avertissement : Pour usage externe uniquement. Toujours effectuer un test \u00e9picutan\u00e9. Cessez d'utiliser le produit si vous ressentez une quelconque g\u00eane. Suivre les instructions suppl\u00e9mentaires figurant sur l'emballage. Les r\u00e9sultats individuels peuvent varier.<\/p>","protected":false},"excerpt":{"rendered":"<p>Redonnez de l'\u00e9clat \u00e0 votre peau terne gr\u00e2ce \u00e0 cette ampoule puissante enrichie en agents \u00e9claircissants tels que la niacinamide, l'ascorbyl glucoside et l'acide tranexamique. Elle contient de l'extrait de centella pour apaiser et renforcer la peau. Les micro-spicules pr\u00e9sentes dans la formule permettent aux ingr\u00e9dients actifs de p\u00e9n\u00e9trer plus profond\u00e9ment sous la couche dermique de la peau pour des bienfaits optimaux.<\/p>","protected":false},"featured_media":9468,"comment_status":"open","ping_status":"closed","template":"","meta":{"om_disable_all_campaigns":false},"product_brand":[],"product_cat":[88,31,74,94,243],"product_tag":[],"class_list":{"0":"post-9467","1":"product","2":"type-product","3":"status-publish","4":"has-post-thumbnail","6":"product_cat-centella","7":"product_cat-face-serums","8":"product_cat-niacinamide","9":"product_cat-skin-1004","10":"product_cat-tranxemic-acid-txa","12":"first","13":"instock","14":"shipping-taxable","15":"purchasable","16":"product-type-simple"},"aioseo_notices":[],"jetpack_sharing_enabled":true,"_links":{"self":[{"href":"https:\/\/k-beautyci.com\/fr\/wp-json\/wp\/v2\/product\/9467","targetHints":{"allow":["GET"]}}],"collection":[{"href":"https:\/\/k-beautyci.com\/fr\/wp-json\/wp\/v2\/product"}],"about":[{"href":"https:\/\/k-beautyci.com\/fr\/wp-json\/wp\/v2\/types\/product"}],"replies":[{"embeddable":true,"href":"https:\/\/k-beautyci.com\/fr\/wp-json\/wp\/v2\/comments?post=9467"}],"wp:featuredmedia":[{"embeddable":true,"href":"https:\/\/k-beautyci.com\/fr\/wp-json\/wp\/v2\/media\/9468"}],"wp:attachment":[{"href":"https:\/\/k-beautyci.com\/fr\/wp-json\/wp\/v2\/media?parent=9467"}],"wp:term":[{"taxonomy":"product_brand","embeddable":true,"href":"https:\/\/k-beautyci.com\/fr\/wp-json\/wp\/v2\/product_brand?post=9467"},{"taxonomy":"product_cat","embeddable":true,"href":"https:\/\/k-beautyci.com\/fr\/wp-json\/wp\/v2\/product_cat?post=9467"},{"taxonomy":"product_tag","embeddable":true,"href":"https:\/\/k-beautyci.com\/fr\/wp-json\/wp\/v2\/product_tag?post=9467"}],"curies":[{"name":"wp","href":"https:\/\/api.w.org\/{rel}","templated":true}]}}