{"id":9461,"date":"2025-10-09T15:19:58","date_gmt":"2025-10-09T15:19:58","guid":{"rendered":"https:\/\/k-beautyci.com\/?post_type=product&#038;p=9461"},"modified":"2026-03-28T20:12:15","modified_gmt":"2026-03-28T20:12:15","slug":"skin-1004-lab-in-nature-madagascar-centella-retinol-0-2-boosting-shot-ampoule","status":"publish","type":"product","link":"https:\/\/k-beautyci.com\/fr\/produit\/skin-1004-lab-in-nature-madagascar-centella-retinol-0-2-boosting-shot-ampoule\/","title":{"rendered":"SKIN 1004 Lab in Nature Madagascar Centella Retinol 0.2 Boosting Shot Ampoule"},"content":{"rendered":"<p><b>Ce produit contient des spicules de Centella, qui peuvent provoquer une sensation de picotement. Si vous avez la peau sensible, veuillez tester soigneusement le produit avant utilisation.<\/b><\/p>\n<p><b>Comment l'utiliser :<\/b><br \/>\n1. Ce produit contient des micro-spicules qui peuvent provoquer une sensation de picotement sur la peau. Ne pas utiliser en cas d'irritation ou d'autres infections cutan\u00e9es.<\/p>\n<p>2. Appliquez 2 \u00e0 3 fois par semaine en petite quantit\u00e9 pour permettre \u00e0 la peau de s'adapter.<\/p>\n<p>3. Apr\u00e8s adaptation, il peut \u00eatre utilis\u00e9 quotidiennement. Appliquez apr\u00e8s le tonique et compl\u00e9tez avec un produit hydratant pour assurer une hydratation suffisante. Appliquez toujours un \u00e9cran solaire pendant la journ\u00e9e.<\/p>\n<p>Avertissement : Pour usage externe uniquement. Toujours effectuer un test \u00e9picutan\u00e9. Cessez d'utiliser le produit si vous ressentez une quelconque g\u00eane. Suivre les instructions suppl\u00e9mentaires figurant sur l'emballage. Les r\u00e9sultats individuels peuvent varier.<\/p>","protected":false},"excerpt":{"rendered":"<p>Cette ampoule puissante est enrichie en r\u00e9tinol pour lutter contre les rides, en centella pour apaiser les irritations et en panth\u00e9nol pour r\u00e9parer les dommages caus\u00e9s \u00e0 la barri\u00e8re cutan\u00e9e. Les micro-spicules contenues dans la formule permettent aux ingr\u00e9dients actifs de p\u00e9n\u00e9trer plus profond\u00e9ment sous la couche dermique de la peau pour des bienfaits optimaux.<\/p>","protected":false},"featured_media":9462,"comment_status":"open","ping_status":"closed","template":"","meta":{"om_disable_all_campaigns":false},"product_brand":[],"product_cat":[88,31,223,68,94],"product_tag":[],"class_list":{"0":"post-9461","1":"product","2":"type-product","3":"status-publish","4":"has-post-thumbnail","6":"product_cat-centella","7":"product_cat-face-serums","8":"product_cat-panthenol","9":"product_cat-retinol","10":"product_cat-skin-1004","12":"first","13":"instock","14":"shipping-taxable","15":"purchasable","16":"product-type-simple"},"aioseo_notices":[],"jetpack_sharing_enabled":true,"_links":{"self":[{"href":"https:\/\/k-beautyci.com\/fr\/wp-json\/wp\/v2\/product\/9461","targetHints":{"allow":["GET"]}}],"collection":[{"href":"https:\/\/k-beautyci.com\/fr\/wp-json\/wp\/v2\/product"}],"about":[{"href":"https:\/\/k-beautyci.com\/fr\/wp-json\/wp\/v2\/types\/product"}],"replies":[{"embeddable":true,"href":"https:\/\/k-beautyci.com\/fr\/wp-json\/wp\/v2\/comments?post=9461"}],"wp:featuredmedia":[{"embeddable":true,"href":"https:\/\/k-beautyci.com\/fr\/wp-json\/wp\/v2\/media\/9462"}],"wp:attachment":[{"href":"https:\/\/k-beautyci.com\/fr\/wp-json\/wp\/v2\/media?parent=9461"}],"wp:term":[{"taxonomy":"product_brand","embeddable":true,"href":"https:\/\/k-beautyci.com\/fr\/wp-json\/wp\/v2\/product_brand?post=9461"},{"taxonomy":"product_cat","embeddable":true,"href":"https:\/\/k-beautyci.com\/fr\/wp-json\/wp\/v2\/product_cat?post=9461"},{"taxonomy":"product_tag","embeddable":true,"href":"https:\/\/k-beautyci.com\/fr\/wp-json\/wp\/v2\/product_tag?post=9461"}],"curies":[{"name":"wp","href":"https:\/\/api.w.org\/{rel}","templated":true}]}}