{"id":9451,"date":"2025-10-09T15:19:22","date_gmt":"2025-10-09T15:19:22","guid":{"rendered":"https:\/\/k-beautyci.com\/?post_type=product&#038;p=9451"},"modified":"2025-10-19T00:44:33","modified_gmt":"2025-10-19T00:44:33","slug":"round-lab-1025-dokdo-mud-pack","status":"publish","type":"product","link":"https:\/\/k-beautyci.com\/fr\/produit\/round-lab-1025-dokdo-mud-pack\/","title":{"rendered":"ROUND LAB 1025 Dokdo Mud Pack"},"content":{"rendered":"<p><b>Comment l'utiliser :<\/b><\/p>\n<p>Appliquez une quantit\u00e9 mod\u00e9r\u00e9e sur une peau propre et s\u00e8che. Laissez s\u00e9cher pendant 10 \u00e0 15 minutes, puis rincez \u00e0 l'eau ti\u00e8de.<\/p>\n<p>Avertissement : Pour usage externe uniquement. Toujours effectuer un test \u00e9picutan\u00e9. Cessez d'utiliser le produit si vous ressentez une quelconque g\u00eane. Suivre les instructions suppl\u00e9mentaires figurant sur l'emballage. Les r\u00e9sultats individuels peuvent varier.<\/p>","protected":false},"excerpt":{"rendered":"<p>Exfoliez, pr\u00e9venez les points noirs et r\u00e9gulez la production de s\u00e9bum gr\u00e2ce \u00e0 ce masque \u00e0 l'argile. Il est enrichi en eau de mer profonde pour \u00e9quilibrer les niveaux d'hydratation et de s\u00e9bum de la peau. Enrichi \u00e0 40 % en ingr\u00e9dients \u00e0 base d'argile tels que le kaolin, et additionn\u00e9 de panth\u00e9nol et d'allanto\u00efne, ce masque \u00e0 l'argile hydrate la peau tout en purifiant les pores.<\/p>","protected":false},"featured_media":9456,"comment_status":"open","ping_status":"closed","template":"","meta":{"om_disable_all_campaigns":false},"product_brand":[],"product_cat":[61,62,157],"product_tag":[],"class_list":{"0":"post-9451","1":"product","2":"type-product","3":"status-publish","4":"has-post-thumbnail","6":"product_cat-face-exfoliator-peels-scrubs","7":"product_cat-face-masks","8":"product_cat-round-lab","10":"first","11":"instock","12":"shipping-taxable","13":"purchasable","14":"product-type-simple"},"aioseo_notices":[],"jetpack_sharing_enabled":true,"_links":{"self":[{"href":"https:\/\/k-beautyci.com\/fr\/wp-json\/wp\/v2\/product\/9451","targetHints":{"allow":["GET"]}}],"collection":[{"href":"https:\/\/k-beautyci.com\/fr\/wp-json\/wp\/v2\/product"}],"about":[{"href":"https:\/\/k-beautyci.com\/fr\/wp-json\/wp\/v2\/types\/product"}],"replies":[{"embeddable":true,"href":"https:\/\/k-beautyci.com\/fr\/wp-json\/wp\/v2\/comments?post=9451"}],"wp:featuredmedia":[{"embeddable":true,"href":"https:\/\/k-beautyci.com\/fr\/wp-json\/wp\/v2\/media\/9456"}],"wp:attachment":[{"href":"https:\/\/k-beautyci.com\/fr\/wp-json\/wp\/v2\/media?parent=9451"}],"wp:term":[{"taxonomy":"product_brand","embeddable":true,"href":"https:\/\/k-beautyci.com\/fr\/wp-json\/wp\/v2\/product_brand?post=9451"},{"taxonomy":"product_cat","embeddable":true,"href":"https:\/\/k-beautyci.com\/fr\/wp-json\/wp\/v2\/product_cat?post=9451"},{"taxonomy":"product_tag","embeddable":true,"href":"https:\/\/k-beautyci.com\/fr\/wp-json\/wp\/v2\/product_tag?post=9451"}],"curies":[{"name":"wp","href":"https:\/\/api.w.org\/{rel}","templated":true}]}}