{"id":9446,"date":"2025-10-09T15:19:31","date_gmt":"2025-10-09T15:19:31","guid":{"rendered":"https:\/\/k-beautyci.com\/?post_type=product&#038;p=9446"},"modified":"2025-10-19T00:44:34","modified_gmt":"2025-10-19T00:44:34","slug":"round-lab-mugwort-calming-soothing-gel","status":"publish","type":"product","link":"https:\/\/k-beautyci.com\/fr\/produit\/round-lab-mugwort-calming-soothing-gel\/","title":{"rendered":"ROUND LAB Mugwort Calming Soothing Gel"},"content":{"rendered":"<p>Comment l'utiliser :<\/p>\n<p>Verser une quantit\u00e9 mod\u00e9r\u00e9e dans les mains et appliquer sur les zones souhait\u00e9es comme hydratant, lotion pour le corps ou masque apaisant rapide.<\/p>\n<p>Avertissement : Pour usage externe uniquement. Toujours effectuer un test \u00e9picutan\u00e9. Cessez d'utiliser le produit si vous ressentez une quelconque g\u00eane. Suivre les instructions suppl\u00e9mentaires figurant sur l'emballage. Les r\u00e9sultats individuels peuvent varier.<\/p>","protected":false},"excerpt":{"rendered":"<p>Apaisez les peaux irrit\u00e9es gr\u00e2ce \u00e0 ce gel hydratant formul\u00e9 \u00e0 partir d'extrait d'armoise provenant de l'\u00eele de Geomundo, en Cor\u00e9e. Son pouvoir apaisant provient de quatre types d'extraits de centella, de panth\u00e9nol et d'allanto\u00efne. Id\u00e9al pour les peaux grasses et mixtes, profitez de sa texture aqueuse et g\u00e9latineuse pour une hydratation rafra\u00eechissante.<\/p>","protected":false},"featured_media":9450,"comment_status":"open","ping_status":"closed","template":"","meta":{"om_disable_all_campaigns":false},"product_brand":[],"product_cat":[88,26,66,41,223,157],"product_tag":[],"class_list":{"0":"post-9446","1":"product","2":"type-product","3":"status-publish","4":"has-post-thumbnail","6":"product_cat-centella","7":"product_cat-face-moisturizer","8":"product_cat-normal-combination-skin","9":"product_cat-oily-skin","10":"product_cat-panthenol","11":"product_cat-round-lab","13":"first","14":"instock","15":"shipping-taxable","16":"purchasable","17":"product-type-simple"},"aioseo_notices":[],"jetpack_sharing_enabled":true,"_links":{"self":[{"href":"https:\/\/k-beautyci.com\/fr\/wp-json\/wp\/v2\/product\/9446","targetHints":{"allow":["GET"]}}],"collection":[{"href":"https:\/\/k-beautyci.com\/fr\/wp-json\/wp\/v2\/product"}],"about":[{"href":"https:\/\/k-beautyci.com\/fr\/wp-json\/wp\/v2\/types\/product"}],"replies":[{"embeddable":true,"href":"https:\/\/k-beautyci.com\/fr\/wp-json\/wp\/v2\/comments?post=9446"}],"wp:featuredmedia":[{"embeddable":true,"href":"https:\/\/k-beautyci.com\/fr\/wp-json\/wp\/v2\/media\/9450"}],"wp:attachment":[{"href":"https:\/\/k-beautyci.com\/fr\/wp-json\/wp\/v2\/media?parent=9446"}],"wp:term":[{"taxonomy":"product_brand","embeddable":true,"href":"https:\/\/k-beautyci.com\/fr\/wp-json\/wp\/v2\/product_brand?post=9446"},{"taxonomy":"product_cat","embeddable":true,"href":"https:\/\/k-beautyci.com\/fr\/wp-json\/wp\/v2\/product_cat?post=9446"},{"taxonomy":"product_tag","embeddable":true,"href":"https:\/\/k-beautyci.com\/fr\/wp-json\/wp\/v2\/product_tag?post=9446"}],"curies":[{"name":"wp","href":"https:\/\/api.w.org\/{rel}","templated":true}]}}