{"id":944,"date":"2023-03-16T17:02:49","date_gmt":"2023-03-16T17:02:49","guid":{"rendered":"https:\/\/k-beautyci.com\/?post_type=product&#038;p=944"},"modified":"2023-05-29T11:48:44","modified_gmt":"2023-05-29T11:48:44","slug":"simple-kind-to-skin-micellar-cleansing-water-200ml","status":"publish","type":"product","link":"https:\/\/k-beautyci.com\/fr\/produit\/simple-kind-to-skin-micellar-cleansing-water-200ml\/","title":{"rendered":"Simple Kind to Skin Eau micellaire nettoyante 200ml"},"content":{"rendered":"<p>L'eau nettoyante micellaire Simple est notre nettoyant pour le visage le plus avanc\u00e9 et le plus doux \u00e0 ce jour. Elle aide \u00e0 \u00e9liminer les contaminants connus pour irriter la peau et la laisse propre et fra\u00eeche, sans aucun r\u00e9sidu. De plus, elle augmente instantan\u00e9ment l'hydratation de la peau de 90 % !<\/p>\n<p>Cette eau nettoyante innovante Simple est compos\u00e9e d'ingr\u00e9dients respectueux de la peau, parfaits pour tous les types de peau, notamment de la vitamine B3, de la vitamine C et de l'eau triplement purifi\u00e9e.<\/p>\n<p>L'eau micellaire simple ne contient ni parfum artificiel, ni colorant, ni produit chimique agressif susceptible de perturber votre peau, ce qui la rend id\u00e9ale m\u00eame pour les peaux sensibles.<\/p>\n<p>Test\u00e9 et approuv\u00e9 dermatologiquement. Test\u00e9 sous contr\u00f4le ophtalmologique. Hypoallerg\u00e9nique, non com\u00e9dog\u00e8ne.<\/p>\n<p>&nbsp;<\/p>\n<p>Comment l'utiliser :<\/p>\n<ol>\n<li>Appliquer une quantit\u00e9 g\u00e9n\u00e9reuse d'eau nettoyante sur un coton.<\/li>\n<li>Essuyez le coton tout autour du visage, sans frotter la peau. Pourquoi ne pas utiliser l'envers et l'endroit d'un coton ? L'environnement vous en sera reconnaissant.<\/li>\n<li>Essuyer d\u00e9licatement le contour des yeux ferm\u00e9s. Il n'est pas n\u00e9cessaire de rincer apr\u00e8s ! \u00c9vitez tout contact avec les yeux. En cas de contact avec les yeux, rincer abondamment \u00e0 l'eau.<\/li>\n<\/ol>\n<p>&nbsp;<\/p>\n<p>Avertissement : Pour usage externe uniquement. Toujours effectuer un test \u00e9picutan\u00e9. Cessez d'utiliser le produit si vous ressentez une quelconque g\u00eane. Suivre les instructions suppl\u00e9mentaires figurant sur l'emballage. Les r\u00e9sultats individuels peuvent varier.<\/p>","protected":false},"excerpt":{"rendered":"<p>L'eau micellaire simple contient des millions de micelles qui \u00e9liminent la salet\u00e9 et le maquillage tout en laissant votre peau hydrat\u00e9e pendant 4 heures, sans aucun r\u00e9sidu ! Maintenant dans notre pack Little Mix Limited Edition, c\u00e9l\u00e9brant le choix de la gentillesse.<br \/>\nNotre eau nettoyante micellaire est v\u00e9g\u00e9talienne et ne contient ni colorant, ni parfum, ni produits chimiques agressifs susceptibles de perturber votre peau.<\/p>","protected":false},"featured_media":945,"comment_status":"open","ping_status":"closed","template":"","meta":{"om_disable_all_campaigns":false},"product_brand":[],"product_cat":[42,35,63,66,41,36,134],"product_tag":[],"class_list":{"0":"post-944","1":"product","2":"type-product","3":"status-publish","4":"has-post-thumbnail","6":"product_cat-dry-skin","7":"product_cat-face-cleansers","8":"product_cat-makeup-removers","9":"product_cat-normal-combination-skin","10":"product_cat-oily-skin","11":"product_cat-sensitive-skin","12":"product_cat-simple","14":"first","15":"outofstock","16":"shipping-taxable","17":"purchasable","18":"product-type-simple"},"aioseo_notices":[],"jetpack_sharing_enabled":true,"_links":{"self":[{"href":"https:\/\/k-beautyci.com\/fr\/wp-json\/wp\/v2\/product\/944","targetHints":{"allow":["GET"]}}],"collection":[{"href":"https:\/\/k-beautyci.com\/fr\/wp-json\/wp\/v2\/product"}],"about":[{"href":"https:\/\/k-beautyci.com\/fr\/wp-json\/wp\/v2\/types\/product"}],"replies":[{"embeddable":true,"href":"https:\/\/k-beautyci.com\/fr\/wp-json\/wp\/v2\/comments?post=944"}],"wp:featuredmedia":[{"embeddable":true,"href":"https:\/\/k-beautyci.com\/fr\/wp-json\/wp\/v2\/media\/945"}],"wp:attachment":[{"href":"https:\/\/k-beautyci.com\/fr\/wp-json\/wp\/v2\/media?parent=944"}],"wp:term":[{"taxonomy":"product_brand","embeddable":true,"href":"https:\/\/k-beautyci.com\/fr\/wp-json\/wp\/v2\/product_brand?post=944"},{"taxonomy":"product_cat","embeddable":true,"href":"https:\/\/k-beautyci.com\/fr\/wp-json\/wp\/v2\/product_cat?post=944"},{"taxonomy":"product_tag","embeddable":true,"href":"https:\/\/k-beautyci.com\/fr\/wp-json\/wp\/v2\/product_tag?post=944"}],"curies":[{"name":"wp","href":"https:\/\/api.w.org\/{rel}","templated":true}]}}