{"id":9437,"date":"2025-10-09T15:21:00","date_gmt":"2025-10-09T15:21:00","guid":{"rendered":"https:\/\/k-beautyci.com\/?post_type=product&#038;p=9437"},"modified":"2026-02-28T11:38:21","modified_gmt":"2026-02-28T11:38:21","slug":"dr-reju-all-advanced-pdrn-rejuvenating-cream","status":"publish","type":"product","link":"https:\/\/k-beautyci.com\/fr\/produit\/dr-reju-all-advanced-pdrn-rejuvenating-cream\/","title":{"rendered":"Dr. Reju-All Advanced PDRN Rejuvenating Cream"},"content":{"rendered":"<div class=\"pro_infor_title_style\">Comment l'utiliser<\/div>\n<div class=\"pro_infor_content_style\">Appliquez une quantit\u00e9 appropri\u00e9e \u00e0 la fin de votre routine de soins de la peau.<\/div>\n<div>Avertissement : Pour usage externe uniquement. Toujours effectuer un test \u00e9picutan\u00e9. Cessez d'utiliser le produit si vous ressentez une quelconque g\u00eane. Suivre les instructions suppl\u00e9mentaires figurant sur l'emballage. Les r\u00e9sultats individuels peuvent varier.<\/div>","protected":false},"excerpt":{"rendered":"<div class=\"pro_infor_content_style\">La cr\u00e8me rajeunissante Dr. Reju-All Advanced PDRN est un produit de soin haut de gamme contenant 1 200 ppm de PDRN (fragments d'ADN) d\u00e9riv\u00e9 du saumon avec une puret\u00e9 de 99 %, con\u00e7u pour stimuler la r\u00e9g\u00e9n\u00e9ration profonde de la peau et revitaliser le teint. Formul\u00e9e \u00e0 base d'acide hyaluronique hydrolys\u00e9, de 2 % de niacinamide, de 1 % de panth\u00e9nol (provitamine B5) et d'une puissante concentration de 20 000 ppm de collag\u00e8ne de faible poids mol\u00e9culaire (environ 300 Da), elle offre une hydratation intense, un \u00e9clat et un renforcement de la barri\u00e8re cutan\u00e9e. La synergie de ces ingr\u00e9dients actifs favorise l'am\u00e9lioration du teint, une fermet\u00e9 accrue et un teint r\u00e9sistant et \u00e9clatant.<\/div>","protected":false},"featured_media":9442,"comment_status":"open","ping_status":"closed","template":"","meta":{"om_disable_all_campaigns":false},"product_brand":[],"product_cat":[253,26,33,69,74,238],"product_tag":[],"class_list":{"0":"post-9437","1":"product","2":"type-product","3":"status-publish","4":"has-post-thumbnail","6":"product_cat-dr-reju-all","7":"product_cat-face-moisturizer","8":"product_cat-face-treatments","9":"product_cat-hyaluronic-acid","10":"product_cat-niacinamide","11":"product_cat-pdrn","13":"first","14":"instock","15":"sale","16":"shipping-taxable","17":"purchasable","18":"product-type-simple"},"aioseo_notices":[],"jetpack_sharing_enabled":true,"_links":{"self":[{"href":"https:\/\/k-beautyci.com\/fr\/wp-json\/wp\/v2\/product\/9437","targetHints":{"allow":["GET"]}}],"collection":[{"href":"https:\/\/k-beautyci.com\/fr\/wp-json\/wp\/v2\/product"}],"about":[{"href":"https:\/\/k-beautyci.com\/fr\/wp-json\/wp\/v2\/types\/product"}],"replies":[{"embeddable":true,"href":"https:\/\/k-beautyci.com\/fr\/wp-json\/wp\/v2\/comments?post=9437"}],"wp:featuredmedia":[{"embeddable":true,"href":"https:\/\/k-beautyci.com\/fr\/wp-json\/wp\/v2\/media\/9442"}],"wp:attachment":[{"href":"https:\/\/k-beautyci.com\/fr\/wp-json\/wp\/v2\/media?parent=9437"}],"wp:term":[{"taxonomy":"product_brand","embeddable":true,"href":"https:\/\/k-beautyci.com\/fr\/wp-json\/wp\/v2\/product_brand?post=9437"},{"taxonomy":"product_cat","embeddable":true,"href":"https:\/\/k-beautyci.com\/fr\/wp-json\/wp\/v2\/product_cat?post=9437"},{"taxonomy":"product_tag","embeddable":true,"href":"https:\/\/k-beautyci.com\/fr\/wp-json\/wp\/v2\/product_tag?post=9437"}],"curies":[{"name":"wp","href":"https:\/\/api.w.org\/{rel}","templated":true}]}}