{"id":9430,"date":"2025-10-09T15:19:01","date_gmt":"2025-10-09T15:19:01","guid":{"rendered":"https:\/\/k-beautyci.com\/?post_type=product&#038;p=9430"},"modified":"2026-02-20T15:42:24","modified_gmt":"2026-02-20T15:42:24","slug":"numbuzin-no-9-nad-collagen-under-eye-patches","status":"publish","type":"product","link":"https:\/\/k-beautyci.com\/fr\/produit\/numbuzin-no-9-nad-collagen-under-eye-patches\/","title":{"rendered":"numbuzin No.9 NAD+ Collagen Under Eye Patches"},"content":{"rendered":"<p><b>Comment l'utiliser :<\/b><br \/>\n1. Dirigez l'extr\u00e9mit\u00e9 fine vers le coin de votre \u0153il ou toute autre zone concern\u00e9e, comme les paupi\u00e8res, les coins ou les rides d'expression.<\/p>\n<p>2. Laissez agir toute la nuit et retirez le lendemain matin.<\/p>\n<p>Avertissement : Pour usage externe uniquement. Toujours effectuer un test \u00e9picutan\u00e9. Cessez d'utiliser le produit si vous ressentez une quelconque g\u00eane. Suivre les instructions suppl\u00e9mentaires figurant sur l'emballage. Les r\u00e9sultats individuels peuvent varier.<\/p>","protected":false},"excerpt":{"rendered":"<p>Revitalisez le contour des yeux fatigu\u00e9 gr\u00e2ce \u00e0 ces patchs pour les yeux enrichis en collag\u00e8ne ! Les patchs hydrogel sont enrichis en niacinamide pour \u00e9claircir les cernes, ainsi qu'en caf\u00e9ine et en peptides pour nourrir et d\u00e9congestionner le contour des yeux.<\/p>","protected":false},"featured_media":9436,"comment_status":"open","ping_status":"closed","template":"","meta":{"om_disable_all_campaigns":false},"product_brand":[],"product_cat":[38,74,190,238],"product_tag":[],"class_list":{"0":"post-9430","1":"product","2":"type-product","3":"status-publish","4":"has-post-thumbnail","6":"product_cat-eye-care","7":"product_cat-niacinamide","8":"product_cat-numbuzin","9":"product_cat-pdrn","11":"first","12":"instock","13":"shipping-taxable","14":"purchasable","15":"product-type-simple"},"aioseo_notices":[],"jetpack_sharing_enabled":true,"_links":{"self":[{"href":"https:\/\/k-beautyci.com\/fr\/wp-json\/wp\/v2\/product\/9430","targetHints":{"allow":["GET"]}}],"collection":[{"href":"https:\/\/k-beautyci.com\/fr\/wp-json\/wp\/v2\/product"}],"about":[{"href":"https:\/\/k-beautyci.com\/fr\/wp-json\/wp\/v2\/types\/product"}],"replies":[{"embeddable":true,"href":"https:\/\/k-beautyci.com\/fr\/wp-json\/wp\/v2\/comments?post=9430"}],"wp:featuredmedia":[{"embeddable":true,"href":"https:\/\/k-beautyci.com\/fr\/wp-json\/wp\/v2\/media\/9436"}],"wp:attachment":[{"href":"https:\/\/k-beautyci.com\/fr\/wp-json\/wp\/v2\/media?parent=9430"}],"wp:term":[{"taxonomy":"product_brand","embeddable":true,"href":"https:\/\/k-beautyci.com\/fr\/wp-json\/wp\/v2\/product_brand?post=9430"},{"taxonomy":"product_cat","embeddable":true,"href":"https:\/\/k-beautyci.com\/fr\/wp-json\/wp\/v2\/product_cat?post=9430"},{"taxonomy":"product_tag","embeddable":true,"href":"https:\/\/k-beautyci.com\/fr\/wp-json\/wp\/v2\/product_tag?post=9430"}],"curies":[{"name":"wp","href":"https:\/\/api.w.org\/{rel}","templated":true}]}}