{"id":9420,"date":"2025-10-09T15:18:51","date_gmt":"2025-10-09T15:18:51","guid":{"rendered":"https:\/\/k-beautyci.com\/?post_type=product&#038;p=9420"},"modified":"2026-03-09T21:44:38","modified_gmt":"2026-03-09T21:44:38","slug":"medicube-zero-pore-moisture-sun-serum-50ml","status":"publish","type":"product","link":"https:\/\/k-beautyci.com\/fr\/produit\/medicube-zero-pore-moisture-sun-serum-50ml\/","title":{"rendered":"medicube Zero Pore Moisture Sun Serum 50ml"},"content":{"rendered":"<p>Comment l'utiliser :<\/p>\n<p>Bien agiter le produit pour m\u00e9langer compl\u00e8tement les couches d'eau et d'huile, puis pr\u00e9lever une quantit\u00e9 appropri\u00e9e et l'\u00e9taler d\u00e9licatement sur la peau. Tapoter l\u00e9g\u00e8rement pour faciliter l'absorption.<\/p>\n<p>Avertissement : Pour usage externe uniquement. Toujours effectuer un test \u00e9picutan\u00e9. Cessez d'utiliser le produit si vous ressentez une quelconque g\u00eane. Suivre les instructions suppl\u00e9mentaires figurant sur l'emballage. Les r\u00e9sultats individuels peuvent varier.<\/p>","protected":false},"excerpt":{"rendered":"<p>Un s\u00e9rum solaire multit\u00e2che qui offre une protection UV \u00e9lev\u00e9e tout en hydratant la peau. L\u00e9ger et non collant, il p\u00e9n\u00e8tre facilement et laisse le teint hydrat\u00e9, lisse et prot\u00e9g\u00e9 toute la journ\u00e9e.<\/p>","protected":false},"featured_media":9422,"comment_status":"open","ping_status":"closed","template":"","meta":{"om_disable_all_campaigns":false},"product_brand":[],"product_cat":[215,77],"product_tag":[],"class_list":{"0":"post-9420","1":"product","2":"type-product","3":"status-publish","4":"has-post-thumbnail","6":"product_cat-medicube","7":"product_cat-spf-50","9":"first","10":"outofstock","11":"shipping-taxable","12":"purchasable","13":"product-type-simple"},"aioseo_notices":[],"jetpack_sharing_enabled":true,"_links":{"self":[{"href":"https:\/\/k-beautyci.com\/fr\/wp-json\/wp\/v2\/product\/9420","targetHints":{"allow":["GET"]}}],"collection":[{"href":"https:\/\/k-beautyci.com\/fr\/wp-json\/wp\/v2\/product"}],"about":[{"href":"https:\/\/k-beautyci.com\/fr\/wp-json\/wp\/v2\/types\/product"}],"replies":[{"embeddable":true,"href":"https:\/\/k-beautyci.com\/fr\/wp-json\/wp\/v2\/comments?post=9420"}],"wp:featuredmedia":[{"embeddable":true,"href":"https:\/\/k-beautyci.com\/fr\/wp-json\/wp\/v2\/media\/9422"}],"wp:attachment":[{"href":"https:\/\/k-beautyci.com\/fr\/wp-json\/wp\/v2\/media?parent=9420"}],"wp:term":[{"taxonomy":"product_brand","embeddable":true,"href":"https:\/\/k-beautyci.com\/fr\/wp-json\/wp\/v2\/product_brand?post=9420"},{"taxonomy":"product_cat","embeddable":true,"href":"https:\/\/k-beautyci.com\/fr\/wp-json\/wp\/v2\/product_cat?post=9420"},{"taxonomy":"product_tag","embeddable":true,"href":"https:\/\/k-beautyci.com\/fr\/wp-json\/wp\/v2\/product_tag?post=9420"}],"curies":[{"name":"wp","href":"https:\/\/api.w.org\/{rel}","templated":true}]}}