{"id":942,"date":"2023-03-16T14:14:10","date_gmt":"2023-03-16T14:14:10","guid":{"rendered":"https:\/\/k-beautyci.com\/?post_type=product&#038;p=942"},"modified":"2024-02-10T16:02:13","modified_gmt":"2024-02-10T16:02:13","slug":"simple-kind-to-skin-moisturising-face-wash-150ml","status":"publish","type":"product","link":"https:\/\/k-beautyci.com\/fr\/produit\/simple-kind-to-skin-moisturising-face-wash-150ml\/","title":{"rendered":"Nettoyant hydratant pour le visage Simple Kind to Skin 150ml"},"content":{"rendered":"<p>Voici le nettoyant hydratant pour le visage Simple Kind to Skin. Dot\u00e9 d'une NOUVELLE formule riche en vitamines, il s'agit du m\u00eame soin doux que vous connaissez et appr\u00e9ciez chez Simple, rendu encore plus efficace pour une peau plus forte, d'apparence saine et lisse.<\/p>\n<p>Les nouveaut\u00e9s ? Avec 2X la pro vitamine B5 et la vitamine E, ce gel-cr\u00e8me moussant, qui nettoie en profondeur, aide la peau \u00e0 devenir plus r\u00e9sistante aux agressions \u00e0 chaque lavage. Sa technologie Pro Amino Acid augmente les niveaux d'acides amin\u00e9s fortifiants naturellement pr\u00e9sents dans la peau, pour une barri\u00e8re cutan\u00e9e hydrat\u00e9e et saine contre les \u00e9l\u00e9ments dess\u00e9chants tels que la pollution.<\/p>\n<p>Mais ce n'est pas tout. Il est \u00e9galement prouv\u00e9 que ce nettoyant pour la peau augmente l'hydratation de la peau de 40 % en une semaine seulement. Vous adorerez la mousse non d\u00e9capante, au pH neutre, qui laisse la peau agr\u00e9ablement propre et agr\u00e9ablement hydrat\u00e9e. Vous pouvez compter sur ce nettoyant pour le visage pour \u00e9liminer jusqu'\u00e0 la derni\u00e8re trace de maquillage, de salet\u00e9 et de crasse - sans cette sensation de peau s\u00e8che et tiraill\u00e9e.<\/p>\n<p>100 % sans savon et rempli d'ingr\u00e9dients ultra-nourrissants, ce nettoyant quotidien convient \u00e0 tous les types de peau et est tr\u00e8s doux, m\u00eame pour les peaux sensibles. Comme tous les produits Simple, notre nettoyant hydratant pour le visage est test\u00e9 sous contr\u00f4le dermatologique, non com\u00e9dog\u00e8ne, ne contient pas de produits chimiques agressifs et est exempt d'alcool, d'huiles min\u00e9rales, de colorants artificiels et de parfums.<\/p>\n<p>&nbsp;<\/p>\n<p>Comment l'utiliser :<\/p>\n<ol>\n<li>Mouiller le visage \u00e0 l'eau ti\u00e8de, presser la quantit\u00e9 dans les mains et faire mousser.<\/li>\n<li>Masser d\u00e9licatement en mouvements circulaires sur la peau humide.<\/li>\n<li>Rincer abondamment \u00e0 l'eau ti\u00e8de et s\u00e9cher en tapotant.<\/li>\n<li>Terminez par l'application d'une cr\u00e8me hydratante simple de votre choix. Pour un r\u00e9sultat optimal, utiliser matin et soir.<\/li>\n<\/ol>\n<p>&nbsp;<\/p>\n<p>Avertissement : Pour usage externe uniquement. Toujours effectuer un test \u00e9picutan\u00e9. Cessez d'utiliser le produit si vous ressentez une quelconque g\u00eane. Suivre les instructions suppl\u00e9mentaires figurant sur l'emballage. Les r\u00e9sultats individuels peuvent varier.<\/p>","protected":false},"excerpt":{"rendered":"<p>Voici le nettoyant hydratant pour le visage Simple Kind to Skin. Dot\u00e9 d'une NOUVELLE formule riche en vitamines, il s'agit du m\u00eame soin doux que vous connaissez et appr\u00e9ciez chez Simple, rendu encore plus efficace pour une peau plus forte, d'apparence saine et lisse.<\/p>","protected":false},"featured_media":943,"comment_status":"open","ping_status":"closed","template":"","meta":{"om_disable_all_campaigns":false},"product_brand":[],"product_cat":[42,35,66,41,36,134],"product_tag":[],"class_list":{"0":"post-942","1":"product","2":"type-product","3":"status-publish","4":"has-post-thumbnail","6":"product_cat-dry-skin","7":"product_cat-face-cleansers","8":"product_cat-normal-combination-skin","9":"product_cat-oily-skin","10":"product_cat-sensitive-skin","11":"product_cat-simple","13":"first","14":"outofstock","15":"shipping-taxable","16":"purchasable","17":"product-type-simple"},"aioseo_notices":[],"jetpack_sharing_enabled":true,"_links":{"self":[{"href":"https:\/\/k-beautyci.com\/fr\/wp-json\/wp\/v2\/product\/942","targetHints":{"allow":["GET"]}}],"collection":[{"href":"https:\/\/k-beautyci.com\/fr\/wp-json\/wp\/v2\/product"}],"about":[{"href":"https:\/\/k-beautyci.com\/fr\/wp-json\/wp\/v2\/types\/product"}],"replies":[{"embeddable":true,"href":"https:\/\/k-beautyci.com\/fr\/wp-json\/wp\/v2\/comments?post=942"}],"wp:featuredmedia":[{"embeddable":true,"href":"https:\/\/k-beautyci.com\/fr\/wp-json\/wp\/v2\/media\/943"}],"wp:attachment":[{"href":"https:\/\/k-beautyci.com\/fr\/wp-json\/wp\/v2\/media?parent=942"}],"wp:term":[{"taxonomy":"product_brand","embeddable":true,"href":"https:\/\/k-beautyci.com\/fr\/wp-json\/wp\/v2\/product_brand?post=942"},{"taxonomy":"product_cat","embeddable":true,"href":"https:\/\/k-beautyci.com\/fr\/wp-json\/wp\/v2\/product_cat?post=942"},{"taxonomy":"product_tag","embeddable":true,"href":"https:\/\/k-beautyci.com\/fr\/wp-json\/wp\/v2\/product_tag?post=942"}],"curies":[{"name":"wp","href":"https:\/\/api.w.org\/{rel}","templated":true}]}}