{"id":9416,"date":"2025-10-09T15:18:44","date_gmt":"2025-10-09T15:18:44","guid":{"rendered":"https:\/\/k-beautyci.com\/?post_type=product&#038;p=9416"},"modified":"2026-01-24T22:07:38","modified_gmt":"2026-01-24T22:07:38","slug":"medicube-pdrn-pink-tone-up-sun-cream","status":"publish","type":"product","link":"https:\/\/k-beautyci.com\/fr\/produit\/medicube-pdrn-pink-tone-up-sun-cream\/","title":{"rendered":"medicube PDRN Pink Tone Up Sun Cream"},"content":{"rendered":"<p>Comment l'utiliser :<\/p>\n<p>\u00c0 la derni\u00e8re \u00e9tape de votre routine de soins de la peau, appliquez une quantit\u00e9 appropri\u00e9e sur votre visage.<\/p>\n<p>Avertissement : Pour usage externe uniquement. Toujours effectuer un test \u00e9picutan\u00e9. Cessez d'utiliser le produit si vous ressentez une quelconque g\u00eane. Suivre les instructions suppl\u00e9mentaires figurant sur l'emballage. Les r\u00e9sultats individuels peuvent varier.<\/p>","protected":false},"excerpt":{"rendered":"<p>Profitez des multiples bienfaits pour votre peau gr\u00e2ce \u00e0 votre soin solaire quotidien avec cette cr\u00e8me solaire tonifiante au PDRN ! Dot\u00e9e d'un indice SPF 50+ PA++++, sa formule prot\u00e8ge la peau contre les rayons UVA et UVB sans laisser de traces blanches. Le PDRN revitalise la peau, tandis que le glutathion et la niacinamide \u00e9claircissent le teint. La formule teint\u00e9e p\u00eache hydrate \u00e9galement la peau.<\/p>","protected":false},"featured_media":9419,"comment_status":"open","ping_status":"closed","template":"","meta":{"om_disable_all_campaigns":false},"product_brand":[],"product_cat":[215,74,238,77],"product_tag":[],"class_list":{"0":"post-9416","1":"product","2":"type-product","3":"status-publish","4":"has-post-thumbnail","6":"product_cat-medicube","7":"product_cat-niacinamide","8":"product_cat-pdrn","9":"product_cat-spf-50","11":"first","12":"instock","13":"shipping-taxable","14":"purchasable","15":"product-type-simple"},"aioseo_notices":[],"jetpack_sharing_enabled":true,"_links":{"self":[{"href":"https:\/\/k-beautyci.com\/fr\/wp-json\/wp\/v2\/product\/9416","targetHints":{"allow":["GET"]}}],"collection":[{"href":"https:\/\/k-beautyci.com\/fr\/wp-json\/wp\/v2\/product"}],"about":[{"href":"https:\/\/k-beautyci.com\/fr\/wp-json\/wp\/v2\/types\/product"}],"replies":[{"embeddable":true,"href":"https:\/\/k-beautyci.com\/fr\/wp-json\/wp\/v2\/comments?post=9416"}],"wp:featuredmedia":[{"embeddable":true,"href":"https:\/\/k-beautyci.com\/fr\/wp-json\/wp\/v2\/media\/9419"}],"wp:attachment":[{"href":"https:\/\/k-beautyci.com\/fr\/wp-json\/wp\/v2\/media?parent=9416"}],"wp:term":[{"taxonomy":"product_brand","embeddable":true,"href":"https:\/\/k-beautyci.com\/fr\/wp-json\/wp\/v2\/product_brand?post=9416"},{"taxonomy":"product_cat","embeddable":true,"href":"https:\/\/k-beautyci.com\/fr\/wp-json\/wp\/v2\/product_cat?post=9416"},{"taxonomy":"product_tag","embeddable":true,"href":"https:\/\/k-beautyci.com\/fr\/wp-json\/wp\/v2\/product_tag?post=9416"}],"curies":[{"name":"wp","href":"https:\/\/api.w.org\/{rel}","templated":true}]}}