{"id":9409,"date":"2025-10-09T15:18:34","date_gmt":"2025-10-09T15:18:34","guid":{"rendered":"https:\/\/k-beautyci.com\/?post_type=product&#038;p=9409"},"modified":"2026-02-03T18:42:22","modified_gmt":"2026-02-03T18:42:22","slug":"medicube-pdrn-pink-caffeine-night-wrapping-mask-75ml","status":"publish","type":"product","link":"https:\/\/k-beautyci.com\/fr\/produit\/medicube-pdrn-pink-caffeine-night-wrapping-mask-75ml\/","title":{"rendered":"medicube PDRN Pink Caffeine Night Wrapping Mask 75ml"},"content":{"rendered":"<p><span class=\"a-list-item\">Comment l'utiliser : <\/span><\/p>\n<p><span class=\"a-list-item\">Comme derni\u00e8re \u00e9tape de votre routine de soins de la peau, utilisez un pinceau en silicone pour appliquer uniform\u00e9ment une couche du masque enveloppant, en \u00e9vitant soigneusement les yeux, les l\u00e8vres, les sourcils et la racine des cheveux. Laissez le masque s\u00e9cher compl\u00e8tement, puis retirez-le d\u00e9licatement ou rincez votre visage \u00e0 l'eau si n\u00e9cessaire.<\/span><\/p>\n<p>Avertissement : Pour usage externe uniquement. Toujours effectuer un test \u00e9picutan\u00e9. Cessez d'utiliser le produit si vous ressentez une quelconque g\u00eane. Suivre les instructions suppl\u00e9mentaires figurant sur l'emballage. Les r\u00e9sultats individuels peuvent varier.<\/p>","protected":false},"excerpt":{"rendered":"<p>Am\u00e9liorez votre rituel de soins personnels gr\u00e2ce \u00e0 un masque rose nacr\u00e9 scintillant qui cr\u00e9e un film lumineux et adh\u00e9rent \u00e0 la peau. Il nourrit en profondeur, laissant votre peau visiblement rafra\u00eechie et \u00e9clatante apr\u00e8s de longues nuits ou des journ\u00e9es fatigantes.<\/p>","protected":false},"featured_media":9415,"comment_status":"open","ping_status":"closed","template":"","meta":{"om_disable_all_campaigns":false},"product_brand":[],"product_cat":[57,52,42,62,215,238],"product_tag":[],"class_list":{"0":"post-9409","1":"product","2":"type-product","3":"status-publish","4":"has-post-thumbnail","6":"product_cat-anti-aging","7":"product_cat-dark-spots","8":"product_cat-dry-skin","9":"product_cat-face-masks","10":"product_cat-medicube","11":"product_cat-pdrn","13":"first","14":"instock","15":"shipping-taxable","16":"purchasable","17":"product-type-simple"},"aioseo_notices":[],"jetpack_sharing_enabled":true,"_links":{"self":[{"href":"https:\/\/k-beautyci.com\/fr\/wp-json\/wp\/v2\/product\/9409","targetHints":{"allow":["GET"]}}],"collection":[{"href":"https:\/\/k-beautyci.com\/fr\/wp-json\/wp\/v2\/product"}],"about":[{"href":"https:\/\/k-beautyci.com\/fr\/wp-json\/wp\/v2\/types\/product"}],"replies":[{"embeddable":true,"href":"https:\/\/k-beautyci.com\/fr\/wp-json\/wp\/v2\/comments?post=9409"}],"wp:featuredmedia":[{"embeddable":true,"href":"https:\/\/k-beautyci.com\/fr\/wp-json\/wp\/v2\/media\/9415"}],"wp:attachment":[{"href":"https:\/\/k-beautyci.com\/fr\/wp-json\/wp\/v2\/media?parent=9409"}],"wp:term":[{"taxonomy":"product_brand","embeddable":true,"href":"https:\/\/k-beautyci.com\/fr\/wp-json\/wp\/v2\/product_brand?post=9409"},{"taxonomy":"product_cat","embeddable":true,"href":"https:\/\/k-beautyci.com\/fr\/wp-json\/wp\/v2\/product_cat?post=9409"},{"taxonomy":"product_tag","embeddable":true,"href":"https:\/\/k-beautyci.com\/fr\/wp-json\/wp\/v2\/product_tag?post=9409"}],"curies":[{"name":"wp","href":"https:\/\/api.w.org\/{rel}","templated":true}]}}